{"id":1549,"date":"2024-09-23T04:24:51","date_gmt":"2024-09-23T04:24:51","guid":{"rendered":"https:\/\/sval.vn\/?post_type=product&#038;p=1549"},"modified":"2024-10-14T14:35:00","modified_gmt":"2024-10-14T14:35:00","slug":"isomax-hps-flange-insulation-sets","status":"publish","type":"product","link":"https:\/\/sval.vn\/vi\/san-pham\/isomax-hps-flange-insulation-sets\/","title":{"rendered":"ISOMAX HPS Flange Insulation Sets"},"content":{"rendered":"<div><strong>V\u1eadt li\u1ec7u<\/strong><\/div>\n<div><\/div>\n<div>L\u00f5i kim lo\u1ea1i: Th\u00e9p kh\u00f4ng g\u1ec9 316<\/div>\n<div>(C\u00f3 s\u1eb5n Duplex &amp; Inconel)<\/div>\n<div>V\u1eadt li\u1ec7u c\u00e1ch \u0111i\u1ec7n gio\u0103ng: Epoxy gia c\u01b0\u1eddng th\u1ee7y tinh G-10 (GRE) theo ti\u00eau chu\u1ea9n (c\u00f3 s\u1eb5n G-11)<\/div>\n<div>V\u1eadt li\u1ec7u l\u00e0m k\u00edn: PTFE c\u00f3 l\u00f2 xo theo ti\u00eau chu\u1ea9n<\/div>\n<div>(C\u00f3 s\u1eb5n Viton)<\/div>\n<div>V\u1eadt li\u1ec7u \u1ed1ng c\u00e1ch \u0111i\u1ec7n: GRE theo ti\u00eau chu\u1ea9n<\/div>\n<div>(C\u00f3 s\u1eb5n Mylar)<\/div>\n<div>V\u1eadt li\u1ec7u v\u00f2ng \u0111\u1ec7m c\u00e1ch \u0111i\u1ec7n GRE (ti\u00eau chu\u1ea9n)<\/div>\n<div>V\u1eadt li\u1ec7u v\u00f2ng \u0111\u1ec7m th\u00e9p Th\u00e9p m\u1ea1 k\u1ebdm theo ti\u00eau chu\u1ea9n<\/div>\n<div>(C\u00f3 s\u1eb5n th\u00e9p kh\u00f4ng g\u1ec9)<\/div>\n<div><\/div>\n<div><strong>\u0110\u1eb7c \u0111i\u1ec3m chung<\/strong><\/div>\n<div><\/div>\n<div>C\u00e1ch \u0111i\u1ec7n m\u1eb7t b\u00edch c\u0169ng nh\u01b0 b\u1ea3o v\u1ec7 cat\u1ed1t<\/div>\n<div>Gi\u1ea3m \u0103n m\u00f2n \u0111i\u1ec7n h\u00f3a \u1edf c\u00e1c v\u1eadt li\u1ec7u kim lo\u1ea1i kh\u00f4ng gi\u1ed1ng nhau \u0111\u01b0\u1ee3c s\u1eed d\u1ee5ng trong c\u00e1c m\u1ed1i n\u1ed1i m\u1eb7t b\u00edch<\/div>\n<div>Cho ph\u00e9p b\u1ecbt k\u00edn hi\u1ec7u qu\u1ea3 c\u00e1c m\u1ed1i n\u1ed1i v\u00f2ng kh\u00f4ng kh\u1edbp v\u1edbi m\u1eb7t b\u00edch c\u00f3 m\u1eb7t nh\u00f4 l\u00ean. HPS s\u1ebd b\u1ecbt k\u00edn trong c\u00e1c \u1ee9ng d\u1ee5ng m\u1ed1i n\u1ed1i v\u00f2ng, m\u1eb7t nh\u00f4 l\u00ean v\u00e0 m\u1eb7t ph\u1eb3ng\/m\u1eb7t b\u00edch tr\u01b0\u1ee3t.<\/div>\n<div>S\u1ebd ch\u1ecbu \u0111\u01b0\u1ee3c m\u00f4i tr\u01b0\u1eddng \u0103n m\u00f2n bao g\u1ed3m CO2, H2S cao v\u00e0 n\u01b0\u1edbc \u0111\u00e3 qua x\u1eed l\u00fd<\/div>\n<div>C\u1ea5u tr\u00fac l\u1ed7 khoan b\u1ea3o v\u1ec7 m\u1eb7t b\u00edch kh\u1ecfi b\u1ecb \u0103n m\u00f2n do m\u00f4i tr\u01b0\u1eddng v\u00e0 x\u00f3i m\u00f2n do d\u00f2ng ch\u1ea3y.<\/div>\n<div>Ph\u1edbt ch\u1ecbu \u00e1p su\u1ea5t cho ph\u00e9p gi\u1ea3m \u1ee9ng su\u1ea5t l\u1eafp r\u00e1p m\u1eb7t b\u00edch<\/div>\n<div>D\u1ec5 d\u00e0ng l\u1eafp \u0111\u1eb7t v\u00e0 th\u00e1o r\u1eddi<\/div>\n<div>B\u1ed9 gi\u1eef ph\u1edbt v\u00e0 ph\u1edbt c\u00f3 th\u1ec3 t\u00e1i s\u1eed d\u1ee5ng<\/div>\n<div>Ph\u00f9 h\u1ee3p v\u1edbi t\u1ea5t c\u1ea3 c\u00e1c m\u1eb7t b\u00edch \u0111\u01b0\u1ee3c x\u1ebfp h\u1ea1ng ANSI v\u00e0 API<\/div>\n<div>V\u1eadt li\u1ec7u nhi\u1ec1u l\u1edbp c\u00f3 \u0111\u1ed9 b\u1ec1n cao gi\u00fap gi\u1ea3m h\u01b0 h\u1ecfng do n\u00e9n qu\u00e1 m\u1ee9c<\/div>\n<div><\/div>\n<div><strong>Thi\u1ebft k\u1ebf HPS<\/strong><\/div>\n<div><\/div>\n<div>Thi\u1ebft k\u1ebf c\u1ee7a gio\u0103ng HPS k\u1ebft h\u1ee3p m\u1ed9t l\u1edbp ph\u1ee7 epoxy gia c\u1ed1 c\u00f3 \u0111\u1ed9 b\u1ec1n cao \u0111\u01b0\u1ee3c li\u00ean k\u1ebft v\u1edbi l\u00f5i th\u00e9p kh\u00f4ng g\u1ec9 316 theo ti\u00eau chu\u1ea9n (c\u00f3 s\u1eb5n c\u00e1c v\u1eadt li\u1ec7u l\u00f5i kh\u00e1c). Thi\u1ebft k\u1ebf n\u00e0y gi\u00fap gio\u0103ng c\u00f3 \u0111\u1ed9 b\u1ec1n c\u1ee7a gio\u0103ng kim lo\u1ea1i truy\u1ec1n th\u1ed1ng \u0111\u1ed3ng th\u1eddi cho ph\u00e9p c\u00e1ch \u0111i\u1ec7n ho\u00e0n to\u00e0n gi\u1eefa c\u00e1c m\u1eb7t b\u00edch.<\/div>\n<div><\/div>\n<div>Ph\u1edbt PTFE c\u00f3 l\u00f2 xo \u0111\u01b0\u1ee3c l\u1eafp v\u00e0o c\u00e1c r\u00e3nh gia c\u00f4ng \u0111\u1ec3 t\u1ea1o ra h\u1ec7 th\u1ed1ng gio\u0103ng k\u00edch ho\u1ea1t b\u1eb1ng \u00e1p su\u1ea5t cho ph\u00e9p HPS \u0111\u01b0\u1ee3c s\u1eed d\u1ee5ng l\u00e0m gio\u0103ng c\u00e1ch \u0111i\u1ec7n \u00e1p su\u1ea5t cao. (V\u00f2ng \u0111\u1ec7m ch\u1eef O Viton c\u0169ng c\u00f3 s\u1eb5n n\u1ebfu \u0111\u01b0\u1ee3c ch\u1ec9 \u0111\u1ecbnh)<\/div>\n<div><\/div>\n<div><strong>C\u00e1ch \u0111i\u1ec7n<\/strong><\/div>\n<div><\/div>\n<div>HPS t\u1ef1 ph\u00e2n bi\u1ec7t b\u1eb1ng c\u00e1ch cung c\u1ea5p kh\u1ea3 n\u0103ng c\u00e1ch \u0111i\u1ec7n m\u1eb7t b\u00edch \u0111i\u1ec7n trong m\u1ed9t gio\u0103ng c\u00f3 \u0111\u1ed9 b\u1ec1n cao. HPS l\u00e0m gi\u1ea3m \u0111\u00e1ng k\u1ec3 kh\u1ea3 n\u0103ng d\u1eabn \u0111i\u1ec7n gi\u1eefa hai m\u1eb7t b\u00edch b\u1eb1ng c\u00e1ch cung c\u1ea5p giao di\u1ec7n kh\u00f4ng d\u1eabn \u0111i\u1ec7n, kh\u00f4ng ph\u1ea3i kim lo\u1ea1i.<\/div>\n<div><\/div>\n<div>\u0110i\u1ec1u n\u00e0y lo\u1ea1i b\u1ecf kh\u1ea3 n\u0103ng \u0103n m\u00f2n ti\u1ec1m \u1ea9n do c\u00e1c kim lo\u1ea1i kh\u00e1c nhau ti\u1ebfp x\u00fac ho\u1eb7c do d\u00f2ng \u0111i\u1ec7n m\u1eb7t \u0111\u1ea5t g\u00e2y ra \u0103n m\u00f2n c\u00e1c th\u00e0nh ph\u1ea7n kim lo\u1ea1i trong h\u1ec7 th\u1ed1ng \u0111\u01b0\u1eddng \u1ed1ng. HPS l\u00e0 h\u1ec7 th\u1ed1ng b\u1ecbt k\u00edn hi\u1ec7u qu\u1ea3 \u0111\u01b0\u1ee3c s\u1eed d\u1ee5ng \u0111\u1ec3 ph\u00e1 v\u1ee1 \u0111\u1ed9 d\u1eabn \u0111i\u1ec7n trong h\u1ec7 th\u1ed1ng \u0111\u01b0\u1eddng \u1ed1ng c\u00f3 b\u1ea3o v\u1ec7 cat\u1ed1t.<\/div>\n<div><\/div>\n<div>L\u00f5i th\u00e9p v\u00e0 k\u1ebft c\u1ea5u c\u1ee7a HPS cho ph\u00e9p mi\u1ebfng \u0111\u1ec7m ch\u1ecbu \u0111\u01b0\u1ee3c \u00e1p su\u1ea5t h\u1ec7 th\u1ed1ng cao h\u01a1n, chu k\u1ef3 \u00e1p su\u1ea5t, m\u00f4-men xo\u1eafn qu\u00e1 m\u1ee9c so v\u1edbi mi\u1ebfng \u0111\u1ec7m c\u00e1ch \u0111i\u1ec7n th\u00f4ng th\u01b0\u1eddng.<\/div>\n<div><\/div>\n<div>B\u1ecbt k\u00edn m\u1eb7t nh\u00f4 l\u00ean v\u1edbi m\u1eb7t b\u00edch kh\u1edbp v\u00f2ng<\/div>\n<div><\/div>\n<div>V\u1ecb tr\u00ed c\u1ee7a c\u00e1c th\u00e0nh ph\u1ea7n b\u1ecbt k\u00edn c\u1ee7a mi\u1ebfng \u0111\u1ec7m HPS \u0111\u01b0\u1ee3c thi\u1ebft k\u1ebf \u0111\u1ec3 ph\u00f9 h\u1ee3p v\u1edbi m\u1eb7t b\u00edch kh\u1edbp v\u00f2ng, m\u1eb7t ph\u1eb3ng v\u00e0 m\u1eb7t nh\u00f4 l\u00ean.<\/div>\n<div><\/div>\n<div>Nh\u1edd thi\u1ebft k\u1ebf n\u00e0y, ch\u00fang t\u00f4i c\u00f3 th\u1ec3 thay th\u1ebf thi\u1ebft k\u1ebf c\u0169 c\u1ee7a mi\u1ebfng \u0111\u1ec7m Phenolic RTJ th\u01b0\u1eddng \u0111\u01b0\u1ee3c g\u1ecdi l\u00e0 Lo\u1ea1i &#8220;Mi\u1ebfng \u0111\u1ec7m kh\u1edbp v\u00f2ng ch\u1eef D&#8221; v\u1ed1n b\u1ecb h\u1ea1n ch\u1ebf v\u1ec1 kh\u1ea3 n\u0103ng ch\u1ecbu \u1ee9ng su\u1ea5t cao ho\u1eb7c t\u1ea3i bu l\u00f4ng qu\u00e1 m\u1ee9c, th\u01b0\u1eddng d\u1eabn \u0111\u1ebfn mi\u1ebfng \u0111\u1ec7m b\u1ecb g\u00e3y, h\u01b0 h\u1ecfng ho\u1eb7c h\u1ecfng h\u00f3c trong qu\u00e1 tr\u00ecnh s\u1eed d\u1ee5ng.<\/div>\n<div><\/div>\n<div>V\u00ec HPS s\u1eed d\u1ee5ng c\u00e1c th\u00e0nh ph\u1ea7n b\u1ecbt k\u00edn \u0111\u01b0\u1ee3c k\u00edch ho\u1ea1t b\u1eb1ng \u00e1p su\u1ea5t \u0111\u01b0\u1ee3c thi\u1ebft k\u1ebf \u0111\u1ec3 \u0111\u1eb7t b\u00ean trong r\u00e3nh v\u00f2ng tr\u00ean m\u1eb7t b\u00edch RTJ n\u00ean n\u00f3 c\u00f3 th\u00eam l\u1ee3i th\u1ebf l\u00e0 cho ph\u00e9p HPS b\u1ecbt k\u00edn RTJ kh\u00f4ng kh\u1edbp v\u1edbi m\u1eb7t nh\u00f4 l\u00ean ho\u1eb7c m\u1eb7t b\u00edch m\u1eb7t ph\u1eb3ng. \u0110i\u1ec1u n\u00e0y c\u00f3 th\u1ec3 mang l\u1ea1i l\u1ee3i \u00edch l\u1edbn cho kh\u00e1ch h\u00e0ng khi thay th\u1ebf m\u1eb7t b\u00edch ho\u1eb7c van b\u1eb1ng h\u00e0ng t\u1ed3n kho hi\u1ec7n t\u1ea1i c\u00f3 th\u1ec3 c\u00f3 m\u1eb7t b\u00edch kh\u00e1c (so v\u1edbi m\u1eb7t b\u00edch gh\u00e9p n\u1ed1i t\u1ea1i ch\u1ed7).<\/div>\n<p><img loading=\"lazy\" decoding=\"async\" class=\"alignnone size-medium wp-image-987453733\" src=\"http:\/\/www.khonglieng.com.sg\/wp-content\/uploads\/Sealing-raised-face-to-ring-joint-flanges-300x300.jpg\" sizes=\"(max-width: 300px) 100vw, 300px\" srcset=\"https:\/\/khonglieng.com.sg\/wp-content\/uploads\/Sealing-raised-face-to-ring-joint-flanges-300x300.jpg 300w, https:\/\/khonglieng.com.sg\/wp-content\/uploads\/Sealing-raised-face-to-ring-joint-flanges-400x400.jpg 400w, https:\/\/khonglieng.com.sg\/wp-content\/uploads\/Sealing-raised-face-to-ring-joint-flanges-100x100.jpg 100w, https:\/\/khonglieng.com.sg\/wp-content\/uploads\/Sealing-raised-face-to-ring-joint-flanges-510x510.jpg 510w, https:\/\/khonglieng.com.sg\/wp-content\/uploads\/Sealing-raised-face-to-ring-joint-flanges-150x150.jpg 150w, https:\/\/khonglieng.com.sg\/wp-content\/uploads\/Sealing-raised-face-to-ring-joint-flanges-768x768.jpg 768w, https:\/\/khonglieng.com.sg\/wp-content\/uploads\/Sealing-raised-face-to-ring-joint-flanges.jpg 1000w\" alt=\"HPS Flange Insulation Sets\" width=\"300\" height=\"300\" \/><\/p>\n<div><strong>C\u00e1c th\u00e0nh ph\u1ea7n c\u1ee7a b\u1ed9 c\u00e1ch nhi\u1ec7t b\u00edch HPS<\/strong><\/div>\n<div><\/div>\n<div>B\u1ed9 gio\u0103ng bao g\u1ed3m c\u00e1c th\u00e0nh ph\u1ea7n sau \u0111\u00e2y \u0111\u01b0\u1ee3c li\u1ec7t k\u00ea b\u00ean d\u01b0\u1edbi:<\/div>\n<div><\/div>\n<div>L\u1edbp c\u00e1ch nhi\u1ec7t: nh\u1ef1a epoxy gia c\u01b0\u1eddng s\u1ee3i th\u1ee7y tinh G-10 ti\u00eau chu\u1ea9n. G11 c\u0169ng c\u00f3 s\u1eb5n theo y\u00eau c\u1ea7u.<\/div>\n<div>Gio\u0103ng: PTFE c\u00f3 l\u00f2 xo (Viton c\u0169ng c\u00f3 s\u1eb5n)<\/div>\n<div>L\u00f5i: Th\u00e9p kh\u00f4ng g\u1ec9 316<\/div>\n<div>\u0110\u1ed9 d\u00e0y ti\u00eau chu\u1ea9n: 7,0 mm.<\/div>\n<div>V\u00f2ng \u0111\u1ec7m c\u00e1ch nhi\u1ec7t: nh\u1ef1a epoxy gia c\u01b0\u1eddng s\u1ee3i th\u1ee7y tinh G-10 (c\u00f3 s\u1eb5n c\u00e1c v\u1eadt li\u1ec7u kh\u00e1c) \u0110\u1ed9 d\u00e0y 3,2 mm, 2 v\u00f2ng \u0111\u1ec7m cho m\u1ed7i bu l\u00f4ng<\/div>\n<div>V\u00f2ng \u0111\u1ec7m th\u00e9p: Th\u00e9p m\u1ea1 k\u1ebdm, \u0111\u1ed9 d\u00e0y 3,2 mm (c\u0169ng c\u00f3 s\u1eb5n v\u00f2ng \u0111\u1ec7m th\u00e9p kh\u00f4ng g\u1ec9) 2 v\u00f2ng \u0111\u1ec7m cho m\u1ed7i bu l\u00f4ng.<\/div>\n<div>\u1ed0ng l\u00f3t c\u00e1ch nhi\u1ec7t: nh\u1ef1a epoxy gia c\u01b0\u1eddng s\u1ee3i th\u1ee7y tinh G10. (Mylar v\u00e0 Nomex c\u0169ng c\u00f3 s\u1eb5n) 1 \u1ed1ng l\u00f3t c\u00e1ch nhi\u1ec7t cho m\u1ed7i bu l\u00f4ng.<\/div>\n<div><\/div>\n<div><strong>Thu\u1ed9c t\u00ednh c\u1ee7a b\u1ed9 c\u00e1ch nhi\u1ec7t<\/strong><\/div>\n<table width=\"855\">\n<tbody>\n<tr>\n<td width=\"150\"><span style=\"font-size: 14.4px;\">Material type:<\/span><\/td>\n<td width=\"306\"><span style=\"font-size: 14.4px;\">G-10 Glass-reinforced epoxy resin<\/span><\/td>\n<td width=\"168\"><span style=\"font-size: 14.4px;\">\u00a0G-11 High temperature resin<\/span><\/td>\n<\/tr>\n<tr>\n<td width=\"150\"><span style=\"font-size: 14.4px;\">Compressive strength:<\/span><\/td>\n<td width=\"306\"><span style=\"font-size: 14.4px;\">50,000psi \u2013 minimum<\/span><\/td>\n<td width=\"168\"><span style=\"font-size: 14.4px;\">50,000psi \u2013 minimum<\/span><\/td>\n<\/tr>\n<tr>\n<td width=\"150\"><span style=\"font-size: 14.4px;\">Dielectric strength:<\/span><\/td>\n<td width=\"306\"><span style=\"font-size: 14.4px;\">24.1-31.5 kV\/mm<\/span><\/td>\n<td width=\"168\"><span style=\"font-size: 14.4px;\">24.0 kV\/mm<\/span><\/td>\n<\/tr>\n<tr>\n<td width=\"150\"><span style=\"font-size: 14.4px;\">Maximum temp:<\/span><\/td>\n<td width=\"306\"><span style=\"font-size: 14.4px;\">150\u00b0C<\/span><\/td>\n<td width=\"168\"><span style=\"font-size: 14.4px;\">200\u00b0C<\/span><\/td>\n<\/tr>\n<tr>\n<td width=\"150\"><span style=\"font-size: 14.4px;\">Water absorption:<\/span><\/td>\n<td width=\"306\"><span style=\"font-size: 14.4px;\">0.1% \u2013 maximum<\/span><\/td>\n<td width=\"168\"><span style=\"font-size: 14.4px;\">0.1% \u2013 maximum<\/span><\/td>\n<\/tr>\n<tr>\n<td width=\"150\"><span style=\"font-size: 14.4px;\">Flexural strength:<\/span><\/td>\n<td width=\"306\"><span style=\"font-size: 14.4px;\">\u00a065,000psi<\/span><\/td>\n<td width=\"168\"><span style=\"font-size: 14.4px;\">57,700psi<\/span><\/td>\n<\/tr>\n<tr>\n<td width=\"150\"><span style=\"font-size: 14.4px;\">Tensile strength:<\/span><\/td>\n<td width=\"306\"><span style=\"font-size: 14.4px;\">50,000psi<\/span><\/td>\n<td width=\"168\"><span style=\"font-size: 14.4px;\">\u00a041,000psi<\/span><\/td>\n<\/tr>\n<tr>\n<td width=\"150\"><span style=\"font-size: 14.4px;\">Temperature range:<\/span><\/td>\n<td width=\"306\"><span style=\"font-size: 14.4px;\">\u2013 130\u00b0C to 150\u00b0C \u00a0(limited by gasket material)<\/span><\/td>\n<td width=\"168\"><span style=\"font-size: 14.4px;\">\u00a0\u2013 46\u00b0C to 200\u00b0C \u00a0(limited by gasket material)<\/span><\/td>\n<\/tr>\n<tr>\n<td width=\"150\"><span style=\"font-size: 14.4px;\">Seal:<\/span><\/td>\n<td width=\"306\"><span style=\"font-size: 14.4px;\">Spring-energised PTFE (Viton rubber also available)<\/span><\/td>\n<\/tr>\n<\/tbody>\n<\/table>","protected":false},"excerpt":{"rendered":"<p>HPS l\u00e0 mi\u1ebfng \u0111\u1ec7m b\u00edch c\u00f3 \u0111\u1ed9 b\u1ec1n cao v\u00e0 \u0111\u1ed9 tin c\u1eady cao \u0111\u01b0\u1ee3c thi\u1ebft k\u1ebf \u0111\u1ec3 c\u00e1ch \u0111i\u1ec7n v\u00e0 b\u1ecbt k\u00edn trong c\u00e1c \u1ee9ng d\u1ee5ng d\u1ecbch v\u1ee5 r\u1ea5t quan tr\u1ecdng. Mi\u1ebfng \u0111\u1ec7m \u0111\u01b0\u1ee3c s\u1ea3n xu\u1ea5t b\u1eb1ng v\u1eadt li\u1ec7u gi\u1eef mi\u1ebfng \u0111\u1ec7m composite \u0111\u01b0\u1ee3c li\u00ean k\u1ebft v\u1edbi l\u00f5i kim lo\u1ea1i c\u00f3 \u0111\u1ed9 to\u00e0n v\u1eb9n cao, th\u00e9p kh\u00f4ng g\u1ec9 316 l\u00e0 ti\u00eau chu\u1ea9n. Mi\u1ebfng \u0111\u1ec7m PTFE c\u00f3 l\u00f2 xo cung c\u1ea5p kh\u1ea3 n\u0103ng b\u1ecbt k\u00edn tuy\u1ec7t v\u1eddi ngay c\u1ea3 \u1edf t\u1ea3i tr\u1ecdng th\u1ea5p.<\/p>\n<p>&nbsp;<\/p>\n<p>Mi\u1ebfng \u0111\u1ec7m HPS l\u00e0 mi\u1ebfng \u0111\u1ec7m c\u00f3 \u0111\u1ed9 tin c\u1eady cao \u0111\u01b0\u1ee3c s\u1eed d\u1ee5ng cho c\u1ea3 \u1ee9ng d\u1ee5ng c\u00e1ch \u0111i\u1ec7n v\u00e0 b\u1ecbt k\u00edn chung<\/p>\n<p>HPS ph\u00f9 h\u1ee3p v\u1edbi m\u1ecdi d\u1ecbch v\u1ee5 l\u00ean \u0111\u1ebfn v\u00e0 bao g\u1ed3m c\u00e1c l\u1edbp ANSI 2500# v\u00e0 API 15.000#.<\/p>\n<p>M\u1ed7i b\u1ed9 c\u00e1ch nhi\u1ec7t HPS bao g\u1ed3m m\u1ed9t mi\u1ebfng \u0111\u1ec7m c\u00e1ch \u0111i\u1ec7n trung t\u00e2m, m\u1ed9t \u1ed1ng c\u00e1ch \u0111i\u1ec7n cho m\u1ed7i bu l\u00f4ng v\u00e0 hai v\u00f2ng \u0111\u1ec7m th\u00e9p m\u1ea1 v\u00e0 hai v\u00f2ng \u0111\u1ec7m c\u00e1ch \u0111i\u1ec7n cho m\u1ed7i bu l\u00f4ng.<\/p>\n<p><img loading=\"lazy\" decoding=\"async\" class=\"alignnone size-medium wp-image-987453774\" src=\"http:\/\/www.khonglieng.com.sg\/wp-content\/uploads\/ISOMAX-HPS-Xsection-300x133.png\" alt=\"ISOMAX HPS Xsection\" width=\"300\" height=\"133\" \/><\/p>\n","protected":false},"featured_media":1550,"template":"","meta":[],"product_cat":[254,240],"product_tag":[],"class_list":{"0":"post-1549","1":"product","2":"type-product","3":"status-publish","4":"has-post-thumbnail","6":"product_cat-insulation-gaskets","7":"product_cat-klinger","9":"first","10":"instock","11":"shipping-taxable","12":"product-type-simple"},"_links":{"self":[{"href":"https:\/\/sval.vn\/vi\/wp-json\/wp\/v2\/product\/1549"}],"collection":[{"href":"https:\/\/sval.vn\/vi\/wp-json\/wp\/v2\/product"}],"about":[{"href":"https:\/\/sval.vn\/vi\/wp-json\/wp\/v2\/types\/product"}],"wp:featuredmedia":[{"embeddable":true,"href":"https:\/\/sval.vn\/vi\/wp-json\/wp\/v2\/media\/1550"}],"wp:attachment":[{"href":"https:\/\/sval.vn\/vi\/wp-json\/wp\/v2\/media?parent=1549"}],"wp:term":[{"taxonomy":"product_cat","embeddable":true,"href":"https:\/\/sval.vn\/vi\/wp-json\/wp\/v2\/product_cat?post=1549"},{"taxonomy":"product_tag","embeddable":true,"href":"https:\/\/sval.vn\/vi\/wp-json\/wp\/v2\/product_tag?post=1549"}],"curies":[{"name":"wp","href":"https:\/\/api.w.org\/{rel}","templated":true}]}}