{"id":1546,"date":"2024-09-23T04:23:33","date_gmt":"2024-09-23T04:23:33","guid":{"rendered":"https:\/\/sval.vn\/?post_type=product&#038;p=1546"},"modified":"2024-10-14T14:26:47","modified_gmt":"2024-10-14T14:26:47","slug":"flange-insulation-sets","status":"publish","type":"product","link":"https:\/\/sval.vn\/vi\/san-pham\/flange-insulation-sets\/","title":{"rendered":"Flange Insulation Sets"},"content":{"rendered":"<div><strong>Ch\u1ee9c n\u0103ng ch\u00ednh c\u1ee7a gio\u0103ng c\u00e1ch \u0111i\u1ec7n:<\/strong><\/div>\n<div><\/div>\n<div>\u0110\u01b0\u1ee3c s\u1eed d\u1ee5ng \u0111\u1ec3 c\u00e1ch \u0111i\u1ec7n c\u00e1c ph\u1ea7n c\u1ee7a \u0111\u01b0\u1eddng \u1ed1ng<\/div>\n<div>\u0110\u01b0\u1ee3c thi\u1ebft k\u1ebf \u0111\u1ec3 gi\u1ea3m thi\u1ec3u s\u1ef1 x\u00f3i m\u00f2n \u0111i\u1ec7n h\u00f3a<\/div>\n<div>Bao g\u1ed3m c\u00e1c v\u1eadt li\u1ec7u c\u00f3 \u0111\u1ed9 b\u1ec1n \u0111i\u1ec7n m\u00f4i cao<\/div>\n<div>\u0110\u01b0\u1ee3c s\u1ea3n xu\u1ea5t \u0111\u1ec3 ph\u00f9 h\u1ee3p v\u1edbi c\u00e1c m\u1ed1i n\u1ed1i b\u00edch theo ti\u00eau chu\u1ea9n ASME, BS, DIN v\u00e0 thi\u1ebft k\u1ebf c\u1ee7a kh\u00e1ch h\u00e0ng<\/div>\n<div><span style=\"font-size: 140%;\"><strong>Ki\u1ec3u E \u2013 B\u1ed9 l\u1eafp r\u00e1p c\u00e1ch \u0111i\u1ec7n gio\u0103ng to\u00e0n m\u1eb7t<\/strong><\/span><\/div>\n<p><img loading=\"lazy\" decoding=\"async\" class=\"alignnone wp-image-987452959 \" src=\"http:\/\/www.khonglieng.com.sg\/wp-content\/uploads\/31.-Style-E.jpg\" alt=\"Style E\" width=\"538\" height=\"511\" \/><\/p>\n<div>Ph\u00f9 h\u1ee3p v\u1edbi m\u1eb7t b\u00edch ph\u1eb3ng v\u00e0 m\u1eb7t b\u00edch nh\u00f4 l\u00ean. Ki\u1ec3u n\u00e0y gi\u1ea3m thi\u1ec3u s\u1ef1 x\u00e2m nh\u1eadp c\u1ee7a v\u1eadt l\u1ea1 d\u1eabn \u0111i\u1ec7n v\u00e0 gi\u1ea3m nguy c\u01a1 b\u1eafc c\u1ea7u.<\/div>\n<div><\/div>\n<div>Th\u01b0\u1eddng \u0111\u01b0\u1ee3c s\u1eed d\u1ee5ng tr\u00ean d\u1ea7u v\u00e0 hydrocarbon, n\u01a1i y\u00eau c\u1ea7u c\u00e1ch \u0111i\u1ec7n m\u1eb7t b\u00edch. \u0110\u01b0\u1ee3c s\u1ea3n xu\u1ea5t t\u1eeb \u200b\u200bv\u1eadt li\u1ec7u c\u00f3 \u0111\u1ed9 b\u1ec1n \u0111i\u1ec7n m\u00f4i cao \u0111\u1ec3 \u0111\u1ea3m b\u1ea3o ti\u1ebfp x\u00fac \u0111i\u1ec7n t\u1ed1i thi\u1ec3u gi\u1eefa c\u00e1c m\u1eb7t b\u00edch<\/div>\n<div><\/div>\n<div><span style=\"font-size: 130%;\"><strong>Ki\u1ec3u F \u2013 B\u1ed9 l\u1eafp r\u00e1p c\u00e1ch \u0111i\u1ec7n mi\u1ebfng \u0111\u1ec7m \u0111\u1ecbnh v\u1ecb bu l\u00f4ng b\u00ean trong<\/strong><\/span><\/div>\n<p><img loading=\"lazy\" decoding=\"async\" class=\"alignnone wp-image-987452958 \" src=\"http:\/\/www.khonglieng.com.sg\/wp-content\/uploads\/32.-Style-F.jpg\" alt=\"Style E\" width=\"492\" height=\"461\" \/><\/p>\n<div>S\u1eed d\u1ee5ng mi\u1ebfng \u0111\u1ec7m RF n\u1eb1m \u1edf v\u1ecb tr\u00ed trung t\u00e2m b\u00ean trong bu l\u00f4ng Th\u01b0\u1eddng \u0111\u01b0\u1ee3c s\u1eed d\u1ee5ng tr\u00ean d\u1ea7u v\u00e0 hydrocarbon, n\u01a1i y\u00eau c\u1ea7u c\u00e1ch \u0111i\u1ec7n m\u1eb7t b\u00edch. \u0110\u01b0\u1ee3c s\u1ea3n xu\u1ea5t t\u1eeb \u200b\u200bv\u1eadt li\u1ec7u c\u00f3 \u0111\u1ed9 b\u1ec1n \u0111i\u1ec7n m\u00f4i cao \u0111\u1ec3 \u0111\u1ea3m b\u1ea3o ti\u1ebfp x\u00fac \u0111i\u1ec7n t\u1ed1i thi\u1ec3u gi\u1eefa c\u00e1c m\u1eb7t b\u00edch<\/div>\n<div><\/div>\n<div><span style=\"font-size: 130%;\"><strong>Ki\u1ec3u D \u2013 Mi\u1ebfng \u0111\u1ec7m kh\u1edbp v\u00f2ng<\/strong><\/span><\/div>\n<p><img loading=\"lazy\" decoding=\"async\" class=\"alignnone wp-image-987452957 \" src=\"http:\/\/www.khonglieng.com.sg\/wp-content\/uploads\/33.-Style-D.jpg\" sizes=\"(max-width: 494px) 100vw, 494px\" srcset=\"https:\/\/khonglieng.com.sg\/wp-content\/uploads\/33.-Style-D.jpg 800w, https:\/\/khonglieng.com.sg\/wp-content\/uploads\/33.-Style-D-400x400.jpg 400w, https:\/\/khonglieng.com.sg\/wp-content\/uploads\/33.-Style-D-100x100.jpg 100w, https:\/\/khonglieng.com.sg\/wp-content\/uploads\/33.-Style-D-510x510.jpg 510w, https:\/\/khonglieng.com.sg\/wp-content\/uploads\/33.-Style-D-150x150.jpg 150w, https:\/\/khonglieng.com.sg\/wp-content\/uploads\/33.-Style-D-300x300.jpg 300w, https:\/\/khonglieng.com.sg\/wp-content\/uploads\/33.-Style-D-768x768.jpg 768w\" alt=\"Style D\" width=\"494\" height=\"494\" \/><\/p>\n<div>Gio\u0103ng kh\u1edbp n\u1ed1i lo\u1ea1i v\u00f2ng phenolic gia c\u1ed1. C\u00f3 s\u1eb5n v\u1edbi nhi\u1ec1u l\u1ef1a ch\u1ecdn \u1ed1ng l\u00f3t v\u00e0 v\u00f2ng \u0111\u1ec7m c\u00e1ch \u0111i\u1ec7n: Tr\u1eeb khi c\u00f3 quy \u0111\u1ecbnh kh\u00e1c, phenolic gia c\u1ed1 s\u1ebd \u0111\u01b0\u1ee3c cung c\u1ea5p. C\u00e1c v\u1eadt li\u1ec7u kh\u00e1c theo y\u00eau c\u1ea7u. Ph\u1ea3i c\u1ea9n th\u1eadn trong qu\u00e1 tr\u00ecnh l\u1eafp \u0111\u1eb7t gio\u0103ng n\u00e0y \u0111\u1ec3 gio\u0103ng kh\u00f4ng b\u1ecb qu\u00e1 c\u0103ng trong qu\u00e1 tr\u00ecnh bu l\u00f4ng.<\/div>\n<div><\/div>\n<div><span style=\"font-size: 130%;\"><strong>Gio\u0103ng c\u00e1ch \u0111i\u1ec7n PTFE l\u00f2 xo \u00e1p su\u1ea5t cao<\/strong><\/span><\/div>\n<p><img loading=\"lazy\" decoding=\"async\" class=\"alignnone wp-image-987453619 size-medium\" src=\"http:\/\/www.khonglieng.com.sg\/wp-content\/uploads\/High-Pressure-Spring-Energised-PTFE-Insulation-Gasket-300x73.jpg\" sizes=\"(max-width: 300px) 100vw, 300px\" srcset=\"https:\/\/khonglieng.com.sg\/wp-content\/uploads\/High-Pressure-Spring-Energised-PTFE-Insulation-Gasket-300x73.jpg 300w, https:\/\/khonglieng.com.sg\/wp-content\/uploads\/High-Pressure-Spring-Energised-PTFE-Insulation-Gasket-510x124.jpg 510w, https:\/\/khonglieng.com.sg\/wp-content\/uploads\/High-Pressure-Spring-Energised-PTFE-Insulation-Gasket-768x186.jpg 768w, https:\/\/khonglieng.com.sg\/wp-content\/uploads\/High-Pressure-Spring-Energised-PTFE-Insulation-Gasket.jpg 800w\" alt=\"High Pressure Spring Energised PTFE Insulation Gasket\" width=\"300\" height=\"73\" \/><\/p>\n<div>Gio\u0103ng n\u00e0y l\u00e0 lo\u1ea1i gio\u0103ng c\u00f3 \u0111\u1ed9 tin c\u1eady cao \u0111\u01b0\u1ee3c s\u1eed d\u1ee5ng cho c\u1ea3 m\u1ee5c \u0111\u00edch c\u00e1ch \u0111i\u1ec7n v\u00e0 b\u1ecbt k\u00edn chung trong c\u00e1c d\u1ecbch v\u1ee5 r\u1ea5t quan tr\u1ecdng. Gio\u0103ng ph\u00f9 h\u1ee3p v\u1edbi m\u1ecdi d\u1ecbch v\u1ee5 l\u00ean \u0111\u1ebfn v\u00e0 bao g\u1ed3m c\u00e1c l\u1edbp ANSI 2500# v\u00e0 API 15.000#. Gio\u0103ng \u0111\u01b0\u1ee3c s\u1ea3n xu\u1ea5t t\u1eeb \u200b\u200bl\u00f5i kim lo\u1ea1i gia c\u00f4ng v\u1edbi c\u00e1c m\u1eb7t c\u00e1ch \u0111i\u1ec7n b\u1eb1ng nh\u1ef1a epoxy gia c\u1ed1 s\u1ee3i th\u1ee7y tinh c\u01b0\u1eddng \u0111\u1ed9 cao.<\/div>\n<div><\/div>\n<div>\u0110\u01b0\u1ee3c cung c\u1ea5p v\u1edbi c\u00e1c v\u00f2ng \u0111\u1ec7m v\u00e0 \u1ed1ng l\u00f3t c\u00e1ch \u0111i\u1ec7n G10 c\u01b0\u1eddng \u0111\u1ed9 cao \u0111\u1ec3 ch\u1ed1ng l\u1ea1i c\u00e1c l\u1ef1c c\u00f3 trong c\u00e1c \u1ee9ng d\u1ee5ng \u00e1p su\u1ea5t cao v\u00e0 c\u00e1c v\u00f2ng \u0111\u1ec7m b\u1eb1ng th\u00e9p cacbon m\u1ea1 k\u1ebdm \u0111\u1ec3 ph\u00e2n t\u00e1n t\u1ea3i tr\u1ecdng tr\u00ean c\u00e1c v\u00f2ng \u0111\u1ec7m c\u00e1ch \u0111i\u1ec7n trong qu\u00e1 tr\u00ecnh l\u1eafp \u0111\u1eb7t.<\/div>\n<div><\/div>\n<div>C\u00f3 s\u1eb5n c\u00e1c th\u00e0nh ph\u1ea7n b\u1ecbt k\u00edn PTFE ho\u1eb7c Viton c\u00f3 l\u00f2 xo L\u00f5i kim lo\u1ea1i ch\u1ed1ng \u0103n m\u00f2n. C\u0169ng c\u00f3 s\u1eb5n v\u1edbi c\u00e1c m\u1eb7t ch\u1ecbu nhi\u1ec7t \u0111\u1ed9 cao \u0111\u01b0\u1ee3c s\u1ea3n xu\u1ea5t t\u1eeb \u200b\u200bnh\u1ef1a epoxy G-11.<\/div>\n<div><\/div>\n<div>C\u0169ng c\u00f3 s\u1eb5n theo ki\u1ec3u VCFS, an to\u00e0n ch\u00e1y theo API 6FB.<\/div>\n<div><\/div>\n<div>D\u1ef1a tr\u00ean thi\u1ebft k\u1ebf VCS v\u00e0 \u0111\u01b0\u1ee3c s\u1ea3n xu\u1ea5t v\u1edbi l\u00f5i th\u00e9p kh\u00f4ng g\u1ec9 v\u1edbi c\u00e1c m\u1eb7t ph\u1ee7 epoxy gia c\u1ed1 s\u1ee3i th\u1ee7y tinh v\u1edbi l\u1edbp \u0111\u1ec7m PTFE c\u00f3 l\u00f2 xo.<\/div>\n<div><\/div>\n<div>Gio\u0103ng VCSF c\u00f3 th\u00eam m\u1ed9t v\u00f2ng E ph\u1ee7 an to\u00e0n ch\u00e1y. VCFS c\u00f3 th\u1ec3 \u0111\u01b0\u1ee3c s\u1eed d\u1ee5ng tr\u00ean c\u1ea3 m\u1eb7t b\u00edch nh\u00f4 l\u00ean v\u00e0 m\u1eb7t b\u00edch RTJ.<\/div>\n<div><\/div>\n<div>Th\u00f4<strong>ng s\u1ed1 k\u1ef9 thu\u1eadt cho b\u1ed9 gio\u0103ng c\u00e1ch nhi\u1ec7t do Klinger s\u1ea3n xu\u1ea5t<\/strong><\/div>\n<table>\n<tbody>\n<tr>\n<td>Component<\/td>\n<td>1<\/td>\n<td>2<\/td>\n<td>3<\/td>\n<td>4<\/td>\n<td>5<\/td>\n<td>6<\/td>\n<\/tr>\n<tr>\n<td>Dielectric Strength 1 kV\/mm<\/td>\n<td>19.8<\/td>\n<td>7.8<\/td>\n<td>5.5<\/td>\n<td>16.6<\/td>\n<td>5.87*<\/td>\n<td>13.9*<\/td>\n<\/tr>\n<tr>\n<td>Water Absorption %<\/td>\n<td>1.6<\/td>\n<td>1.0<\/td>\n<td>1.0<\/td>\n<td>10.6<\/td>\n<td>0.5<\/td>\n<td>0.5<\/td>\n<\/tr>\n<tr>\n<td>Max. Operating Temp. \u00b0C<\/td>\n<td>107<\/td>\n<td>107<\/td>\n<td>107<\/td>\n<td>400<\/td>\n<td>260<\/td>\n<td>260<\/td>\n<\/tr>\n<\/tbody>\n<\/table>\n<div>Ki\u1ec3m tra theo ASTM D149 trong d\u1ea7u m\u00e1y bi\u1ebfn \u00e1p. \u0110\u1ec3 chuy\u1ec3n \u0111\u1ed5i t\u1eeb kV\/mm sang V\/mil, h\u00e3y nh\u00e2n v\u1edbi 25,4. *Ki\u1ec3m tra theo ASTM D149 trong kh\u00f4ng kh\u00ed.<\/div>\n<div>Nhi\u1ec7t \u0111\u1ed9 t\u1ed1i \u0111a \u0111\u01b0\u1ee3c khuy\u1ebfn ngh\u1ecb trong kh\u00f4ng kh\u00ed cho m\u1ee5c \u0111\u00edch c\u00e1ch \u0111i\u1ec7n.<\/div>\n<div><\/div>\n<div><strong>V\u1eadt li\u1ec7u th\u00e0nh ph\u1ea7n<\/strong><\/div>\n<div><\/div>\n<div>1 Gio\u0103ng ph\u1eb3ng lo\u1ea1i E v\u00e0 F d\u00e0y 3,2mm ph\u1ee7 phenolic<\/div>\n<div><\/div>\n<div>2 V\u00f2ng \u0111\u1ec7m c\u00e1ch \u0111i\u1ec7n d\u00e0y 3,2mm b\u1eb1ng phenolic gia c\u1ed1<\/div>\n<div><\/div>\n<div>3 \u1ed0ng c\u00e1ch \u0111i\u1ec7n d\u00e0y 0,8mm b\u1eb1ng phenolic<\/div>\n<div><\/div>\n<div>4 Gio\u0103ng ph\u1eb3ng lo\u1ea1i E v\u00e0 F d\u00e0y 3,0mm KLINGERSIL\u00aeC-4430. An to\u00e0n ch\u00e1y n\u1ed5<\/div>\n<div><\/div>\n<div>5 Gio\u0103ng ph\u1eb3ng lo\u1ea1i E v\u00e0 F d\u00e0y 3,0mm KLIGER\u00aetop-chem 2000. An to\u00e0n ch\u00e1y n\u1ed5<\/div>\n<div><\/div>\n<div>6 Gio\u0103ng ph\u1eb3ng lo\u1ea1i E v\u00e0 F d\u00e0y 3,0mm KLINGER\u00aetop-chem 2003.<\/div>","protected":false},"excerpt":{"rendered":"<p>B\u1ed9 c\u00e1ch nhi\u1ec7t \u0111\u01b0\u1ee3c s\u1eed d\u1ee5ng \u0111\u1ec3 h\u1ea1n ch\u1ebf \u0103n m\u00f2n trong h\u1ec7 th\u1ed1ng \u0111\u01b0\u1eddng \u1ed1ng. Khi c\u00f3 kim lo\u1ea1i kh\u00f4ng gi\u1ed1ng nhau, b\u1ed9 c\u00e1ch nhi\u1ec7t s\u1ebd lo\u1ea1i b\u1ecf kh\u1ea3 n\u0103ng h\u1ec7 th\u1ed1ng ho\u1ea1t \u0111\u1ed9ng nh\u01b0 m\u1ed9t \u00f4 m\u1ea1 \u0111i\u1ec7n v\u00e0 gi\u1ea3m nguy c\u01a1 \u0103n m\u00f2n m\u1ea1 \u0111i\u1ec7n c\u1ee7a \u0111\u01b0\u1eddng \u1ed1ng. B\u1ed9 c\u00e1ch nhi\u1ec7t c\u0169ng \u0111\u01b0\u1ee3c s\u1eed d\u1ee5ng \u0111\u1ec3 c\u00f4 l\u1eadp c\u00e1c h\u1ec7 th\u1ed1ng \u0111\u01b0\u1eddng \u1ed1ng \u0111\u01b0\u1ee3c b\u1ea3o v\u1ec7 b\u1eb1ng cat\u1ed1t, n\u01a1i ch\u00fang ng\u0103n ch\u1eb7n d\u00f2ng \u0111i\u1ec7n t\u00edch t\u0129nh \u0111i\u1ec7n.<\/p>\n<p>M\u1ed7i b\u1ed9 c\u00e1ch nhi\u1ec7t m\u1eb7t b\u00edch bao g\u1ed3m m\u1ed9t mi\u1ebfng \u0111\u1ec7m ph\u1eb3ng ho\u1eb7c h\u00ecnh b\u1ea7u d\u1ee5c \u1edf gi\u1eefa, c\u1ed9ng v\u1edbi m\u1ed9t \u1ed1ng c\u00e1ch nhi\u1ec7t, hai v\u00f2ng \u0111\u1ec7m th\u00e9p m\u1ea1 v\u00e0 hai v\u00f2ng \u0111\u1ec7m c\u00e1ch nhi\u1ec7t cho m\u1ed7i bu l\u00f4ng. C\u00e1c b\u1ed9 \u0111\u01b0\u1ee3c \u0111\u00f3ng g\u00f3i ri\u00eang l\u1ebb v\u00e0 d\u00e1n nh\u00e3n r\u00f5 r\u00e0ng v\u1edbi \u0111\u1ecbnh m\u1ee9c m\u1eb7t b\u00edch, k\u00edch th\u01b0\u1edbc, lo\u1ea1i v\u00e0 k\u1ebft h\u1ee3p v\u1eadt li\u1ec7u.<\/p>\n","protected":false},"featured_media":1547,"template":"","meta":[],"product_cat":[254,240],"product_tag":[],"class_list":{"0":"post-1546","1":"product","2":"type-product","3":"status-publish","4":"has-post-thumbnail","6":"product_cat-insulation-gaskets","7":"product_cat-klinger","9":"first","10":"instock","11":"shipping-taxable","12":"product-type-simple"},"_links":{"self":[{"href":"https:\/\/sval.vn\/vi\/wp-json\/wp\/v2\/product\/1546"}],"collection":[{"href":"https:\/\/sval.vn\/vi\/wp-json\/wp\/v2\/product"}],"about":[{"href":"https:\/\/sval.vn\/vi\/wp-json\/wp\/v2\/types\/product"}],"wp:featuredmedia":[{"embeddable":true,"href":"https:\/\/sval.vn\/vi\/wp-json\/wp\/v2\/media\/1547"}],"wp:attachment":[{"href":"https:\/\/sval.vn\/vi\/wp-json\/wp\/v2\/media?parent=1546"}],"wp:term":[{"taxonomy":"product_cat","embeddable":true,"href":"https:\/\/sval.vn\/vi\/wp-json\/wp\/v2\/product_cat?post=1546"},{"taxonomy":"product_tag","embeddable":true,"href":"https:\/\/sval.vn\/vi\/wp-json\/wp\/v2\/product_tag?post=1546"}],"curies":[{"name":"wp","href":"https:\/\/api.w.org\/{rel}","templated":true}]}}