{"id":1544,"date":"2024-09-23T03:22:41","date_gmt":"2024-09-23T03:22:41","guid":{"rendered":"https:\/\/sval.vn\/?post_type=product&#038;p=1544"},"modified":"2024-10-17T06:29:35","modified_gmt":"2024-10-17T06:29:35","slug":"borosilicate-guage-glasses-circular-sight-reflex-and-transparent-glasses","status":"publish","type":"product","link":"https:\/\/sval.vn\/vi\/san-pham\/borosilicate-guage-glasses-circular-sight-reflex-and-transparent-glasses\/","title":{"rendered":"Borosilicate Guage Glasses \u2013 Circular Sight, Reflex and Transparent Glasses"},"content":{"rendered":"<h4><strong>Circular Sight Glasses<\/strong><\/h4>\n<p><img loading=\"lazy\" decoding=\"async\" class=\"alignnone wp-image-987453315\" src=\"http:\/\/www.khonglieng.com.sg\/wp-content\/uploads\/circular-sight-glasses.jpg\" alt=\"Circular Sight Glasses\" width=\"391\" height=\"498\" \/><\/p>\n<p>K\u00ednh \u0111o Borosilicate \u2013 K\u00ednh ng\u1eafm tr\u00f2n, K\u00ednh ph\u1ea3n x\u1ea1 v\u00e0 K\u00ednh trong su\u1ed1t<\/p>\n<p>K\u00ednh ng\u1eafm tr\u00f2n, K\u00ednh ph\u1ea3n x\u1ea1 v\u00e0 K\u00ednh trong su\u1ed1t c\u1ee7a ch\u00fang t\u00f4i \u0111\u01b0\u1ee3c s\u1ea3n xu\u1ea5t \u0111\u1ec3 ch\u1ecbu \u0111\u01b0\u1ee3c \u00e1p su\u1ea5t v\u00e0 nhi\u1ec7t \u0111\u1ed9 cao.<\/p>\n<p>K\u00ednh quan s\u00e1t h\u00ecnh tr\u00f2n<\/p>\n<p>\u0110\u00fac \u2013 m\u00e0i \u2013 \u0111\u00e1nh b\u00f3ng \u2013 \u1ee9ng su\u1ea5t nhi\u1ec7t tr\u01b0\u1edbc<\/p>\n<p>\u0110\u01b0\u1eddng k\u00ednh [mm]: T\u1eeb 31,75 \u0111\u1ebfn 200<\/p>\n<p>\u0110\u1ed9 d\u00e0y [mm]: T\u1eeb 12,7 \u0111\u1ebfn 20<\/p>\n<p>Ph\u1ea1m vi \u00e1p su\u1ea5t l\u00e0m vi\u1ec7c [bar]: L\u00ean \u0111\u1ebfn 175 bar<\/p>\n<p>&nbsp;<\/p>\n<p><strong>Ph\u1ea1m vi nhi\u1ec7t \u0111\u1ed9 ho\u1ea1t \u0111\u1ed9ng:<\/strong><\/p>\n<p>T\u1eeb -271\u00b0C \u0111\u1ebfn 356\u00b0C (-273\u00b0C)<\/p>\n<p>Kh\u1ea3 n\u0103ng ch\u1ed1ng h\u00f3a ch\u1ea5t:<\/p>\n<p>Kh\u1ea3 n\u0103ng ch\u1ed1ng ki\u1ec1m: Lo\u1ea1i 2 (\u0111\u00e3 th\u1eed nghi\u1ec7m theo ti\u00eau chu\u1ea9n ISO 675)<\/p>\n<p>Kh\u1ea3 n\u0103ng ch\u1ed1ng n\u01b0\u1edbc: Lo\u1ea1i 1 (\u0111\u00e3 th\u1eed nghi\u1ec7m theo ti\u00eau chu\u1ea9n ISO 719)<\/p>\n<p>Kh\u1ea3 n\u0103ng ch\u1ed1ng axit: Lo\u1ea1i 1 (\u0111\u00e3 th\u1eed nghi\u1ec7m theo ti\u00eau chu\u1ea9n ISO 12116)<\/p>\n<p>B\u1ed9 gio\u0103ng v\u00e0 mica c\u00f3 s\u1eb5n \u0111\u1ec3 \u1ee9ng d\u1ee5ng trong \u0111\u1ed3ng h\u1ed3 \u0111o h\u01a1i \u00e1p su\u1ea5t cao K\u00ednh \u0111o, \u0111\u01b0\u1ee3c v\u1eadn h\u00e0nh \u1edf \u00e1p su\u1ea5t h\u01a1i tr\u00ean 35 bar ho\u1eb7c v\u1edbi m\u00f4i tr\u01b0\u1eddng g\u00e2y m\u00e0i m\u00f2n k\u00ednh nhanh, ph\u1ea3i \u0111\u01b0\u1ee3c b\u1ea3o v\u1ec7 b\u1eb1ng t\u1ea5m ch\u1eafn mica.<\/p>\n<p>&nbsp;<\/p>\n<p><strong>K\u00ednh ph\u1ea3n x\u1ea1 v\u00e0 trong su\u1ed1t<\/strong><\/p>\n<p><img loading=\"lazy\" decoding=\"async\" class=\"alignnone wp-image-987453316\" src=\"http:\/\/www.khonglieng.com.sg\/wp-content\/uploads\/reflex-glasses.jpg\" sizes=\"(max-width: 398px) 100vw, 398px\" srcset=\"https:\/\/khonglieng.com.sg\/wp-content\/uploads\/reflex-glasses.jpg 800w, https:\/\/khonglieng.com.sg\/wp-content\/uploads\/reflex-glasses-400x400.jpg 400w, https:\/\/khonglieng.com.sg\/wp-content\/uploads\/reflex-glasses-100x100.jpg 100w, https:\/\/khonglieng.com.sg\/wp-content\/uploads\/reflex-glasses-510x510.jpg 510w, https:\/\/khonglieng.com.sg\/wp-content\/uploads\/reflex-glasses-150x150.jpg 150w, https:\/\/khonglieng.com.sg\/wp-content\/uploads\/reflex-glasses-300x300.jpg 300w, https:\/\/khonglieng.com.sg\/wp-content\/uploads\/reflex-glasses-768x768.jpg 768w\" alt=\"Reflex Glasses\" width=\"398\" height=\"398\" \/><\/p>\n<p>&nbsp;<\/p>\n<p><strong>K\u00ednh ph\u1ea3n x\u1ea1 v\u00e0 trong su\u1ed1t c\u1ee7a ch\u00fang t\u00f4i \u0111\u01b0\u1ee3c s\u1ea3n xu\u1ea5t theo c\u00e1c ti\u00eau chu\u1ea9n sau<\/strong>:<\/p>\n<p>OENORM M 7354, DIN 70810, JIS B 8211, OMV-Spez, H2009, MIL-G-16356 D, Esso Eng. Spec. 123, S.O.D. Spec. 123 v\u00e0 BS 3463<\/p>\n<p>\u0110\u00f3ng g\u00f3i<\/p>\n<p>K\u00ednh \u0111o KLINGER \u0111\u01b0\u1ee3c \u0111\u00f3ng g\u00f3i trong c\u00e1c h\u1ed9p c\u00e1c t\u00f4ng ri\u00eang l\u1ebb, bao g\u1ed3m gio\u0103ng k\u00edn KLINGER v\u00e0 gio\u0103ng \u0111\u1ec7m, t\u1ea1o th\u00e0nh m\u1ed9t \u0111\u01a1n v\u1ecb ho\u00e0n ch\u1ec9nh \u0111\u1ec3 l\u1eafp \u0111\u1eb7t.<\/p>\n<p>Chi\u1ec1u d\u00e0i [mm]: T\u1eeb 115 (l) \u0111\u1ebfn 340 (IX)<\/p>\n<p>Ph\u1ea1m vi \u00e1p su\u1ea5t ho\u1ea1t \u0111\u1ed9ng [bar]: L\u00ean \u0111\u1ebfn 400 bar<\/p>\n<p>Nhi\u1ec7t \u0111\u1ed9 ho\u1ea1t \u0111\u1ed9ng: L\u00ean \u0111\u1ebfn 400\u00b0C<\/p>\n<p>&nbsp;<\/p>\n<p><strong>Kh\u1ea3 n\u0103ng ch\u1ed1ng h\u00f3a ch\u1ea5t:<\/strong><\/p>\n<p>Kh\u1ea3 n\u0103ng ch\u1ed1ng ki\u1ec1m: Lo\u1ea1i 2 (\u0111\u00e3 th\u1eed nghi\u1ec7m theo ti\u00eau chu\u1ea9n ISO 675)<\/p>\n<p>Kh\u1ea3 n\u0103ng ch\u1ed1ng n\u01b0\u1edbc: Lo\u1ea1i 1 (\u0111\u00e3 th\u1eed nghi\u1ec7m theo ti\u00eau chu\u1ea9n ISO 719)<\/p>\n<p>Kh\u1ea3 n\u0103ng ch\u1ed1ng axit: Lo\u1ea1i 1 (\u0111\u00e3 th\u1eed nghi\u1ec7m theo ti\u00eau chu\u1ea9n ISO 12116)<\/p>\n<p>&nbsp;<\/p>\n<p><strong>K\u00ednh ph\u1ea3n quang<\/strong><\/p>\n<p>Lo\u1ea1i A, B v\u00e0 H<\/p>\n<p>M\u1eb7t \u0111\u1ed1i di\u1ec7n trung b\u00ecnh \u0111\u01b0\u1ee3c thi\u1ebft k\u1ebf r\u00e3nh \u0111\u00fac.<\/p>\n<p>&nbsp;<\/p>\n<p><strong>K\u00ednh trong su\u1ed1t<\/strong><\/p>\n<p><img loading=\"lazy\" decoding=\"async\" class=\"alignnone wp-image-987453317\" src=\"http:\/\/www.khonglieng.com.sg\/wp-content\/uploads\/transparent-glasses.jpg\" sizes=\"(max-width: 433px) 100vw, 433px\" srcset=\"https:\/\/khonglieng.com.sg\/wp-content\/uploads\/transparent-glasses.jpg 800w, https:\/\/khonglieng.com.sg\/wp-content\/uploads\/transparent-glasses-400x400.jpg 400w, https:\/\/khonglieng.com.sg\/wp-content\/uploads\/transparent-glasses-100x100.jpg 100w, https:\/\/khonglieng.com.sg\/wp-content\/uploads\/transparent-glasses-510x510.jpg 510w, https:\/\/khonglieng.com.sg\/wp-content\/uploads\/transparent-glasses-150x150.jpg 150w, https:\/\/khonglieng.com.sg\/wp-content\/uploads\/transparent-glasses-300x300.jpg 300w, https:\/\/khonglieng.com.sg\/wp-content\/uploads\/transparent-glasses-768x768.jpg 768w\" alt=\"Transparent Glasses\" width=\"433\" height=\"433\" \/><\/p>\n<p>&nbsp;<\/p>\n<p>Lo\u1ea1i A, B, H v\u00e0 TA28<\/p>\n<p>B\u1ec1 m\u1eb7t \u1edf c\u1ea3 hai m\u1eb7t \u0111\u1ec1u \u0111\u01b0\u1ee3c m\u00e0i m\u1ecbn v\u00e0 \u0111\u00e1nh b\u00f3ng \u0111\u1ec3 \u0111\u1ea3m b\u1ea3o \u0111\u1ed9 trong su\u1ed1t t\u1ed1i \u01b0u.","protected":false},"excerpt":{"rendered":"<p>K\u00ednh \u0111o Borosilicate \u2013 K\u00ednh ng\u1eafm tr\u00f2n, K\u00ednh ph\u1ea3n x\u1ea1 v\u00e0 K\u00ednh trong su\u1ed1t<\/p>\n","protected":false},"featured_media":1545,"template":"","meta":[],"product_cat":[240,248],"product_tag":[],"class_list":{"0":"post-1544","1":"product","2":"type-product","3":"status-publish","4":"has-post-thumbnail","6":"product_cat-klinger","7":"product_cat-level-gauges-glasses","9":"first","10":"instock","11":"shipping-taxable","12":"product-type-simple"},"_links":{"self":[{"href":"https:\/\/sval.vn\/vi\/wp-json\/wp\/v2\/product\/1544"}],"collection":[{"href":"https:\/\/sval.vn\/vi\/wp-json\/wp\/v2\/product"}],"about":[{"href":"https:\/\/sval.vn\/vi\/wp-json\/wp\/v2\/types\/product"}],"wp:featuredmedia":[{"embeddable":true,"href":"https:\/\/sval.vn\/vi\/wp-json\/wp\/v2\/media\/1545"}],"wp:attachment":[{"href":"https:\/\/sval.vn\/vi\/wp-json\/wp\/v2\/media?parent=1544"}],"wp:term":[{"taxonomy":"product_cat","embeddable":true,"href":"https:\/\/sval.vn\/vi\/wp-json\/wp\/v2\/product_cat?post=1544"},{"taxonomy":"product_tag","embeddable":true,"href":"https:\/\/sval.vn\/vi\/wp-json\/wp\/v2\/product_tag?post=1544"}],"curies":[{"name":"wp","href":"https:\/\/api.w.org\/{rel}","templated":true}]}}