{"id":1541,"date":"2024-09-23T03:12:35","date_gmt":"2024-09-23T03:12:35","guid":{"rendered":"https:\/\/sval.vn\/?post_type=product&#038;p=1541"},"modified":"2024-10-17T06:36:27","modified_gmt":"2024-10-17T06:36:27","slug":"valqua-no-uf300","status":"publish","type":"product","link":"https:\/\/sval.vn\/vi\/san-pham\/valqua-no-uf300\/","title":{"rendered":"VALQUA No. UF300"},"content":{"rendered":"<table>\n<tbody>\n<tr>\n<td class=\"grey\">Suitable \ufb02uids<\/td>\n<td>Water, seawater, hot water, steam, air, acid (includes strong acid), alkali (includes strong alkali), salt aqueous solution, oils, alcohol, aliphatic solvent and its vapor, and various types of gas, etc.<\/td>\n<\/tr>\n<tr>\n<td class=\"grey\">Unsuitable \ufb02uids<\/td>\n<td>Polymerizable monomer,toxic gas<\/td>\n<\/tr>\n<tr>\n<td class=\"grey\">Applications<\/td>\n<td>Joint sections of cover \ufb02anges and nozzles and the like for pipe \ufb02anges, valve bonnets, towers &amp; tanks, ovens, pressure vessels and heat exchangers used in various factories including power stations, oil re\ufb01neries, steel plants and shipyards<\/td>\n<\/tr>\n<tr>\n<td class=\"grey\">Main Component<\/td>\n<td>PTFE, silicon carbide<\/td>\n<\/tr>\n<tr>\n<td class=\"grey\">Color\/Print<\/td>\n<td>Gray \/ Blue<\/td>\n<\/tr>\n<\/tbody>\n<\/table>\n<p><strong>Th\u00f4ng s\u1ed1 Thi\u1ebft k\u1ebf<\/strong><\/p>\n<p>Ph\u1ea1m vi cho ph\u00e9p<\/p>\n<p>Ph\u00e2n lo\u1ea1i nhi\u1ec7t \u0111\u1ed9 v\u00e0 \u00e1p su\u1ea5t cho th\u1ea5y gi\u1edbi h\u1ea1n d\u1ecbch v\u1ee5 ri\u00eang l\u1ebb.<\/p>\n<ul>\n<li>\n<table class=\"center\">\n<tbody>\n<tr class=\"grey\">\n<td>Temperature (\u00b0C)<\/td>\n<td>Pressure (MPa)<\/td>\n<\/tr>\n<tr>\n<td>-200~300<\/td>\n<td>3.5<\/td>\n<\/tr>\n<\/tbody>\n<\/table>\n<\/li>\n<li>K\u00edch th\u01b0\u1edbc<br \/>\n<table class=\"center\" width=\"237\">\n<tbody>\n<tr class=\"grey\">\n<td>Thickness (mm)<\/td>\n<td>Size (mm)<\/td>\n<\/tr>\n<tr>\n<td>1.0<\/td>\n<td>1270\u00d71270<\/td>\n<\/tr>\n<tr>\n<td>1.5, 2.0,3.0<\/td>\n<td>1500\u00d71500<\/td>\n<\/tr>\n<\/tbody>\n<\/table>\n<\/li>\n<li>Ti\u00eau ch\u00ed Thi\u1ebft k\u1ebf\n<p>C\u00e1c gi\u00e1 tr\u1ecb cho T\u1ea5m S\u1ee3i Kh\u00f4ng Ami\u0103ng N\u00e9n \u0111\u01b0\u1ee3c \u0111\u1ecbnh ngh\u0129a trong Ph\u1ee5 l\u1ee5c G c\u1ee7a JIS B 8265 c\u00f3 th\u1ec3 \u0111\u01b0\u1ee3c \u00e1p d\u1ee5ng cho c\u00e1c gi\u00e1 tr\u1ecb m v\u00e0 y c\u1ee7a T\u1ea5m Kh\u00f4ng Ami\u0103ng Hi\u1ec7u su\u1ea5t Cao.<\/p>\n<table class=\"center\">\n<tbody>\n<tr class=\"grey\">\n<td>Thickness<br \/>\n(mm)<\/td>\n<td>Gasket factor<br \/>\n\u201cm\u201d<\/td>\n<td>Minimum design seating stress<br \/>\n\u201cy\u201d(N\/mm<span class=\"small\"><sup>2<\/sup><\/span>)<\/td>\n<\/tr>\n<tr>\n<td>3.0<\/td>\n<td>2.00<\/td>\n<td>11.0<\/td>\n<\/tr>\n<tr>\n<td>1.5<\/td>\n<td>2.75<\/td>\n<td>25.5<\/td>\n<\/tr>\n<tr>\n<td>1.0<\/td>\n<td>3.50<\/td>\n<td>44.8<\/td>\n<\/tr>\n<\/tbody>\n<\/table>\n<\/li>\n<li>\u1ee8ng su\u1ea5t Si\u1ebft ch\u1eb7t Khuy\u1ebfn ngh\u1ecb (MPa)\n<p>\u1ee8ng su\u1ea5t Si\u1ebft ch\u1eb7t khuy\u1ebfn ngh\u1ecb l\u00e0 \u00e1p su\u1ea5t c\u1ea7n thi\u1ebft trong \u0111i\u1ec1u ki\u1ec7n ti\u00eau chu\u1ea9n m\u00e0 kh\u00f4ng t\u00ednh \u0111\u1ebfn l\u1ef1c cu\u1ed1i do ch\u1ea5t l\u1ecfng b\u00ean trong. \u0110\u00f3 l\u00e0 \u1ee9ng su\u1ea5t tr\u00ean di\u1ec7n t\u00edch ti\u1ebfp x\u00fac c\u1ee7a mi\u1ebfng \u0111\u1ec7m<\/li>\n<\/ul>\n<table class=\"center\">\n<tbody>\n<tr class=\"grey\">\n<td>Fluid<\/td>\n<td>Recommended tightening stress (MPa)<\/td>\n<\/tr>\n<tr>\n<td>Liquid<\/td>\n<td>25.5<\/td>\n<\/tr>\n<tr>\n<td>Gas<\/td>\n<td>35.0<\/td>\n<\/tr>\n<\/tbody>\n<\/table>\n<p><strong>\u0110\u1eb7c t\u00ednh \u1ee9ng su\u1ea5t bi\u1ebfn d\u1ea1ng c\u1ee7a T\u1ea5m kh\u00f4ng ami\u0103ng hi\u1ec7u su\u1ea5t cao<\/strong><\/p>\n<p>(K\u00edch th\u01b0\u1edbc c\u1ee7a m\u1eabu th\u1eed: JIS 10K 25A t = 1,5mm)<\/p>\n<p><img loading=\"lazy\" decoding=\"async\" class=\"alignnone size-full wp-image-987453772\" src=\"http:\/\/www.khonglieng.com.sg\/wp-content\/uploads\/Stress-Strain-UF300.jpg\" sizes=\"(max-width: 953px) 100vw, 953px\" srcset=\"https:\/\/khonglieng.com.sg\/wp-content\/uploads\/Stress-Strain-UF300.jpg 953w, https:\/\/khonglieng.com.sg\/wp-content\/uploads\/Stress-Strain-UF300-510x289.jpg 510w, https:\/\/khonglieng.com.sg\/wp-content\/uploads\/Stress-Strain-UF300-300x170.jpg 300w, https:\/\/khonglieng.com.sg\/wp-content\/uploads\/Stress-Strain-UF300-768x435.jpg 768w\" alt=\"Stress Strain UF300\" width=\"953\" height=\"540\" \/>","protected":false},"excerpt":{"rendered":"<p><strong>UNIVERSALHYPER\u2122<\/strong><\/p>\n<p>\u0110\u00e2y l\u00e0 Gio\u0103ng T\u1ea5m c\u00f3 th\u1ec3 s\u1eed d\u1ee5ng cho nhi\u1ec1u lo\u1ea1i ch\u1ea5t l\u1ecfng kh\u00e1c nhau v\u00e0 kh\u00f4ng y\u00eau c\u1ea7u c\u00e1c \u1ee9ng d\u1ee5ng kh\u00e1c nhau cho ch\u1ea5t l\u1ecfng axit ho\u1eb7c ki\u1ec1m. S\u1ea3n ph\u1ea9m n\u00e0y c\u00f3 hi\u1ec7u qu\u1ea3 trong vi\u1ec7c th\u00fac \u0111\u1ea9y t\u00edch h\u1ee3p gio\u0103ng t\u1ea1i nh\u00e0 m\u00e1y c\u00f3 c\u1ea3 \u0111\u01b0\u1eddng \u1ed1ng ki\u1ec1m v\u00e0 axit. \u0110\u00e2y l\u00e0 s\u1ea3n ph\u1ea9m c\u00f3 \u0111\u1ed9 tin c\u1eady \u1edf nhi\u1ec7t \u0111\u1ed9 cao ngang b\u1eb1ng v\u1edbi c\u00e1c Gio\u0103ng T\u1ea5m Kh\u00f4ng Ami\u0103ng Hi\u1ec7u su\u1ea5t Cao kh\u00e1c (v\u00ed d\u1ee5: GF300), do \u0111\u00f3 c\u00f3 c\u1ea3 kh\u1ea3 n\u0103ng ch\u1ed1ng h\u00f3a ch\u1ea5t v\u00e0 \u0111\u1ed9 tin c\u1eady \u1edf nhi\u1ec7t \u0111\u1ed9 cao.<\/p>\n","protected":false},"featured_media":1542,"template":"","meta":[],"product_cat":[241],"product_tag":[],"class_list":{"0":"post-1541","1":"product","2":"type-product","3":"status-publish","4":"has-post-thumbnail","6":"product_cat-valqua","8":"first","9":"instock","10":"shipping-taxable","11":"product-type-simple"},"_links":{"self":[{"href":"https:\/\/sval.vn\/vi\/wp-json\/wp\/v2\/product\/1541"}],"collection":[{"href":"https:\/\/sval.vn\/vi\/wp-json\/wp\/v2\/product"}],"about":[{"href":"https:\/\/sval.vn\/vi\/wp-json\/wp\/v2\/types\/product"}],"wp:featuredmedia":[{"embeddable":true,"href":"https:\/\/sval.vn\/vi\/wp-json\/wp\/v2\/media\/1542"}],"wp:attachment":[{"href":"https:\/\/sval.vn\/vi\/wp-json\/wp\/v2\/media?parent=1541"}],"wp:term":[{"taxonomy":"product_cat","embeddable":true,"href":"https:\/\/sval.vn\/vi\/wp-json\/wp\/v2\/product_cat?post=1541"},{"taxonomy":"product_tag","embeddable":true,"href":"https:\/\/sval.vn\/vi\/wp-json\/wp\/v2\/product_tag?post=1541"}],"curies":[{"name":"wp","href":"https:\/\/api.w.org\/{rel}","templated":true}]}}