{"id":1537,"date":"2024-09-23T03:09:11","date_gmt":"2024-09-23T03:09:11","guid":{"rendered":"https:\/\/sval.vn\/?post_type=product&#038;p=1537"},"modified":"2024-10-17T06:51:02","modified_gmt":"2024-10-17T06:51:02","slug":"valqua-no-mf300","status":"publish","type":"product","link":"https:\/\/sval.vn\/vi\/san-pham\/valqua-no-mf300\/","title":{"rendered":"VALQUA No. MF300"},"content":{"rendered":"<table>\n<tbody>\n<tr>\n<td class=\"grey\">Suitable \ufb02uids<\/td>\n<td>Water, seawater, hot water, steam, air, aqueous solution of strong alkaline salt, oils, alcohol, aliphatic solvent and its vapor, air, and general gases<\/td>\n<\/tr>\n<tr>\n<td class=\"grey\">Unsuitable \ufb02uids<\/td>\n<td>Polymerizable monomer<\/td>\n<\/tr>\n<tr>\n<td class=\"grey\">Applications<\/td>\n<td>\u00a0Joint sections of cover \ufb02anges and nozzles and the like for pipe \ufb02anges, valve bonnets, towers &amp; tanks, ovens, pressure vessels and heat exchangers used in various factories including power stations, oil re\ufb01neries, steel plants and shipyards<\/td>\n<\/tr>\n<tr>\n<td class=\"grey\">Dimensions<\/td>\n<td>Width \u00d7 Length (mm): 1270 x 1270 (t1.5\u3001t3.0)<br \/>\nColor type: white<br \/>\nPrint color: no-printed<\/td>\n<\/tr>\n<\/tbody>\n<\/table>\n<p><strong>D\u1eef li\u1ec7u thi\u1ebft k\u1ebf<\/strong><\/p>\n<p>&nbsp;<\/p>\n<ul>\n<li>\u1ee8ng su\u1ea5t si\u1ebft ch\u1eb7t \u0111\u01b0\u1ee3c khuy\u1ebfn ngh\u1ecb<\/li>\n<\/ul>\n<p>\u1ee8ng su\u1ea5t si\u1ebft ch\u1eb7t \u0111\u01b0\u1ee3c \u0111\u1ecbnh ngh\u0129a l\u00e0 \u00e1p su\u1ea5t c\u1ea7n thi\u1ebft trong \u0111i\u1ec1u ki\u1ec7n ti\u00eau chu\u1ea9n m\u00e0 kh\u00f4ng t\u00ednh \u0111\u1ebfn l\u1ef1c m\u1edf do ch\u1ea5t l\u1ecfng b\u00ean trong.<\/p>\n<ul>\n<li>\n<table class=\"center\">\n<tbody>\n<tr class=\"grey\">\n<td>Fluid<\/td>\n<td>Recommended tightening stress (MPa)<\/td>\n<\/tr>\n<tr>\n<td>Liquid<\/td>\n<td>25.5<\/td>\n<\/tr>\n<tr>\n<td>Gas<\/td>\n<td>35.0<\/td>\n<\/tr>\n<\/tbody>\n<\/table>\n<\/li>\n<li>C\u00e1c ph\u1ea1m vi c\u00f3 s\u1eb5n\n<p>Ph\u00e2n lo\u1ea1i nhi\u1ec7t \u0111\u1ed9 v\u00e0 \u00e1p su\u1ea5t hi\u1ec3n th\u1ecb c\u00e1c gi\u1edbi h\u1ea1n d\u1ecbch v\u1ee5 ri\u00eang l\u1ebb.<\/p>\n<table class=\"center\">\n<tbody>\n<tr class=\"grey\">\n<td>Temperature (\u00b0C)<\/td>\n<td>Pressure (MPa)<\/td>\n<\/tr>\n<tr>\n<td>-200~300<\/td>\n<td>3.5<\/td>\n<\/tr>\n<\/tbody>\n<\/table>\n<\/li>\n<li>Gi\u00e1 tr\u1ecb m,y\n<p>Gi\u00e1 tr\u1ecb m, y cho T\u1ea5m s\u1ee3i n\u00e9n \u0111\u01b0\u1ee3c \u0111\u1ecbnh ngh\u0129a trong Ph\u1ee5 l\u1ee5c G c\u1ee7a JIS B 8265 c\u00f3 th\u1ec3 \u0111\u01b0\u1ee3c \u00e1p d\u1ee5ng cho gi\u00e1 tr\u1ecb m, y c\u1ee7a T\u1ea5m kh\u00f4ng ami\u0103ng hi\u1ec7u su\u1ea5t cao.<\/p>\n<table class=\"center\">\n<tbody>\n<tr class=\"grey\">\n<td>Thickness<br \/>\n(mm)<\/td>\n<td>Gasket factor<br \/>\n\u201cm\u201d<\/td>\n<td>Minimum design seating stress<br \/>\n\u201cy\u201d(N\/mm<span class=\"small\"><sup>2<\/sup><\/span>)<\/td>\n<\/tr>\n<tr>\n<td>3.0<\/td>\n<td>2.00<\/td>\n<td>11.0<\/td>\n<\/tr>\n<tr>\n<td>1.5<\/td>\n<td>2.75<\/td>\n<td>25.5<\/td>\n<\/tr>\n<tr>\n<td>1.0<\/td>\n<td>3.50<\/td>\n<td>44.8<\/td>\n<\/tr>\n<\/tbody>\n<\/table>\n<\/li>\n<\/ul>\n<p><strong>T\u00ednh n\u0103ng<\/strong><\/p>\n<p>Kh\u00f4ng b\u1ecb h\u01b0 h\u1ecfng do c\u1ee9ng v\u00e0 l\u00e3o h\u00f3a do nhi\u1ec7t.<\/p>\n<p>C\u00f3 th\u1ec3 v\u1eb7n ch\u1eb7t l\u1ea1i v\u00ec kh\u00f4ng x\u1ea3y ra hi\u1ec7n t\u01b0\u1ee3ng c\u1ee9ng.<\/p>\n<p>\u00c1p d\u1ee5ng cho nhi\u1ec1u lo\u1ea1i ch\u1ea5t l\u1ecfng h\u01a1n so v\u1edbi T\u1ea5m s\u1ee3i n\u00e9n kh\u00e1c.<\/p>\n<p>Kh\u00f4ng d\u00ednh v\u00e0o m\u1eb7t b\u00edch.<\/p>\n<p><strong>\u0110\u1eb7c t\u00ednh \u1ee9ng su\u1ea5t bi\u1ebfn d\u1ea1ng c\u1ee7a T\u1ea5m kh\u00f4ng ami\u0103ng hi\u1ec7u su\u1ea5t cao<\/strong><\/p>\n<p>(K\u00edch th\u01b0\u1edbc c\u1ee7a m\u1eabu th\u1eed: JIS 10K 25A t = 1,5mm)<\/p>\n<p><img loading=\"lazy\" decoding=\"async\" class=\"alignnone size-large wp-image-987452339\" src=\"http:\/\/www.khonglieng.com.sg\/wp-content\/uploads\/valqua-stress-stain-1024x583.jpg\" sizes=\"(max-width: 1024px) 100vw, 1024px\" srcset=\"https:\/\/khonglieng.com.sg\/wp-content\/uploads\/valqua-stress-stain-1024x583.jpg 1024w, https:\/\/khonglieng.com.sg\/wp-content\/uploads\/valqua-stress-stain-300x171.jpg 300w, https:\/\/khonglieng.com.sg\/wp-content\/uploads\/valqua-stress-stain-768x437.jpg 768w, https:\/\/khonglieng.com.sg\/wp-content\/uploads\/valqua-stress-stain-1080x615.jpg 1080w, https:\/\/khonglieng.com.sg\/wp-content\/uploads\/valqua-stress-stain.jpg 1812w\" alt=\"\" width=\"1024\" height=\"583\" \/>","protected":false},"excerpt":{"rendered":"<p><strong>BRIGHTHYPER\u2122<\/strong><\/p>\n<p>Nh\u1eefng mi\u1ebfng \u0111\u1ec7m n\u00e0y c\u00f3 kh\u1ea3 n\u0103ng ch\u1ed1ng h\u00f3a ch\u1ea5t, ch\u1ecbu nhi\u1ec7t tuy\u1ec7t v\u1eddi, d\u1ec5 x\u1eed l\u00fd v\u00e0 kh\u00f4ng d\u1ec5 b\u1ecb c\u1ee9ng l\u1ea1i v\u00ec nh\u1eefng mi\u1ebfng \u0111\u1ec7m n\u00e0y s\u1eed d\u1ee5ng PTFE l\u00e0m ch\u1ea5t k\u1ebft d\u00ednh. C\u00e1c mi\u1ebfng \u0111\u1ec7m kh\u00f4ng ch\u1ee9a b\u1ea5t k\u1ef3 lo\u1ea1i cao su n\u00e0o v\u00e0 c\u00f3 th\u1ec3 v\u1eb7n ch\u1eb7t l\u1ea1i v\u00ec kh\u00f4ng b\u1ecb h\u01b0 h\u1ecfng theo th\u1eddi gian v\u00e0 kh\u00f4ng b\u1ecb c\u1ee9ng l\u1ea1i.<\/p>\n<p>V\u1edbi vi\u1ec7c s\u1eed d\u1ee5ng c\u00e1c ph\u01b0\u01a1ng ph\u00e1p v\u00e0 v\u1eadt li\u1ec7u \u0111\u1eb7c bi\u1ec7t, nh\u1eefng mi\u1ebfng \u0111\u1ec7m d\u1ea1ng t\u1ea5m kh\u00f4ng ch\u1ee9a ami\u0103ng n\u00e0y c\u00f3 \u0111\u1ed9 s\u00e1ng v\u00e0 kh\u1ea3 n\u0103ng ch\u1ed1ng h\u00f3a ch\u1ea5t \u0111\u01b0\u1ee3c c\u1ea3i thi\u1ec7n. Ch\u00fang c\u00f3 th\u1ec3 \u00e1p d\u1ee5ng cho c\u1ea3 axit v\u00e0 ki\u1ec1m, v\u00e0 c\u00f3 \u0111\u1ed9 \u1ed5n \u0111\u1ecbnh l\u00e2u d\u00e0i \u0111\u1ed1i v\u1edbi nhi\u1ec7t \u0111\u1ed9 cao nh\u01b0 GF300 v\u00e0 SF300.<\/p>\n<p>Tu\u00e2n th\u1ee7 \u0110\u1ea1o lu\u1eadt v\u1ec7 sinh th\u1ef1c ph\u1ea9m v\u00e0 c\u00e1c ti\u00eau chu\u1ea9n v\u1ec1 th\u1ef1c ph\u1ea9m v\u00e0 ph\u1ee5 gia.<\/p>\n","protected":false},"featured_media":1538,"template":"","meta":[],"product_cat":[241],"product_tag":[],"class_list":{"0":"post-1537","1":"product","2":"type-product","3":"status-publish","4":"has-post-thumbnail","6":"product_cat-valqua","8":"first","9":"instock","10":"shipping-taxable","11":"product-type-simple"},"_links":{"self":[{"href":"https:\/\/sval.vn\/vi\/wp-json\/wp\/v2\/product\/1537"}],"collection":[{"href":"https:\/\/sval.vn\/vi\/wp-json\/wp\/v2\/product"}],"about":[{"href":"https:\/\/sval.vn\/vi\/wp-json\/wp\/v2\/types\/product"}],"wp:featuredmedia":[{"embeddable":true,"href":"https:\/\/sval.vn\/vi\/wp-json\/wp\/v2\/media\/1538"}],"wp:attachment":[{"href":"https:\/\/sval.vn\/vi\/wp-json\/wp\/v2\/media?parent=1537"}],"wp:term":[{"taxonomy":"product_cat","embeddable":true,"href":"https:\/\/sval.vn\/vi\/wp-json\/wp\/v2\/product_cat?post=1537"},{"taxonomy":"product_tag","embeddable":true,"href":"https:\/\/sval.vn\/vi\/wp-json\/wp\/v2\/product_tag?post=1537"}],"curies":[{"name":"wp","href":"https:\/\/api.w.org\/{rel}","templated":true}]}}