{"id":1525,"date":"2024-09-23T02:11:44","date_gmt":"2024-09-23T02:11:44","guid":{"rendered":"https:\/\/sval.vn\/?post_type=product&#038;p=1525"},"modified":"2024-10-17T06:59:40","modified_gmt":"2024-10-17T06:59:40","slug":"valqua-no-6500","status":"publish","type":"product","link":"https:\/\/sval.vn\/vi\/san-pham\/valqua-no-6500\/","title":{"rendered":"VALQUA No. 6500"},"content":{"rendered":"<h2>M\u00d4 T\u1ea2<\/h2>\n<table>\n<tbody>\n<tr>\n<td class=\"grey\">Unsuitable \ufb02uids<\/td>\n<td>Strong acid, strong alkali, and various solvents, in\ufb02ammable gas, gas susceptible to burn and toxic gas<\/td>\n<\/tr>\n<tr>\n<td class=\"grey\">Applications<\/td>\n<td>Pipe \ufb02anges, valve bonnets and other equipment used in various industries including oil re\ufb01neries, chemical industries and shipyards<\/td>\n<\/tr>\n<tr>\n<td class=\"grey\">Dimensions<\/td>\n<td>Width \u00d7 Length (mm): 1270 \u00d7 1270\u30011270 \u00d7 3810\u30012540 \u00d7 3810\u30013048 \u00d7 3810<br \/>\nThickness (mm): 0.4\u30010.5\u30010.8\u30011.0\u30011.5\u30012.0\u30013.0<br \/>\nColor type: blue<br \/>\nPrint color: black<\/td>\n<\/tr>\n<\/tbody>\n<\/table>\n<p><strong>Th\u00f4ng s\u1ed1 k\u0129 thu\u1eadt<\/strong><\/p>\n<ul>\n<li>\u1ee8ng su\u1ea5t si\u1ebft ch\u1eb7t \u0111\u01b0\u1ee3c khuy\u1ebfn ngh\u1ecb\n<p>\u1ee8ng su\u1ea5t si\u1ebft ch\u1eb7t \u0111\u01b0\u1ee3c \u0111\u1ecbnh ngh\u0129a l\u00e0 \u00e1p su\u1ea5t c\u1ea7n thi\u1ebft trong \u0111i\u1ec1u ki\u1ec7n ti\u00eau chu\u1ea9n m\u00e0 kh\u00f4ng t\u00ednh \u0111\u1ebfn l\u1ef1c m\u1edf do ch\u1ea5t l\u1ecfng b\u00ean trong.<\/p>\n<table class=\"center\">\n<tbody>\n<tr class=\"grey\">\n<td>Fluid<\/td>\n<td>Recommended tightening stress (MPa)<\/td>\n<\/tr>\n<tr>\n<td>Liquid<\/td>\n<td>25.5<\/td>\n<\/tr>\n<tr>\n<td>Gas<\/td>\n<td>40.0<\/td>\n<\/tr>\n<\/tbody>\n<\/table>\n<\/li>\n<li>C\u00e1c ph\u1ea1m vi c\u00f3 s\u1eb5n\n<p>Ph\u00e2n lo\u1ea1i nhi\u1ec7t \u0111\u1ed9 v\u00e0 \u00e1p su\u1ea5t cho th\u1ea5y gi\u1edbi h\u1ea1n d\u1ecbch v\u1ee5 ri\u00eang l\u1ebb.<\/p>\n<table class=\"center\">\n<tbody>\n<tr class=\"grey\">\n<td rowspan=\"2\">VALQUA No.<\/td>\n<td rowspan=\"2\">Temperature (\u00b0C)<\/td>\n<td colspan=\"3\">Pressure (MPa)<\/td>\n<\/tr>\n<tr>\n<td>Water based<\/td>\n<td>Oil based<span class=\"small\"><sup>(2)<\/sup><\/span><\/td>\n<td>Gas<\/td>\n<\/tr>\n<tr>\n<td>6500 \/ 6500AC<\/td>\n<td>-50\uff5e183<\/td>\n<td>3.0<\/td>\n<td>3.0<\/td>\n<td>1.0<\/td>\n<\/tr>\n<tr>\n<td>6502 \/ 6503 \/ 6503AC<\/td>\n<td>-50\uff5e214<\/td>\n<td>3.0<\/td>\n<td>3.0<\/td>\n<td>1.0<\/td>\n<\/tr>\n<\/tbody>\n<\/table>\n<p>L\u01b0u \u00fd:<\/p>\n<p>(1) \u0110\u1ed1i v\u1edbi \u0111i\u1ec1u ki\u1ec7n d\u1ecbch v\u1ee5 v\u01b0\u1ee3t qu\u00e1 100\u00b0C, vui l\u00f2ng tham kh\u1ea3o \u00fd ki\u1ebfn \u200b\u200bc\u1ee7a ch\u00fang t\u00f4i.<\/p>\n<p>(2) \u0110\u1ed1i v\u1edbi d\u1ea7u kh\u00ed, dung m\u00f4i v\u00e0 ch\u1ea5t l\u1ecfng \u0103n m\u00f2n, c\u1ea7n ph\u1ea3i tham v\u1ea5n ri\u00eang.<\/p>\n<p><span class=\"med\">\u00a0<\/span><\/li>\n<li>gi\u00e1 tr\u1ecb m,y\n<p>Gi\u00e1 tr\u1ecb m, y cho T\u1ea5m s\u1ee3i n\u00e9n \u0111\u01b0\u1ee3c \u0111\u1ecbnh ngh\u0129a trong Ph\u1ee5 l\u1ee5c G c\u1ee7a JIS B 8265 c\u00f3 th\u1ec3 \u0111\u01b0\u1ee3c \u00e1p d\u1ee5ng cho gi\u00e1 tr\u1ecb m, y c\u1ee7a T<strong>\u1ea5m s\u1ee3i n\u00e9n kh\u00f4ng ch\u1ee9a ami\u0103ng.<\/strong><\/p>\n<table class=\"center\">\n<tbody>\n<tr class=\"grey\">\n<td>Thickness<br \/>\n(mm)<\/td>\n<td>Gasket factor<br \/>\n\u201cm\u201d<\/td>\n<td>Minimum design seating stress<br \/>\n\u201cy\u201d(N\/mm<span class=\"small\"><sup>2<\/sup><\/span>)<\/td>\n<\/tr>\n<tr>\n<td>3.0<\/td>\n<td>2.00<\/td>\n<td>11.0<\/td>\n<\/tr>\n<tr>\n<td>1.5<\/td>\n<td>2.75<\/td>\n<td>25.5<\/td>\n<\/tr>\n<tr>\n<td>1.0<\/td>\n<td>3.50<\/td>\n<td>44.8<\/td>\n<\/tr>\n<\/tbody>\n<\/table>\n<\/li>\n<\/ul>","protected":false},"excerpt":{"rendered":"<p><strong>T\u1ea5m s\u1ee3i n\u00e9n kh\u00f4ng ami\u0103ng d\u00f9ng cho m\u1ee5c \u0111\u00edch chung<\/strong><\/p>\n<p>T\u1ea5m s\u1ee3i n\u00e9n kh\u00f4ng ami\u0103ng l\u00e0 v\u1eadt li\u1ec7u gio\u0103ng d\u1ea1ng t\u1ea5m c\u00e1n v\u00e0 l\u01b0u h\u00f3a, trong \u0111\u00f3 ch\u1ea5t k\u1ebft d\u00ednh cao su \u0111\u1eb7c bi\u1ec7t v\u00e0 m\u1ed9t l\u01b0\u1ee3ng nh\u1ecf v\u1eadt li\u1ec7u \u0111\u1ed9n \u0111\u01b0\u1ee3c tr\u1ed9n v\u1edbi s\u1ee3i h\u1eefu c\u01a1 v\u00e0 v\u00f4 c\u01a1.<\/p>\n<p>Nh\u1eefng v\u1eadt li\u1ec7u n\u00e0y ph\u00f9 h\u1ee3p \u0111\u1ec3 s\u1eed d\u1ee5ng l\u00e0m gio\u0103ng kh\u00f4ng ami\u0103ng cho m\u1eb7t b\u00edch \u1ed1ng v\u00e0 thi\u1ebft b\u1ecb trong nhi\u1ec1u ng\u00e0nh c\u00f4ng nghi\u1ec7p kh\u00e1c nhau. Kh\u1ea3 n\u0103ng th\u00edch \u1ee9ng c\u1ee7a nh\u1eefng t\u1ea5m n\u00e0y \u0111\u1ed1i v\u1edbi thi\u1ebft b\u1ecb n\u01b0\u1edbc \u0111\u00e3 \u0111\u01b0\u1ee3c x\u00e1c nh\u1eadn d\u1ef1a tr\u00ean JIS S 3200-7.<\/p>\n","protected":false},"featured_media":1526,"template":"","meta":[],"product_cat":[241],"product_tag":[],"class_list":{"0":"post-1525","1":"product","2":"type-product","3":"status-publish","4":"has-post-thumbnail","6":"product_cat-valqua","8":"first","9":"instock","10":"shipping-taxable","11":"product-type-simple"},"_links":{"self":[{"href":"https:\/\/sval.vn\/vi\/wp-json\/wp\/v2\/product\/1525"}],"collection":[{"href":"https:\/\/sval.vn\/vi\/wp-json\/wp\/v2\/product"}],"about":[{"href":"https:\/\/sval.vn\/vi\/wp-json\/wp\/v2\/types\/product"}],"wp:featuredmedia":[{"embeddable":true,"href":"https:\/\/sval.vn\/vi\/wp-json\/wp\/v2\/media\/1526"}],"wp:attachment":[{"href":"https:\/\/sval.vn\/vi\/wp-json\/wp\/v2\/media?parent=1525"}],"wp:term":[{"taxonomy":"product_cat","embeddable":true,"href":"https:\/\/sval.vn\/vi\/wp-json\/wp\/v2\/product_cat?post=1525"},{"taxonomy":"product_tag","embeddable":true,"href":"https:\/\/sval.vn\/vi\/wp-json\/wp\/v2\/product_tag?post=1525"}],"curies":[{"name":"wp","href":"https:\/\/api.w.org\/{rel}","templated":true}]}}