{"id":1514,"date":"2024-09-23T01:38:11","date_gmt":"2024-09-23T01:38:11","guid":{"rendered":"https:\/\/sval.vn\/?post_type=product&#038;p=1514"},"modified":"2024-10-17T07:05:29","modified_gmt":"2024-10-17T07:05:29","slug":"additional-insulation-set-material","status":"publish","type":"product","link":"https:\/\/sval.vn\/vi\/san-pham\/additional-insulation-set-material\/","title":{"rendered":"Additional Insulation Set Material"},"content":{"rendered":"<img loading=\"lazy\" decoding=\"async\" class=\"alignnone size-full wp-image-987453482\" src=\"http:\/\/www.khonglieng.com.sg\/wp-content\/uploads\/Additional-Insulation-Set-Material.jpg\" sizes=\"(max-width: 2045px) 100vw, 2045px\" srcset=\"https:\/\/khonglieng.com.sg\/wp-content\/uploads\/Additional-Insulation-Set-Material.jpg 2045w, https:\/\/khonglieng.com.sg\/wp-content\/uploads\/Additional-Insulation-Set-Material-510x663.jpg 510w, https:\/\/khonglieng.com.sg\/wp-content\/uploads\/Additional-Insulation-Set-Material-231x300.jpg 231w, https:\/\/khonglieng.com.sg\/wp-content\/uploads\/Additional-Insulation-Set-Material-768x999.jpg 768w, https:\/\/khonglieng.com.sg\/wp-content\/uploads\/Additional-Insulation-Set-Material-787x1024.jpg 787w, https:\/\/khonglieng.com.sg\/wp-content\/uploads\/Additional-Insulation-Set-Material-1080x1405.jpg 1080w\" alt=\"Additional Insulation Set Material\" width=\"2045\" height=\"2660\" \/><\/p>\n<p>* \u0110i\u1ec7n tr\u1edf c\u00e1ch \u0111i\u1ec7n (\u03a9) ASTM D257-07: \u0110i\u1ec7n \u00e1p s\u1eed d\u1ee5ng: 1000V, C\u00f4ng su\u1ea5t c\u1ee7a m\u00e1y ki\u1ec3m tra: 2,0 \u00d7 1013 \u03a9<br \/>\n* Gio\u0103ng s\u1ebd \u0111\u01b0\u1ee3c l\u1ef1a ch\u1ecdn theo s\u1edf th\u00edch c\u1ee7a kh\u00e1ch h\u00e0ng, nh\u01b0ng c\u1ea7n c\u00f3 s\u1ef1 ch\u1ea5p thu\u1eadn v\u1ec1 k\u00edch th\u01b0\u1edbc ri\u00eang.<br \/>\n* Gio\u0103ng PTFE kh\u00f4ng \u0111\u01b0\u1ee3c khuy\u1ebfn kh\u00edch s\u1eed d\u1ee5ng cho Lo\u1ea1i R.F v\u00ec \u0111\u1eb7c t\u00ednh bi\u1ebfn d\u1ea1ng.<\/p>\n<p><strong>V\u1eadt li\u1ec7u b\u1ed9 c\u00e1ch nhi\u1ec7t \u2013 Bu l\u00f4ng\/\u0110ai \u1ed1c\/\u1ed0ng l\u00f3t\/V\u00f2ng \u0111\u1ec7m<\/strong><\/p>\n<p><img loading=\"lazy\" decoding=\"async\" class=\"alignnone size-full wp-image-987452378\" src=\"http:\/\/www.khonglieng.com.sg\/wp-content\/uploads\/additional-insulation-2.jpg\" sizes=\"(max-width: 1500px) 100vw, 1500px\" srcset=\"https:\/\/khonglieng.com.sg\/wp-content\/uploads\/additional-insulation-2.jpg 1500w, https:\/\/khonglieng.com.sg\/wp-content\/uploads\/additional-insulation-2-300x231.jpg 300w, https:\/\/khonglieng.com.sg\/wp-content\/uploads\/additional-insulation-2-768x592.jpg 768w, https:\/\/khonglieng.com.sg\/wp-content\/uploads\/additional-insulation-2-1024x790.jpg 1024w, https:\/\/khonglieng.com.sg\/wp-content\/uploads\/additional-insulation-2-1080x833.jpg 1080w\" alt=\"\" width=\"1500\" height=\"1157\" \/><\/p>\n<div>* \u0110i\u1ec7n tr\u1edf c\u00e1ch \u0111i\u1ec7n (\u03a9) ASTM D257-07: \u0110i\u1ec7n \u00e1p s\u1eed d\u1ee5ng: 1000V, C\u00f4ng su\u1ea5t c\u1ee7a m\u00e1y ki\u1ec3m tra: 2,0 \u00d7 1013 \u03a9<\/div>\n<div>* C\u00f3 nhi\u1ec1u lo\u1ea1i v\u1eadt li\u1ec7u v\u00e0 l\u1edbp ph\u1ee7 kh\u00e1c nhau t\u00f9y theo y\u00eau c\u1ea7u c\u1ee7a kh\u00e1ch h\u00e0ng.<\/div>\n<div><\/div>\n<div><strong>Bi\u1ec3u \u0111\u1ed3 t\u00ednh ch\u1ea5t v\u1eadt li\u1ec7u c\u00e1ch \u0111i\u1ec7n<\/strong><\/div>\n<p><img loading=\"lazy\" decoding=\"async\" class=\"alignnone size-full wp-image-987452376\" src=\"http:\/\/www.khonglieng.com.sg\/wp-content\/uploads\/additional-insulation-3.jpg\" sizes=\"(max-width: 1500px) 100vw, 1500px\" srcset=\"https:\/\/khonglieng.com.sg\/wp-content\/uploads\/additional-insulation-3.jpg 1500w, https:\/\/khonglieng.com.sg\/wp-content\/uploads\/additional-insulation-3-300x100.jpg 300w, https:\/\/khonglieng.com.sg\/wp-content\/uploads\/additional-insulation-3-768x255.jpg 768w, https:\/\/khonglieng.com.sg\/wp-content\/uploads\/additional-insulation-3-1024x340.jpg 1024w, https:\/\/khonglieng.com.sg\/wp-content\/uploads\/additional-insulation-3-1080x359.jpg 1080w\" alt=\"\" width=\"1500\" height=\"498\" \/>","protected":false},"excerpt":{"rendered":"<p>M\u1ed9t s\u1ed1 lo\u1ea1i v\u1eadt li\u1ec7u c\u00e1ch nhi\u1ec7t kh\u00e1c nh\u01b0: PTFE, Gio\u0103ng t\u1ea5m Epoxy\/Phenolic gia c\u01b0\u1eddng s\u1ee3i th\u1ee7y tinh, T\u1ea5m kim lo\u1ea1i ph\u1ee7 Epoxy, Gio\u0103ng Kammprofile c\u00f3 l\u1edbp ph\u1ee7 Starpite v\u00e0 nhi\u1ec1u lo\u1ea1i kh\u00e1c.<\/p>\n","protected":false},"featured_media":1516,"template":"","meta":[],"product_cat":[242,245],"product_tag":[],"class_list":{"0":"post-1514","1":"product","2":"type-product","3":"status-publish","4":"has-post-thumbnail","6":"product_cat-jes","7":"product_cat-startec-gasket","9":"first","10":"instock","11":"shipping-taxable","12":"product-type-simple"},"_links":{"self":[{"href":"https:\/\/sval.vn\/vi\/wp-json\/wp\/v2\/product\/1514"}],"collection":[{"href":"https:\/\/sval.vn\/vi\/wp-json\/wp\/v2\/product"}],"about":[{"href":"https:\/\/sval.vn\/vi\/wp-json\/wp\/v2\/types\/product"}],"wp:featuredmedia":[{"embeddable":true,"href":"https:\/\/sval.vn\/vi\/wp-json\/wp\/v2\/media\/1516"}],"wp:attachment":[{"href":"https:\/\/sval.vn\/vi\/wp-json\/wp\/v2\/media?parent=1514"}],"wp:term":[{"taxonomy":"product_cat","embeddable":true,"href":"https:\/\/sval.vn\/vi\/wp-json\/wp\/v2\/product_cat?post=1514"},{"taxonomy":"product_tag","embeddable":true,"href":"https:\/\/sval.vn\/vi\/wp-json\/wp\/v2\/product_tag?post=1514"}],"curies":[{"name":"wp","href":"https:\/\/api.w.org\/{rel}","templated":true}]}}