{"id":1507,"date":"2024-09-23T01:32:36","date_gmt":"2024-09-23T01:32:36","guid":{"rendered":"https:\/\/sval.vn\/?post_type=product&#038;p=1507"},"modified":"2024-10-17T07:08:28","modified_gmt":"2024-10-17T07:08:28","slug":"startec-9320-os-gasket","status":"publish","type":"product","link":"https:\/\/sval.vn\/vi\/san-pham\/startec-9320-os-gasket\/","title":{"rendered":"STARTEC\u00ae 9320-OS Gasket"},"content":{"rendered":"<strong>STARTEC<span class=\"small\"><sup>\u00ae<\/sup><\/span>\u00a09320-OS Cross Section<\/strong><br \/>\n<img loading=\"lazy\" decoding=\"async\" class=\"alignnone size-medium wp-image-987452370\" src=\"http:\/\/www.khonglieng.com.sg\/wp-content\/uploads\/startec-9320os-cross-section-300x170.jpg\" sizes=\"(max-width: 300px) 100vw, 300px\" srcset=\"https:\/\/khonglieng.com.sg\/wp-content\/uploads\/startec-9320os-cross-section-300x170.jpg 300w, https:\/\/khonglieng.com.sg\/wp-content\/uploads\/startec-9320os-cross-section.jpg 500w\" alt=\"\" width=\"300\" height=\"170\" \/><\/p>\n<div><strong>Th\u00e0nh ph\u1ea7n<\/strong><\/div>\n<div><\/div>\n<div>L\u00f5i kim lo\u1ea1i \u2013 L\u00f5i kim lo\u1ea1i kh\u00f4ng g\u1ec9 g\u1eafn gi\u1eefa Epoxy gia c\u01b0\u1eddng th\u1ee7y tinh c\u00f3 kh\u1ea3 n\u0103ng b\u1ecbt k\u00edn v\u01b0\u1ee3t tr\u1ed9i v\u00e0 \u0111\u1eb7c t\u00ednh c\u00e1ch nhi\u1ec7t \u0111\u01b0\u1ee3c gia c\u1ed1 \u1edf \u00e1p su\u1ea5t cao. (T\u1ed1i \u0111a ASME Class 2500). V\u1eadt li\u1ec7u l\u00f5i ti\u00eau chu\u1ea9n l\u00e0 Th\u00e9p kh\u00f4ng g\u1ec9 316L v\u00e0 c\u00e1c t\u00f9y ch\u1ecdn v\u1eadt li\u1ec7u \u0111\u1eb7c bi\u1ec7t kh\u00e1c c\u00f3 s\u1eb5n t\u00f9y thu\u1ed9c v\u00e0o y\u00eau c\u1ea7u c\u1ee7a kh\u00e1ch h\u00e0ng.<\/div>\n<div>V\u1eadt li\u1ec7u b\u1ecbt k\u00edn &#8211; V\u1eadt li\u1ec7u nhi\u1ec1u l\u1edbp c\u1ee7a STARTEC\u00ae 9320-OS \u0111\u01b0\u1ee3c c\u1ea5u th\u00e0nh t\u1eeb Epoxy gia c\u01b0\u1eddng th\u1ee7y tinh (NEMA LI-1 G10, G11) \u0111\u1ec3 c\u00e1ch nhi\u1ec7t tuy\u1ec7t v\u1eddi. N\u00f3 b\u1ea3o v\u1ec7 kh\u1ecfi r\u00f2 r\u1ec9 tr\u00ean bu l\u00f4ng qu\u00e1 ch\u1eb7t v\u00e0 s\u1ef1 x\u00e2m nh\u1eadp c\u1ee7a ch\u1ea5t l\u1ecfng g\u00e2y x\u00f3i m\u00f2n v\u1edbi bi\u1ebfn d\u1ea1ng.<\/div>\n<div>Gio\u0103ng PTFE gia c\u01b0\u1eddng l\u00f2 xo \u2013 Vi\u1ec7c l\u1ef1a ch\u1ecdn v\u1eadt li\u1ec7u b\u1ecbt k\u00edn l\u00e0 r\u1ea5t quan tr\u1ecdng v\u00e0 c\u1ea7n \u0111\u01b0\u1ee3c xem x\u00e9t \u0111\u1ed9 tin c\u1eady c\u1ee7a n\u00f3 nh\u01b0 t\u1eebng \u0111\u1eb7c t\u00ednh c\u1ee7a ch\u1ea5t l\u1ecfng h\u00f3a h\u1ecdc, nhi\u1ec7t \u0111\u1ed9 v\u00e0 \u00e1p su\u1ea5t, v.v. N\u00f3 \u0111\u01b0\u1ee3c thi\u1ebft k\u1ebf \u0111\u1ec3 \u0111\u1ea3m b\u1ea3o an to\u00e0n kh\u1ecfi t\u00ecnh tr\u1ea1ng b\u1ecbt k\u00edn g\u00e2y h\u01b0 h\u1ecfng v\u00e0 bi\u1ebfn d\u1ea1ng do m\u00f4i tr\u01b0\u1eddng. \u0110\u1eb7c bi\u1ec7t, STARTEC\u00ae 9320-OS \u0111\u01b0\u1ee3c gi\u1ea3m thi\u1ec3u d\u00f2ng ch\u1ea3y l\u1ea1nh b\u1eb1ng c\u00e1ch g\u1eafn l\u00f2 xo gia c\u1ed1 (Th\u00e9p kh\u00f4ng g\u1ec9) v\u00e0o Gio\u0103ng PTFE. C\u00f3 th\u1ec3 b\u1ecbt k\u00edn \u0111\u00e1ng tin c\u1eady b\u1eb1ng c\u00e1ch s\u1eed d\u1ee5ng rung \u0111\u1ed9ng vi m\u00f4 ho\u1eb7c bi\u1ebfn d\u1ea1ng b\u1eb1ng c\u00e1ch n\u1edbi l\u1ecfng bu l\u00f4ng.<\/div>\n<div><\/div>\n<div><strong>\u01afu \u0111i\u1ec3m c\u1ee7a STARTEC\u00ae 9320-OS<\/strong><\/div>\n<div>A. Kh\u1ea3 n\u0103ng b\u1ecbt k\u00edn v\u00e0 c\u00e1ch \u0111i\u1ec7n v\u01b0\u1ee3t tr\u1ed9i.<\/div>\n<div>B. \u00c1p su\u1ea5t cao (T\u1ed1i \u0111a ASME Class 2500)<\/div>\n<div>C. C\u00e1ch ly tuy\u1ec7t v\u1eddi b\u1eb1ng NEMA LI-1 G10, G11.<\/div>\n<div>D. B\u1ea3o v\u1ec7 ch\u1ed1ng \u0103n m\u00f2n \u0111i\u1ec7n \u1edf c\u00e1c kim lo\u1ea1i kh\u00f4ng gi\u1ed1ng nhau.<\/div>\n<div>E. \u0110\u1ed9 b\u1ec1n cao c\u1ee7a v\u1eadt gi\u1eef b\u1ecbt k\u00edn ng\u0103n ng\u1eeba h\u01b0 h\u1ecfng do n\u00e9n qu\u00e1 m\u1ee9c.<\/div>\n<div>F. D\u1ec5 d\u00e0ng l\u1eafp \u0111\u1eb7t v\u00e0 th\u00e1o r\u1eddi.<\/div>\n<div>G. C\u00f3 s\u1eb5n cho M\u1eb7t b\u00edch n\u1ed1i v\u00f2ng v\u00e0 M\u1eb7t b\u00edch m\u1eb7t n\u00e2ng<\/div>\n<div><\/div>\n<div><strong>K\u1ebft qu\u1ea3 th\u1eed nghi\u1ec7m th\u1ee7y l\u1ef1c<\/strong><\/div>\n<div>\u2013 M\u1eb7t b\u00edch m\u1eb7t n\u00e2ng 600LB 2\u201d, Th\u1ee7y l\u1ef1c 180 kgf\/cm***: 360 gi\u1edd Kh\u00f4ng r\u00f2 r\u1ec9<\/div>\n<p><img loading=\"lazy\" decoding=\"async\" class=\"alignnone size-full wp-image-987452371\" src=\"http:\/\/www.khonglieng.com.sg\/wp-content\/uploads\/startec-9320os-hydro-test-result.jpg\" sizes=\"(max-width: 1000px) 100vw, 1000px\" srcset=\"https:\/\/khonglieng.com.sg\/wp-content\/uploads\/startec-9320os-hydro-test-result.jpg 1000w, https:\/\/khonglieng.com.sg\/wp-content\/uploads\/startec-9320os-hydro-test-result-300x131.jpg 300w, https:\/\/khonglieng.com.sg\/wp-content\/uploads\/startec-9320os-hydro-test-result-768x334.jpg 768w\" alt=\"\" width=\"1000\" height=\"435\" \/>","protected":false},"excerpt":{"rendered":"<div><strong>T\u1ea5m kim lo\u1ea1i ph\u1ee7 Epoxy gia c\u01b0\u1eddng th\u1ee7y tinh c\u00f3 gio\u0103ng PTFE<\/strong><\/div>\n<div><\/div>\n<div>STARTEC\u00ae 9320-OS cung c\u1ea5p gi\u1ea3i ph\u00e1p tuy\u1ec7t v\u1eddi cho c\u00e1ch \u0111i\u1ec7n m\u1eb7t b\u00edch \u0111i\u1ec7n v\u00e0 th\u01b0\u1eddng \u0111\u01b0\u1ee3c s\u1eed d\u1ee5ng cho c\u00e1c d\u1ecbch v\u1ee5 \u00e1p su\u1ea5t cao. N\u00f3 \u0111\u01b0\u1ee3c l\u1eafp \u0111\u1eb7t trong k\u1ebft n\u1ed1i c\u00e1c v\u1eadt li\u1ec7u m\u1eb7t b\u00edch kh\u00e1c nhau khi c\u1ea7n b\u1ea3o v\u1ec7 ch\u1ed1ng \u0103n m\u00f2n \u0111i\u1ec7n.<\/div>\n<div><\/div>\n<div>Gio\u0103ng PTFE gia c\u01b0\u1eddng l\u00f2 xo g\u1eafn tr\u00ean Epoxy gia c\u01b0\u1eddng th\u1ee7y tinh c\u00f3 kh\u1ea3 n\u0103ng b\u1ecbt k\u00edn v\u01b0\u1ee3t tr\u1ed9i cho d\u1ecbch v\u1ee5 \u00e1p su\u1ea5t th\u1ea5p.<\/div>\n","protected":false},"featured_media":1508,"template":"","meta":[],"product_cat":[245],"product_tag":[],"class_list":{"0":"post-1507","1":"product","2":"type-product","3":"status-publish","4":"has-post-thumbnail","6":"product_cat-startec-gasket","8":"first","9":"instock","10":"shipping-taxable","11":"product-type-simple"},"_links":{"self":[{"href":"https:\/\/sval.vn\/vi\/wp-json\/wp\/v2\/product\/1507"}],"collection":[{"href":"https:\/\/sval.vn\/vi\/wp-json\/wp\/v2\/product"}],"about":[{"href":"https:\/\/sval.vn\/vi\/wp-json\/wp\/v2\/types\/product"}],"wp:featuredmedia":[{"embeddable":true,"href":"https:\/\/sval.vn\/vi\/wp-json\/wp\/v2\/media\/1508"}],"wp:attachment":[{"href":"https:\/\/sval.vn\/vi\/wp-json\/wp\/v2\/media?parent=1507"}],"wp:term":[{"taxonomy":"product_cat","embeddable":true,"href":"https:\/\/sval.vn\/vi\/wp-json\/wp\/v2\/product_cat?post=1507"},{"taxonomy":"product_tag","embeddable":true,"href":"https:\/\/sval.vn\/vi\/wp-json\/wp\/v2\/product_tag?post=1507"}],"curies":[{"name":"wp","href":"https:\/\/api.w.org\/{rel}","templated":true}]}}