{"id":1503,"date":"2024-09-23T01:29:26","date_gmt":"2024-09-23T01:29:26","guid":{"rendered":"https:\/\/sval.vn\/?post_type=product&#038;p=1503"},"modified":"2024-10-17T07:17:27","modified_gmt":"2024-10-17T07:17:27","slug":"startec-9230-es-gasket","status":"publish","type":"product","link":"https:\/\/sval.vn\/vi\/san-pham\/startec-9230-es-gasket\/","title":{"rendered":"STARTEC\u00ae 9230-ES Gasket"},"content":{"rendered":"<strong>M\u1eb7t c\u1eaft ngang STARTEC<span class=\"small\"><sup>\u00ae<\/sup><\/span> 9230-ES\u00a0<\/strong><br \/>\n<img loading=\"lazy\" decoding=\"async\" class=\"alignnone size-medium wp-image-987452365\" src=\"http:\/\/www.khonglieng.com.sg\/wp-content\/uploads\/startec-9230es-cross-section-300x199.jpg\" sizes=\"(max-width: 300px) 100vw, 300px\" srcset=\"https:\/\/khonglieng.com.sg\/wp-content\/uploads\/startec-9230es-cross-section-300x199.jpg 300w, https:\/\/khonglieng.com.sg\/wp-content\/uploads\/startec-9230es-cross-section.jpg 500w\" alt=\"\" width=\"300\" height=\"199\" \/><\/p>\n<div><strong>Th\u00e0nh ph\u1ea7n<\/strong><\/div>\n<div><\/div>\n<div>K\u1eb9p gi\u1eef k\u00edn -K\u1eb9p gi\u1eef STARTEC\u00ae 9230-ES \u0111\u01b0\u1ee3c ch\u1ebf t\u1ea1o t\u1eeb c\u00e1c l\u1edbp ph\u1ee7 Epoxy gia c\u01b0\u1eddng th\u1ee7y tinh v\u00e0 c\u00f3 \u0111\u1ed9 b\u1ec1n \u0111i\u1ec7n m\u00f4i tuy\u1ec7t v\u1eddi, b\u1ea3o v\u1ec7 r\u00f2 r\u1ec9 kh\u1ecfi \u00e1p su\u1ea5t cao, bi\u1ebfn d\u1ea1ng c\u1ee7a ch\u1ea5t l\u1ecfng b\u00ean ngo\u00e0i v\u00e0 d\u00f2ng ch\u1ea3y v\u00e0o.<\/div>\n<div>V\u1eadt li\u1ec7u b\u1ecbt k\u00edn \u2013 V\u1eadt li\u1ec7u b\u1ecbt k\u00edn l\u00e0 y\u1ebfu t\u1ed1 quan tr\u1ecdng nh\u1ea5t, x\u00e1c \u0111\u1ecbnh kh\u1ea3 n\u0103ng b\u1ecbt k\u00edn v\u00e0 c\u1ea7n xem x\u00e9t t\u1eebng \u0111\u1eb7c t\u00ednh h\u00f3a h\u1ecdc, nhi\u1ec7t \u0111\u1ed9 v\u00e0 \u0111i\u1ec1u ki\u1ec7n \u00e1p su\u1ea5t. H\u01a1n n\u1eefa, n\u00f3 \u0111\u01b0\u1ee3c thi\u1ebft k\u1ebf theo ho\u00e0n c\u1ea3nh h\u01b0 h\u1ecfng v\u00e0 bi\u1ebfn d\u1ea1ng \u0111\u1ec3 b\u1ecbt k\u00edn \u0111\u00fang c\u00e1ch.K\u1eb9p gi\u1eef k\u00edn STARTEC\u00ae 9230-ES r\u1ea5t tuy\u1ec7t v\u1eddi trong vi\u1ec7c gi\u1ea3m thi\u1ec3u \u00f4 nhi\u1ec5m ch\u1ea5t l\u1ecfng b\u00ean ngo\u00e0i v\u00e0 d\u00f2ng ch\u1ea3y v\u00e0o<\/div>\n<div><\/div>\n<div><strong>L\u1ee3i \u00edch c\u1ee7a STARTEC\u00ae 9230-ES<\/strong><\/div>\n<div>A. Kh\u1ea3 n\u0103ng b\u1ecbt k\u00edn v\u01b0\u1ee3t tr\u1ed9i cho \u0110\u01b0\u1eddng \u1ed1ng \u00e1p su\u1ea5t trung b\u00ecnh (Lo\u1ea1i 150~600)<\/div>\n<div>B. \u0110\u1ed9 b\u1ec1n cao c\u1ee7a k\u1eb9p gi\u1eef k\u00edn ng\u0103n ng\u1eeba h\u01b0 h\u1ecfng do n\u00e9n qu\u00e1 m\u1ee9c<\/div>\n<div>C. Hi\u1ec7u su\u1ea5t c\u00e1ch \u0111i\u1ec7n tuy\u1ec7t v\u1eddi<\/div>\n<div>D. B\u1ea3o v\u1ec7 ch\u1ed1ng \u0103n m\u00f2n \u0111i\u1ec7n \u1edf c\u00e1c kim lo\u1ea1i kh\u00e1c nhau.<\/div>\n<div>E. B\u1ea3o v\u1ec7 ch\u1ed1ng h\u01b0 h\u1ecfng b\u1ec1 m\u1eb7t \u0111\u1ed1i di\u1ec7n<\/div>\n<div>F. D\u1ec5 d\u00e0ng l\u1eafp \u0111\u1eb7t v\u00e0 th\u00e1o r\u1eddi<\/div>\n<div>G. Kh\u1ea3 n\u0103ng b\u1ecbt k\u00edn \u1ed5n \u0111\u1ecbnh \u1edf b\u1ec1 m\u1eb7t b\u00edch kh\u00f4ng b\u1eb1ng ph\u1eb3ng v\u00e0 kh\u00f4ng b\u1eb1ng ph\u1eb3ng<\/div>","protected":false},"excerpt":{"rendered":"<div><strong>Gio\u0103ng b\u00edch Epoxy nhi\u1ec1u l\u1edbp V\u1eadt li\u1ec7u b\u1ecbt k\u00edn<\/strong><\/div>\n<div><\/div>\n<div>STARTEC\u00ae 9230-ES \u0111\u01b0\u1ee3c thi\u1ebft k\u1ebf cho gio\u0103ng d\u1ecbch v\u1ee5 \u00e1p su\u1ea5t trung b\u00ecnh, \u0111\u01b0\u1ee3c y\u00eau c\u1ea7u v\u1ec1 c\u00e1ch \u0111i\u1ec7n v\u00e0 ng\u0103n ng\u1eeba \u0103n m\u00f2n \u0111i\u1ec7n khi k\u1ebft n\u1ed1i v\u1edbi c\u00e1c kim lo\u1ea1i kh\u00e1c nhau, v\u00e0 b\u1ea3o v\u1ec7 m\u1eb7t b\u00edch kh\u1ecfi h\u01b0 h\u1ecfng do \u00e1p su\u1ea5t th\u1ea5p.<\/div>\n<div><\/div>\n<div>\u0110\u1ec3 t\u0103ng c\u01b0\u1eddng kh\u1ea3 n\u0103ng b\u1ecbt k\u00edn v\u00e0 hi\u1ec7u su\u1ea5t c\u00e1ch ly, Epoxy gia c\u01b0\u1eddng th\u1ee7y tinh \u0111\u01b0\u1ee3c gia c\u1ed1 tr\u00ean c\u1ea3 hai b\u1ec1 m\u1eb7t c\u1ee7a V\u1eadt li\u1ec7u b\u1ecbt k\u00edn. Xem x\u00e9t D\u00f2ng \u00e1p d\u1ee5ng, v\u1eadt li\u1ec7u Elastomer \u0111\u01b0\u1ee3c ch\u1ec9 \u0111\u1ecbnh c\u00f3 th\u1ec3 th\u00edch \u1ee9ng v\u00e0 c\u1ea3 hai lo\u1ea1i M\u1eb7t \u0111\u1ea7y \u0111\u1ee7 v\u00e0 V\u00f2ng ph\u1eb3ng \u0111\u1ec1u c\u00f3 s\u1eb5n theo y\u00eau c\u1ea7u.<\/div>\n","protected":false},"featured_media":1504,"template":"","meta":[],"product_cat":[242,245],"product_tag":[],"class_list":{"0":"post-1503","1":"product","2":"type-product","3":"status-publish","4":"has-post-thumbnail","6":"product_cat-jes","7":"product_cat-startec-gasket","9":"first","10":"instock","11":"shipping-taxable","12":"product-type-simple"},"_links":{"self":[{"href":"https:\/\/sval.vn\/vi\/wp-json\/wp\/v2\/product\/1503"}],"collection":[{"href":"https:\/\/sval.vn\/vi\/wp-json\/wp\/v2\/product"}],"about":[{"href":"https:\/\/sval.vn\/vi\/wp-json\/wp\/v2\/types\/product"}],"wp:featuredmedia":[{"embeddable":true,"href":"https:\/\/sval.vn\/vi\/wp-json\/wp\/v2\/media\/1504"}],"wp:attachment":[{"href":"https:\/\/sval.vn\/vi\/wp-json\/wp\/v2\/media?parent=1503"}],"wp:term":[{"taxonomy":"product_cat","embeddable":true,"href":"https:\/\/sval.vn\/vi\/wp-json\/wp\/v2\/product_cat?post=1503"},{"taxonomy":"product_tag","embeddable":true,"href":"https:\/\/sval.vn\/vi\/wp-json\/wp\/v2\/product_tag?post=1503"}],"curies":[{"name":"wp","href":"https:\/\/api.w.org\/{rel}","templated":true}]}}