{"id":1498,"date":"2024-09-22T14:39:57","date_gmt":"2024-09-22T14:39:57","guid":{"rendered":"https:\/\/sval.vn\/?post_type=product&#038;p=1498"},"modified":"2024-10-17T07:19:12","modified_gmt":"2024-10-17T07:19:12","slug":"mining-seals","status":"publish","type":"product","link":"https:\/\/sval.vn\/vi\/san-pham\/mining-seals\/","title":{"rendered":"Mining Seals"},"content":{"rendered":"<strong>Nguy\u00ean li\u1ec7u <\/strong><\/p>\n<p>PU chi\u1ebfm \u01b0u th\u1ebf nh\u01b0 m\u1ed9t v\u1eadt li\u1ec7u l\u00e0m k\u00edn, NBR ch\u1ee7 y\u1ebfu \u0111\u01b0\u1ee3c s\u1eed d\u1ee5ng cho c\u00e1c th\u00e0nh ph\u1ea7n t\u1ea3i tr\u01b0\u1edbc. \u0110\u1ed1i v\u1edbi v\u00f2ng \u0111\u1ec7m d\u1ef1 ph\u00f2ng, POM th\u01b0\u1eddng \u0111\u01b0\u1ee3c s\u1eed d\u1ee5ng l\u00e0m v\u1eadt li\u1ec7u b\u1ed5 sung.<\/p>\n<p><img loading=\"lazy\" decoding=\"async\" class=\"alignnone size-full wp-image-987452401\" src=\"http:\/\/www.khonglieng.com.sg\/wp-content\/uploads\/mining-seals.jpg\" sizes=\"(max-width: 1800px) 100vw, 1800px\" srcset=\"https:\/\/khonglieng.com.sg\/wp-content\/uploads\/mining-seals.jpg 1800w, https:\/\/khonglieng.com.sg\/wp-content\/uploads\/mining-seals-196x300.jpg 196w, https:\/\/khonglieng.com.sg\/wp-content\/uploads\/mining-seals-768x1178.jpg 768w, https:\/\/khonglieng.com.sg\/wp-content\/uploads\/mining-seals-667x1024.jpg 667w, https:\/\/khonglieng.com.sg\/wp-content\/uploads\/mining-seals-1080x1657.jpg 1080w\" alt=\"\" width=\"1800\" height=\"2762\" \/><\/p>\n<div>* V\u00ec l\u00fd do k\u1ef9 thu\u1eadt, POM ch\u1ec9 n\u00ean \u0111\u01b0\u1ee3c s\u1eed d\u1ee5ng \u1edf nhi\u1ec7t \u0111\u1ed9 t\u1ed1i \u0111a l\u00e0 80\u00b0 C. \u0110\u1ed1i v\u1edbi nhi\u1ec7t \u0111\u1ed9 cao h\u01a1n, ch\u00fang t\u00f4i khuy\u00ean d\u00f9ng Nh\u00f4m\/Th\u00e9p.<\/div>\n<div><\/div>\n<div>** M\u1ee9c \u00e1p su\u1ea5t t\u1ed1i \u0111a cho \u1ee9ng d\u1ee5ng \u0111\u1ed9ng v\u00e0 t\u0129nh ph\u1ee5 thu\u1ed9c v\u00e0o thi\u1ebft k\u1ebf c\u1ea5u h\u00ecnh.<\/div>","protected":false},"excerpt":{"rendered":"<p>Mining Seals th\u01b0\u1eddng l\u00e0 seal nhi\u1ec1u ph\u1ea7n v\u1edbi c\u00e1c v\u00f2ng \u0111\u1ec7m d\u1ef1 ph\u00f2ng b\u1ed5 sung v\u00e0 c\u00e1c th\u00e0nh ph\u1ea7n t\u1ea3i tr\u01b0\u1edbc \u0111\u1ec3 \u0111\u00e1p \u1ee9ng c\u00e1c y\u00eau c\u1ea7u t\u0103ng l\u00ean.<\/p>\n<p>V\u1ec1 m\u1eb7t h\u00ecnh h\u1ecdc, c\u00e1c lo\u1ea1i seals n\u00e0y gi\u1ed1ng v\u1edbi piston seals v\u00e0 thanh truy\u1ec1n th\u00f4ng th\u01b0\u1eddng, nh\u01b0ng ch\u00fang \u0111\u01b0\u1ee3c \u0111i\u1ec1u ch\u1ec9nh \u0111\u1ec3 ph\u00f9 h\u1ee3p v\u1edbi \u00e1p su\u1ea5t th\u1ee7y l\u1ef1c t\u01b0\u01a1ng \u0111\u1ed1i cao c\u1ee7a c\u00e1c \u1ee9ng d\u1ee5ng khai th\u00e1c.<\/p>\n","protected":false},"featured_media":1499,"template":"","meta":[],"product_cat":[243],"product_tag":[],"class_list":{"0":"post-1498","1":"product","2":"type-product","3":"status-publish","4":"has-post-thumbnail","6":"product_cat-seal-maker","8":"first","9":"instock","10":"shipping-taxable","11":"product-type-simple"},"_links":{"self":[{"href":"https:\/\/sval.vn\/vi\/wp-json\/wp\/v2\/product\/1498"}],"collection":[{"href":"https:\/\/sval.vn\/vi\/wp-json\/wp\/v2\/product"}],"about":[{"href":"https:\/\/sval.vn\/vi\/wp-json\/wp\/v2\/types\/product"}],"wp:featuredmedia":[{"embeddable":true,"href":"https:\/\/sval.vn\/vi\/wp-json\/wp\/v2\/media\/1499"}],"wp:attachment":[{"href":"https:\/\/sval.vn\/vi\/wp-json\/wp\/v2\/media?parent=1498"}],"wp:term":[{"taxonomy":"product_cat","embeddable":true,"href":"https:\/\/sval.vn\/vi\/wp-json\/wp\/v2\/product_cat?post=1498"},{"taxonomy":"product_tag","embeddable":true,"href":"https:\/\/sval.vn\/vi\/wp-json\/wp\/v2\/product_tag?post=1498"}],"curies":[{"name":"wp","href":"https:\/\/api.w.org\/{rel}","templated":true}]}}