{"id":1480,"date":"2024-09-22T14:24:32","date_gmt":"2024-09-22T14:24:32","guid":{"rendered":"https:\/\/sval.vn\/?post_type=product&#038;p=1480"},"modified":"2024-10-17T07:21:20","modified_gmt":"2024-10-17T07:21:20","slug":"rotary-seals","status":"publish","type":"product","link":"https:\/\/sval.vn\/vi\/san-pham\/rotary-seals\/","title":{"rendered":"Rotary Seals"},"content":{"rendered":"<strong>V\u1eadt li\u1ec7u<\/strong><\/p>\n<p>&nbsp;<\/p>\n<p>Do c\u00e1c y\u00eau c\u1ea7u kh\u00e1c nhau, Rotary Seals \u0111\u01b0\u1ee3c l\u00e0m b\u1eb1ng ch\u1ea5t \u0111\u00e0n h\u1ed3i, ch\u1ea5t d\u1ebbo v\u00e0 \u0111\u01b0\u1ee3c s\u1ea3n xu\u1ea5t m\u1ed9t ph\u1ea7n b\u1eb1ng v\u1ecf kim lo\u1ea1i.<\/p>\n<p><img loading=\"lazy\" decoding=\"async\" class=\"alignnone size-full wp-image-987452402\" src=\"http:\/\/www.khonglieng.com.sg\/wp-content\/uploads\/rotary-seals.jpg\" sizes=\"(max-width: 1800px) 100vw, 1800px\" srcset=\"https:\/\/khonglieng.com.sg\/wp-content\/uploads\/rotary-seals.jpg 1800w, https:\/\/khonglieng.com.sg\/wp-content\/uploads\/rotary-seals-233x300.jpg 233w, https:\/\/khonglieng.com.sg\/wp-content\/uploads\/rotary-seals-768x991.jpg 768w, https:\/\/khonglieng.com.sg\/wp-content\/uploads\/rotary-seals-794x1024.jpg 794w, https:\/\/khonglieng.com.sg\/wp-content\/uploads\/rotary-seals-1080x1393.jpg 1080w, https:\/\/khonglieng.com.sg\/wp-content\/uploads\/rotary-seals-400x516.jpg 400w\" alt=\"\" width=\"1800\" height=\"2322\" \/><br \/>\n*<\/p>\n<p>V\u00ec l\u00fd do k\u1ef9 thu\u1eadt, POM ch\u1ec9 n\u00ean \u0111\u01b0\u1ee3c s\u1eed d\u1ee5ng \u1edf nhi\u1ec7t \u0111\u1ed9 t\u1ed1i \u0111a l\u00e0 80\u00b0 C. \u0110\u1ed1i v\u1edbi nhi\u1ec7t \u0111\u1ed9 cao h\u01a1n, ch\u00fang t\u00f4i khuy\u00ean d\u00f9ng Nh\u00f4m\/Th\u00e9p.","protected":false},"excerpt":{"rendered":"<p>Rotary Seals th\u01b0\u1eddng \u0111\u01b0\u1ee3c ph\u00e2n lo\u1ea1i cho c\u00e1c \u1ee9ng d\u1ee5ng ch\u1ecbu \u00e1p su\u1ea5t v\u00e0 cho c\u00e1c \u1ee9ng d\u1ee5ng kh\u00f4ng ch\u1ecbu \u00e1p su\u1ea5t.<\/p>\n","protected":false},"featured_media":1481,"template":"","meta":[],"product_cat":[243],"product_tag":[],"class_list":{"0":"post-1480","1":"product","2":"type-product","3":"status-publish","4":"has-post-thumbnail","6":"product_cat-seal-maker","8":"first","9":"instock","10":"shipping-taxable","11":"product-type-simple"},"_links":{"self":[{"href":"https:\/\/sval.vn\/vi\/wp-json\/wp\/v2\/product\/1480"}],"collection":[{"href":"https:\/\/sval.vn\/vi\/wp-json\/wp\/v2\/product"}],"about":[{"href":"https:\/\/sval.vn\/vi\/wp-json\/wp\/v2\/types\/product"}],"wp:featuredmedia":[{"embeddable":true,"href":"https:\/\/sval.vn\/vi\/wp-json\/wp\/v2\/media\/1481"}],"wp:attachment":[{"href":"https:\/\/sval.vn\/vi\/wp-json\/wp\/v2\/media?parent=1480"}],"wp:term":[{"taxonomy":"product_cat","embeddable":true,"href":"https:\/\/sval.vn\/vi\/wp-json\/wp\/v2\/product_cat?post=1480"},{"taxonomy":"product_tag","embeddable":true,"href":"https:\/\/sval.vn\/vi\/wp-json\/wp\/v2\/product_tag?post=1480"}],"curies":[{"name":"wp","href":"https:\/\/api.w.org\/{rel}","templated":true}]}}