{"id":1476,"date":"2024-09-22T14:21:26","date_gmt":"2024-09-22T14:21:26","guid":{"rendered":"https:\/\/sval.vn\/?post_type=product&#038;p=1476"},"modified":"2024-10-17T07:23:16","modified_gmt":"2024-10-17T07:23:16","slug":"static-seals-and-o-rings","status":"publish","type":"product","link":"https:\/\/sval.vn\/vi\/san-pham\/static-seals-and-o-rings\/","title":{"rendered":"Static Seals and O-rings"},"content":{"rendered":"<p class=\"qtranxs-available-languages-message qtranxs-available-languages-message-vi\">R\u1ea5t ti\u1ebfc, m\u1ee5c n\u00e0y ch\u1ec9 t\u1ed3n t\u1ea1i \u1edf <a href=\"https:\/\/sval.vn\/en\/wp-json\/wp\/v2\/product\/1476\" class=\"qtranxs-available-language-link qtranxs-available-language-link-en\" title=\"English\">English<\/a>, <a href=\"https:\/\/sval.vn\/ja\/wp-json\/wp\/v2\/product\/1476\" class=\"qtranxs-available-language-link qtranxs-available-language-link-ja\" title=\"\u65e5\u672c\u8a9e\">\u65e5\u672c\u8a9e<\/a> v\u00e0 <a href=\"https:\/\/sval.vn\/kr\/wp-json\/wp\/v2\/product\/1476\" class=\"qtranxs-available-language-link qtranxs-available-language-link-kr\" title=\"Korean\">Korean<\/a>.<\/p>","protected":false},"excerpt":{"rendered":"<p>V\u00f2ng ch\u1eef O ch\u1ee7 y\u1ebfu \u0111\u01b0\u1ee3c s\u1eed d\u1ee5ng l\u00e0m seals t\u0129nh, nh\u01b0ng c\u0169ng c\u00f3 th\u1ec3 \u0111\u01b0\u1ee3c s\u1eed d\u1ee5ng cho c\u00e1c \u1ee9ng d\u1ee5ng \u0111\u1ed9ng. Do h\u00ecnh d\u1ea1ng c\u1ee7a ch\u00fang, ch\u00fang c\u00f3 th\u1ec3 \u0111\u01b0\u1ee3c s\u1eed d\u1ee5ng nh\u01b0 t\u00e1c \u0111\u1ed9ng k\u00e9p.<\/p>\n","protected":false},"featured_media":1477,"template":"","meta":[],"product_cat":[243],"product_tag":[],"class_list":{"0":"post-1476","1":"product","2":"type-product","3":"status-publish","4":"has-post-thumbnail","6":"product_cat-seal-maker","8":"first","9":"instock","10":"shipping-taxable","11":"product-type-simple"},"_links":{"self":[{"href":"https:\/\/sval.vn\/vi\/wp-json\/wp\/v2\/product\/1476"}],"collection":[{"href":"https:\/\/sval.vn\/vi\/wp-json\/wp\/v2\/product"}],"about":[{"href":"https:\/\/sval.vn\/vi\/wp-json\/wp\/v2\/types\/product"}],"wp:featuredmedia":[{"embeddable":true,"href":"https:\/\/sval.vn\/vi\/wp-json\/wp\/v2\/media\/1477"}],"wp:attachment":[{"href":"https:\/\/sval.vn\/vi\/wp-json\/wp\/v2\/media?parent=1476"}],"wp:term":[{"taxonomy":"product_cat","embeddable":true,"href":"https:\/\/sval.vn\/vi\/wp-json\/wp\/v2\/product_cat?post=1476"},{"taxonomy":"product_tag","embeddable":true,"href":"https:\/\/sval.vn\/vi\/wp-json\/wp\/v2\/product_tag?post=1476"}],"curies":[{"name":"wp","href":"https:\/\/api.w.org\/{rel}","templated":true}]}}