{"id":1470,"date":"2024-09-22T14:17:46","date_gmt":"2024-09-22T14:17:46","guid":{"rendered":"https:\/\/sval.vn\/?post_type=product&#038;p=1470"},"modified":"2024-10-17T07:28:11","modified_gmt":"2024-10-17T07:28:11","slug":"symmetrical-seals","status":"publish","type":"product","link":"https:\/\/sval.vn\/vi\/san-pham\/symmetrical-seals\/","title":{"rendered":"Symmetrical Seals"},"content":{"rendered":"<strong>V\u1eadt li\u1ec7u<\/strong><\/p>\n<p>Symmetrical Seals ch\u1ee7 y\u1ebfu \u0111\u01b0\u1ee3c l\u00e0m t\u1eeb PU ho\u1eb7c NBR ho\u1eb7c FPM, nh\u01b0ng khi s\u1eed d\u1ee5ng k\u1ebft h\u1ee3p v\u1edbi v\u00f2ng ch\u1ecbu \u00e1p ho\u1eb7c v\u00f2ng \u0111\u1ee1, v\u1eadt li\u1ec7u PU v\u00e0 POM th\u01b0\u1eddng \u0111\u01b0\u1ee3c s\u1eed d\u1ee5ng.<\/p>\n<p><img loading=\"lazy\" decoding=\"async\" class=\"alignnone size-full wp-image-987452405\" src=\"http:\/\/www.khonglieng.com.sg\/wp-content\/uploads\/symmetrical-seals.jpg\" sizes=\"(max-width: 1800px) 100vw, 1800px\" srcset=\"https:\/\/khonglieng.com.sg\/wp-content\/uploads\/symmetrical-seals.jpg 1800w, https:\/\/khonglieng.com.sg\/wp-content\/uploads\/symmetrical-seals-257x300.jpg 257w, https:\/\/khonglieng.com.sg\/wp-content\/uploads\/symmetrical-seals-768x897.jpg 768w, https:\/\/khonglieng.com.sg\/wp-content\/uploads\/symmetrical-seals-876x1024.jpg 876w, https:\/\/khonglieng.com.sg\/wp-content\/uploads\/symmetrical-seals-1080x1262.jpg 1080w\" alt=\"\" width=\"1800\" height=\"2103\" \/>","protected":false},"excerpt":{"rendered":"<p>Symmetrical Seals c\u00f3 th\u1ec3 \u0111\u01b0\u1ee3c s\u1eed d\u1ee5ng l\u00e0m piston seals v\u00e0 Rod seals do h\u00ecnh d\u1ea1ng c\u1ee7a ch\u00fang. C\u00f3 th\u1ec3 n\u00f3i, ch\u00fang l\u00e0 gi\u1ea3i ph\u00e1p chung m\u00e0 kh\u00f4ng c\u1ea7n thi\u1ebft k\u1ebf c\u1ee5 th\u1ec3 cho m\u00f4i seals.<\/p>\n","protected":false},"featured_media":1475,"template":"","meta":[],"product_cat":[243],"product_tag":[],"class_list":{"0":"post-1470","1":"product","2":"type-product","3":"status-publish","4":"has-post-thumbnail","6":"product_cat-seal-maker","8":"first","9":"instock","10":"shipping-taxable","11":"product-type-simple"},"_links":{"self":[{"href":"https:\/\/sval.vn\/vi\/wp-json\/wp\/v2\/product\/1470"}],"collection":[{"href":"https:\/\/sval.vn\/vi\/wp-json\/wp\/v2\/product"}],"about":[{"href":"https:\/\/sval.vn\/vi\/wp-json\/wp\/v2\/types\/product"}],"wp:featuredmedia":[{"embeddable":true,"href":"https:\/\/sval.vn\/vi\/wp-json\/wp\/v2\/media\/1475"}],"wp:attachment":[{"href":"https:\/\/sval.vn\/vi\/wp-json\/wp\/v2\/media?parent=1470"}],"wp:term":[{"taxonomy":"product_cat","embeddable":true,"href":"https:\/\/sval.vn\/vi\/wp-json\/wp\/v2\/product_cat?post=1470"},{"taxonomy":"product_tag","embeddable":true,"href":"https:\/\/sval.vn\/vi\/wp-json\/wp\/v2\/product_tag?post=1470"}],"curies":[{"name":"wp","href":"https:\/\/api.w.org\/{rel}","templated":true}]}}