{"id":1464,"date":"2024-09-22T14:14:38","date_gmt":"2024-09-22T14:14:38","guid":{"rendered":"https:\/\/sval.vn\/?post_type=product&#038;p=1464"},"modified":"2024-10-17T07:29:09","modified_gmt":"2024-10-17T07:29:09","slug":"wipers","status":"publish","type":"product","link":"https:\/\/sval.vn\/vi\/san-pham\/wipers\/","title":{"rendered":"Wipers"},"content":{"rendered":"<strong>V\u1eadt li\u1ec7u<\/strong><\/p>\n<p>&nbsp;<\/p>\n<p>G\u1ea1t n\u01b0\u1edbc ch\u1ee7 y\u1ebfu \u0111\u01b0\u1ee3c l\u00e0m b\u1eb1ng NBR ho\u1eb7c PU. G\u1ea1t n\u01b0\u1edbc PU c\u1ef1c k\u1ef3 b\u1ec1n v\u00e0 ch\u1ed1ng m\u00e0i m\u00f2n so v\u1edbi g\u1ea1t n\u01b0\u1edbc NBR, v\u00ec v\u1eady g\u1ea1t n\u01b0\u1edbc PU ng\u00e0y c\u00e0ng \u0111\u01b0\u1ee3c s\u1eed d\u1ee5ng nhi\u1ec1u h\u01a1n hi\u1ec7n nay. G\u1ea1t n\u01b0\u1edbc c\u0169ng c\u00f3 th\u1ec3 \u0111\u01b0\u1ee3c trang b\u1ecb v\u00f2ng gia c\u1ed1 (v\u00ed d\u1ee5, b\u1eb1ng kim lo\u1ea1i) v\u00e0 sau \u0111\u00f3 \u0111\u01b0\u1ee3c \u00e9p v\u00e0o c\u00e1c l\u1ed7 khoan tr\u1ee5c, thay v\u00ec c\u00e1c phi\u00ean b\u1ea3n l\u1eafp gh\u00e9p.<\/p>\n<p><img loading=\"lazy\" decoding=\"async\" class=\"alignnone size-full wp-image-987454037\" src=\"https:\/\/khonglieng.com.sg\/wp-content\/uploads\/Sealmaker-Wiper-Spec-Table.png\" sizes=\"(max-width: 976px) 100vw, 976px\" srcset=\"https:\/\/khonglieng.com.sg\/wp-content\/uploads\/Sealmaker-Wiper-Spec-Table.png 976w, https:\/\/khonglieng.com.sg\/wp-content\/uploads\/Sealmaker-Wiper-Spec-Table-245x300.png 245w, https:\/\/khonglieng.com.sg\/wp-content\/uploads\/Sealmaker-Wiper-Spec-Table-768x940.png 768w, https:\/\/khonglieng.com.sg\/wp-content\/uploads\/Sealmaker-Wiper-Spec-Table-836x1024.png 836w, https:\/\/khonglieng.com.sg\/wp-content\/uploads\/Sealmaker-Wiper-Spec-Table-510x624.png 510w\" alt=\"Sealmaker Wiper Spec Table\" width=\"976\" height=\"1195\" \/><\/p>\n<p>V\u00ec l\u00fd do k\u1ef9 thu\u1eadt, ch\u1ec9 n\u00ean s\u1eed d\u1ee5ng POM \u1edf nhi\u1ec7t \u0111\u1ed9 t\u1ed1i \u0111a l\u00e0 80\u00b0 C. \u0110\u1ed1i v\u1edbi nhi\u1ec7t \u0111\u1ed9 cao h\u01a1n, ch\u00fang t\u00f4i khuy\u00ean d\u00f9ng Nh\u00f4m\/Th\u00e9p.","protected":false},"excerpt":{"rendered":"<p>C\u00e1c b\u1ed9 ph\u1eadn b\u1ecbt k\u00edn d\u00f9ng \u0111\u1ec3 ng\u0103n c\u00e1c h\u1ea1t r\u1eafn x\u00e2m nh\u1eadp v\u00e0o h\u1ec7 th\u1ed1ng th\u1ee7y l\u1ef1c ho\u1eb7c b\u00f4i tr\u01a1n \u0111\u01b0\u1ee3c g\u1ecdi l\u00e0 g\u1ea1t n\u01b0\u1edbc ho\u1eb7c g\u1ea1t b\u1ee5i b\u1ea9n. Ngo\u00e0i ra c\u00f2n c\u00f3 g\u1ea1t n\u01b0\u1edbc \u0111\u01b0\u1ee3c s\u1eed d\u1ee5ng \u0111\u1ec3 ng\u0103n ch\u1ea5t l\u1ecfng x\u00e2m nh\u1eadp v\u00e0 \u0111\u00f4i khi c\u1ea3 hai nhi\u1ec7m v\u1ee5 ph\u1ea3i \u0111\u01b0\u1ee3c th\u1ef1c hi\u1ec7n \u0111\u1ed3ng th\u1eddi. Th\u01b0\u1eddng kh\u00f4ng c\u00f3 \u00e1p su\u1ea5t th\u1ee7y l\u1ef1c n\u00e0o \u0111\u01b0\u1ee3c \u00e1p d\u1ee5ng cho g\u1ea1t n\u01b0\u1edbc. \u0110i\u1ec1u b\u1eaft bu\u1ed9c l\u00e0 ph\u1ea3i \u0111\u1eb7t g\u1ea1t n\u01b0\u1edbc \u1edf v\u1ecb tr\u00ed \u1ed5n \u0111\u1ecbnh trong r\u00e3nh, c\u00f3 th\u1ec3 c\u1ea3i thi\u1ec7n b\u1eb1ng c\u00e1ch h\u1ed7 tr\u1ee3 tr\u1ee5c ho\u1eb7c h\u01b0\u1edbng t\u00e2m b\u1ed5 sung.<\/p>\n","protected":false},"featured_media":1469,"template":"","meta":[],"product_cat":[243],"product_tag":[],"class_list":{"0":"post-1464","1":"product","2":"type-product","3":"status-publish","4":"has-post-thumbnail","6":"product_cat-seal-maker","8":"first","9":"instock","10":"shipping-taxable","11":"product-type-simple"},"_links":{"self":[{"href":"https:\/\/sval.vn\/vi\/wp-json\/wp\/v2\/product\/1464"}],"collection":[{"href":"https:\/\/sval.vn\/vi\/wp-json\/wp\/v2\/product"}],"about":[{"href":"https:\/\/sval.vn\/vi\/wp-json\/wp\/v2\/types\/product"}],"wp:featuredmedia":[{"embeddable":true,"href":"https:\/\/sval.vn\/vi\/wp-json\/wp\/v2\/media\/1469"}],"wp:attachment":[{"href":"https:\/\/sval.vn\/vi\/wp-json\/wp\/v2\/media?parent=1464"}],"wp:term":[{"taxonomy":"product_cat","embeddable":true,"href":"https:\/\/sval.vn\/vi\/wp-json\/wp\/v2\/product_cat?post=1464"},{"taxonomy":"product_tag","embeddable":true,"href":"https:\/\/sval.vn\/vi\/wp-json\/wp\/v2\/product_tag?post=1464"}],"curies":[{"name":"wp","href":"https:\/\/api.w.org\/{rel}","templated":true}]}}