{"id":1446,"date":"2024-09-22T13:05:48","date_gmt":"2024-09-22T13:05:48","guid":{"rendered":"https:\/\/sval.vn\/?post_type=product&#038;p=1446"},"modified":"2024-10-17T07:34:00","modified_gmt":"2024-10-17T07:34:00","slug":"chemraz-555-broad-chemical-resistance-at-elevated-temperatures","status":"publish","type":"product","link":"https:\/\/sval.vn\/vi\/san-pham\/chemraz-555-broad-chemical-resistance-at-elevated-temperatures\/","title":{"rendered":"CHEMRAZ\u00ae 555 Broad Chemical Resistance at Elevated Temperatures"},"content":{"rendered":"<strong>T\u00ednh n\u0103ng &amp; L\u1ee3i \u00edch<\/strong><\/p>\n<p>&nbsp;<\/p>\n<ul>\n<li>Kh\u1ea3 n\u0103ng ch\u1ecbu nhi\u1ec7t \u0111\u1ed9 cao v\u01b0\u1ee3t tr\u1ed9i (600\u00b0F\/316\u00b0C) k\u1ebft h\u1ee3p v\u1edbi kh\u1ea3 n\u0103ng ch\u1ed1ng h\u00f3a ch\u1ea5t r\u1ed9ng trong nhi\u1ec1u lo\u1ea1i m\u00f4i tr\u01b0\u1eddng<\/li>\n<li>C\u00e1c t\u00ednh ch\u1ea5t v\u1eadt l\u00fd n\u1ed5i b\u1eadt cho ph\u00e9p thi\u1ebft k\u1ebf m\u1ea1nh m\u1ebd trong nhi\u1ec1u \u1ee9ng d\u1ee5ng kh\u00e1c nhau<\/li>\n<li>B\u1ed9 n\u00e9n tuy\u1ec7t v\u1eddi duy tr\u00ec t\u00ednh to\u00e0n v\u1eb9n c\u1ee7a ph\u1edbt trong nhi\u1ec1u bi\u1ebfn \u0111\u1ed9ng nhi\u1ec7t \u0111\u1ed9 v\u00e0 \u00e1p su\u1ea5t c\u0169ng nh\u01b0 \u0111\u1ed9 rung<\/li>\n<li>Kh\u1ea3 n\u0103ng ph\u1ee5c v\u1ee5 r\u1ed9ng r\u00e3i c\u00f3 th\u1ec3 gi\u1ea3m s\u1ed1 l\u01b0\u1ee3ng s\u1ea3n ph\u1ea9m trong kho th\u00f4ng qua ti\u00eau chu\u1ea9n h\u00f3a ph\u1edbt<\/li>\n<li>T\u00ednh to\u00e0n v\u1eb9n c\u1ee7a ph\u1edbt l\u00e2u h\u01a1n v\u00e0 t\u1ed1t h\u01a1n trong c\u00e1c \u1ee9ng d\u1ee5ng ph\u1edbt, gi\u00fap gi\u1ea3m chi ph\u00ed v\u00f2ng \u0111\u1eddi c\u1ee7a thi\u1ebft b\u1ecb<\/li>\n<\/ul>\n<p>&nbsp;<\/p>\n<p><strong>\u1ee8NG D\u1ee4NG<\/strong><\/p>\n<p>&nbsp;<\/p>\n<ul>\n<li>Mechanical Seals<\/li>\n<li>Van<\/li>\n<li>V\u1ecf b\u01a1m<\/li>\n<li>Thi\u1ebft b\u1ecb l\u1ea5y m\u1eabu\/\u0111o l\u01b0\u1eddng<\/li>\n<li>L\u00f2 ph\u1ea3n \u1ee9ng<\/li>\n<li>Kh\u1edbp n\u1ed1i k\u1ebft n\u1ed1i nhanh<\/li>\n<li>M\u00e1y tr\u1ed9n<\/li>\n<li>B\u1ed9 \u0111i\u1ec1u khi\u1ec3n\/thi\u1ebft b\u1ecb \u0111o l\u01b0\u1eddng<\/li>\n<li>M\u00e1y n\u00e9n<\/li>\n<li>M\u00e1y phun\/m\u00e1y ph\u00e2n ph\u1ed1i<\/li>\n<\/ul>\n<p><strong>\u0110\u1eb6C \u0110I\u1ec2M<\/strong><\/p>\n<p><img loading=\"lazy\" decoding=\"async\" class=\"alignnone wp-image-987453143\" src=\"http:\/\/www.khonglieng.com.sg\/wp-content\/uploads\/chemraz555a-spec.png\" sizes=\"(max-width: 422px) 100vw, 422px\" srcset=\"https:\/\/khonglieng.com.sg\/wp-content\/uploads\/chemraz555a-spec.png 546w, https:\/\/khonglieng.com.sg\/wp-content\/uploads\/chemraz555a-spec-510x740.png 510w, https:\/\/khonglieng.com.sg\/wp-content\/uploads\/chemraz555a-spec-207x300.png 207w\" alt=\"\" width=\"422\" height=\"612\" \/><\/p>\n<p>Bi\u1ec3u \u0111\u1ed3 sau \u0111\u00e2y so s\u00e1nh kh\u1ea3 n\u0103ng ch\u1ed1ng b\u1ed9 n\u00e9n c\u1ee7a Chemraz\u00ae 555 v\u00e0 m\u1ed9t s\u1ed1 v\u1eadt li\u1ec7u kh\u00e1c hi\u1ec7n c\u00f3 tr\u00ean th\u1ecb tr\u01b0\u1eddng.<\/p>\n<p><img loading=\"lazy\" decoding=\"async\" class=\"alignnone size-medium_large wp-image-987453261\" src=\"http:\/\/www.khonglieng.com.sg\/wp-content\/uploads\/Chemraz-555-Chart-768x439.jpg\" sizes=\"(max-width: 768px) 100vw, 768px\" srcset=\"https:\/\/khonglieng.com.sg\/wp-content\/uploads\/Chemraz-555-Chart-768x439.jpg 768w, https:\/\/khonglieng.com.sg\/wp-content\/uploads\/Chemraz-555-Chart-510x291.jpg 510w, https:\/\/khonglieng.com.sg\/wp-content\/uploads\/Chemraz-555-Chart-300x171.jpg 300w, https:\/\/khonglieng.com.sg\/wp-content\/uploads\/Chemraz-555-Chart-1024x585.jpg 1024w, https:\/\/khonglieng.com.sg\/wp-content\/uploads\/Chemraz-555-Chart-1080x617.jpg 1080w, https:\/\/khonglieng.com.sg\/wp-content\/uploads\/Chemraz-555-Chart.jpg 1786w\" alt=\"Chemraz 555 Chart\" width=\"768\" height=\"439\" \/>","protected":false},"excerpt":{"rendered":"<p>&nbsp;<\/p>\n<p><strong>KH\u1ea2 N\u0102NG CH\u1ed0NG N\u00c9N V\u01af\u1ee2T TR\u1ed8I<\/strong><\/p>\n<p>&nbsp;<\/p>\n<p>V\u1edbi kh\u1ea3 n\u0103ng kh\u00e1ng h\u00f3a ch\u1ea5t r\u1ed9ng, Chemraz\u00ae 555, m\u1ed9t lo\u1ea1i perfluoroelastomer, l\u00fd t\u01b0\u1edfng cho c\u00e1c \u1ee9ng d\u1ee5ng x\u1eed l\u00fd ch\u1ea5t l\u1ecfng \u0111\u1ea7y th\u00e1ch th\u1ee9c. Chemraz 555 cung c\u1ea5p d\u1ea3i ho\u1ea1t \u0111\u1ed9ng r\u1ed9ng h\u01a1n \u0111\u00e1ng k\u1ec3 v\u00e0 kh\u1ea3 n\u0103ng ch\u1ed1ng n\u00e9n v\u01b0\u1ee3t tr\u1ed9i h\u01a1n b\u1ea5t k\u1ef3 lo\u1ea1i perfluoroelastomer n\u00e0o kh\u00e1c tr\u00ean th\u1ecb tr\u01b0\u1eddng. V\u1edbi gi\u1edbi h\u1ea1n nhi\u1ec7t \u0111\u1ed9 tr\u00ean l\u00e0 600\u00b0F (316\u00b0C), \u0111\u00e2y l\u00e0 lo\u1ea1i elastomer \u0111\u01b0\u1ee3c l\u1ef1a ch\u1ecdn cho c\u00e1c d\u1ecbch v\u1ee5 \u0111\u00f2i h\u1ecfi kh\u1eaft khe nh\u1ea5t trong ng\u00e0nh c\u00f4ng nghi\u1ec7p tinh ch\u1ebf v\u00e0 x\u1eed l\u00fd h\u00f3a ch\u1ea5t.<\/p>\n<p>&nbsp;<\/p>\n<p>Chemraz 555 ph\u00f9 h\u1ee3p \u0111\u1ec3 s\u1eed d\u1ee5ng trong nhi\u1ec1u lo\u1ea1i m\u00f4i tr\u01b0\u1eddng kh\u00e1c nhau bao g\u1ed3m axit, ch\u1ea5t \u0103n da, an\u0111ehit, este, ete, ch\u1ea5t th\u01a1m, n\u01b0\u1edbc n\u00f3ng, h\u01a1i n\u01b0\u1edbc, amin, metanol, xeton, TBA, MTBE v\u00e0 c\u00e1c lu\u1ed3ng quy tr\u00ecnh h\u1ed7n h\u1ee3p. Chemraz 555 l\u00e0 m\u1ed9t trong nhi\u1ec1u s\u1ea3n ph\u1ea9m v\u00e0 d\u1ecbch v\u1ee5 ti\u1ebft ki\u1ec7m chi ph\u00ed c\u1ee7a Greene, Tweed gi\u00fap k\u00e9o d\u00e0i \u0111\u1ed9 tin c\u1eady v\u00e0 tu\u1ed5i th\u1ecd c\u1ee7a thi\u1ebft b\u1ecb c\u1ee7a kh\u00e1ch h\u00e0ng trong \u0111i\u1ec1u ki\u1ec7n kh\u1eafc nghi\u1ec7t \u0111\u1ed3ng th\u1eddi b\u1ea3o v\u1ec7 con ng\u01b0\u1eddi v\u00e0 m\u00f4i tr\u01b0\u1eddng kh\u1ecfi c\u00e1c kh\u00ed th\u1ea3i kh\u00f4ng mong mu\u1ed1n.<\/p>\n<p>&nbsp;<\/p>\n<p>Chemraz 555 c\u00f3 s\u1eb5n \u1edf d\u1ea1ng v\u00f2ng ch\u1eef O, mi\u1ebfng \u0111\u1ec7m v\u00e0 c\u00e1c h\u00ecnh d\u1ea1ng t\u00f9y ch\u1ec9nh kh\u00e1c.<\/p>\n","protected":false},"featured_media":1447,"template":"","meta":[],"product_cat":[244],"product_tag":[],"class_list":{"0":"post-1446","1":"product","2":"type-product","3":"status-publish","4":"has-post-thumbnail","6":"product_cat-greene-tweed","8":"first","9":"instock","10":"shipping-taxable","11":"product-type-simple"},"_links":{"self":[{"href":"https:\/\/sval.vn\/vi\/wp-json\/wp\/v2\/product\/1446"}],"collection":[{"href":"https:\/\/sval.vn\/vi\/wp-json\/wp\/v2\/product"}],"about":[{"href":"https:\/\/sval.vn\/vi\/wp-json\/wp\/v2\/types\/product"}],"wp:featuredmedia":[{"embeddable":true,"href":"https:\/\/sval.vn\/vi\/wp-json\/wp\/v2\/media\/1447"}],"wp:attachment":[{"href":"https:\/\/sval.vn\/vi\/wp-json\/wp\/v2\/media?parent=1446"}],"wp:term":[{"taxonomy":"product_cat","embeddable":true,"href":"https:\/\/sval.vn\/vi\/wp-json\/wp\/v2\/product_cat?post=1446"},{"taxonomy":"product_tag","embeddable":true,"href":"https:\/\/sval.vn\/vi\/wp-json\/wp\/v2\/product_tag?post=1446"}],"curies":[{"name":"wp","href":"https:\/\/api.w.org\/{rel}","templated":true}]}}