{"id":1442,"date":"2024-09-22T09:14:09","date_gmt":"2024-09-22T09:14:09","guid":{"rendered":"https:\/\/sval.vn\/?post_type=product&#038;p=1442"},"modified":"2024-10-17T07:37:28","modified_gmt":"2024-10-17T07:37:28","slug":"chemraz-505","status":"publish","type":"product","link":"https:\/\/sval.vn\/vi\/san-pham\/chemraz-505\/","title":{"rendered":"CHEMRAZ\u00ae 505"},"content":{"rendered":"&nbsp;<\/p>\n<p>Chemraz \u2014 Ch\u1ea5t \u0111\u00e0n h\u1ed3i t\u1ed1i \u01b0u cho c\u00e1c \u1ee9ng d\u1ee5ng d\u1ea7u kh\u00ed \u0111\u00f2i h\u1ecfi kh\u1eaft khe\u2014mang l\u1ea1i hi\u1ec7u su\u1ea5t b\u1ecbt k\u00edn tuy\u1ec7t v\u1eddi khi ti\u1ebfp x\u00fac v\u1edbi h\u1ed7n h\u1ee3p c\u00e1c h\u00f3a ch\u1ea5t m\u1ea1nh \u0111\u01b0\u1ee3c t\u00ecm th\u1ea5y d\u01b0\u1edbi l\u00f2ng \u0111\u1ea5t v\u00e0 th\u01b0\u1eddng \u0111\u01b0\u1ee3c c\u00e1c nh\u00e0 khai th\u00e1c ch\u1ec9 \u0111\u1ecbnh. C\u00e1c h\u1ee3p ch\u1ea5t \u0111\u1eb7c bi\u1ec7t \u0111\u00e3 \u0111\u01b0\u1ee3c pha ch\u1ebf \u0111\u1ec3 c\u1ea3i thi\u1ec7n kh\u1ea3 n\u0103ng ch\u1ed1ng l\u1ea1i s\u1ef1 gi\u1ea3i n\u00e9n kh\u00ed nhanh v\u00e0 m\u00e0i m\u00f2n, gi\u00fap gi\u1ea3m \u0111\u00e1ng k\u1ec3 th\u1eddi gian ch\u1ebft v\u00e0 b\u1ea3o tr\u00ec.<\/p>\n<p><img loading=\"lazy\" decoding=\"async\" class=\"alignnone wp-image-987453273 size-medium\" src=\"http:\/\/www.khonglieng.com.sg\/wp-content\/uploads\/Chemraz-Molecular-Structure-300x196.jpg\" sizes=\"(max-width: 300px) 100vw, 300px\" srcset=\"https:\/\/khonglieng.com.sg\/wp-content\/uploads\/Chemraz-Molecular-Structure-300x196.jpg 300w, https:\/\/khonglieng.com.sg\/wp-content\/uploads\/Chemraz-Molecular-Structure.jpg 489w\" alt=\"Chemraz Molecular Structure\" width=\"300\" height=\"196\" \/>\u00a0\u00a0\u00a0\u00a0\u00a0\u00a0\u00a0\u00a0\u00a0\u00a0<img loading=\"lazy\" decoding=\"async\" class=\"alignnone wp-image-987453274 \" src=\"http:\/\/www.khonglieng.com.sg\/wp-content\/uploads\/PTFE-150x150.png\" sizes=\"(max-width: 203px) 100vw, 203px\" srcset=\"https:\/\/khonglieng.com.sg\/wp-content\/uploads\/PTFE-150x150.png 150w, https:\/\/khonglieng.com.sg\/wp-content\/uploads\/PTFE-400x400.png 400w, https:\/\/khonglieng.com.sg\/wp-content\/uploads\/PTFE-100x100.png 100w\" alt=\"PTFE Molecular Structure\" width=\"203\" height=\"203\" \/><\/p>\n<p>H\u1ee3p ch\u1ea5t Chemraz t\u01b0\u01a1ng th\u00edch v\u1edbi t\u1ea5t c\u1ea3 c\u00e1c lo\u1ea1i ch\u1ea5t l\u1ecfng v\u00e0 kh\u00ed gi\u1ebfng khoan, c\u0169ng nh\u01b0 c\u00e1c h\u00f3a ch\u1ea5t ti\u00eam v\u00e0 x\u1eed l\u00fd, bao g\u1ed3m ch\u1ea5t l\u1ecfng ch\u1ee9a c\u00f3 h\u00e0m l\u01b0\u1ee3ng H2S cao, ch\u1ea5t l\u1ecfng x\u1eed l\u00fd k\u00edch th\u00edch, ch\u1ea5t l\u1ecfng ho\u00e0n thi\u1ec7n v\u00e0 ch\u1ea5t lo\u1ea1i b\u1ecf asphaltene nh\u01b0 Xylene v\u00e0 Toluene c\u00f9ng v\u1edbi c\u00e1c ch\u1ea5t \u1ee9c ch\u1ebf g\u1ed1c amin. Chemraz c\u00f3 s\u1eb5n \u1edf d\u1ea1ng v\u00f2ng ch\u1eef O, v\u00f2ng ch\u1eef V, v\u00f2ng ch\u1eef G-T\u00ae, \u1ed1ng n\u1ed1i \u0111i\u1ec7n, t\u1ea5m, ph\u1edbt li\u00ean k\u1ebft kim lo\u1ea1i, ph\u1edbt li\u00ean k\u1ebft nhi\u1ec7t d\u1ebbo Arlon\u00ae, ph\u1edbt thu nh\u1ecf, m\u00e0ng ng\u0103n v\u00e0 c\u1ea5u h\u00ecnh t\u00f9y ch\u1ec9nh.<\/p>\n<p><strong>\u1ee8ng d\u1ee5ng ti\u00eau bi\u1ec3u<\/strong><\/p>\n<p>&nbsp;<\/p>\n<ul>\n<li>Van an to\u00e0n d\u01b0\u1edbi b\u1ec1 m\u1eb7t<\/li>\n<li>M\u00e1y \u0111\u00f3ng g\u00f3i<\/li>\n<li>\u1ee8ng d\u1ee5ng \u0111\u1ecba nhi\u1ec7t<\/li>\n<li>C\u00f4ng c\u1ee5 ghi nh\u1eadt k\u00fd<\/li>\n<li>C\u00f4ng c\u1ee5 d\u00e2y<\/li>\n<li>C\u00f4ng c\u1ee5 ki\u1ec3m tra th\u00e2n khoan<\/li>\n<\/ul>\n<p><strong>H\u1ee3p ch\u1ea5t Chemraz<\/strong><\/p>\n<p>&nbsp;<\/p>\n<p>Chemraz 505\u2014H\u1ee3p ch\u1ea5t \u0111a n\u0103ng. Kh\u1ea3 n\u0103ng ch\u1ecbu nhi\u1ec7t \u0111\u1ed9 cao\/th\u1ea5p (-22\u00b0F \u0111\u1ebfn 466\u00b0F, -30\u00b0C \u0111\u1ebfn 230\u00b0C).<\/p>\n<p>Chemraz 510\u2014\u0110\u01b0\u1ee3c ph\u00e1t tri\u1ec3n ri\u00eang cho c\u00e1c \u1ee9ng d\u1ee5ng v\u00f2ng ch\u1eef O trong m\u00f4i tr\u01b0\u1eddng gi\u1ebfng khoan. Kh\u1ea3 n\u0103ng ch\u1ecbu nhi\u1ec7t \u0111\u1ed9 cao\/th\u1ea5p (-22\u00b0F \u0111\u1ebfn 466\u00b0F, -30\u00b0C \u0111\u1ebfn 230\u00b0C).<\/p>\n<p>Chemraz 526\u2014Ch\u1ea5t \u0111\u00e0n h\u1ed3i perfluoro c\u00f3 kh\u1ea3 n\u0103ng ch\u1ed1ng n\u00e9n kh\u00ed nhanh t\u1ed1i \u01b0u. Kh\u1ea3 n\u0103ng ch\u1ecbu nhi\u1ec7t \u0111\u1ed9 cao\/th\u1ea5p (4\u00b0F \u0111\u1ebfn 482\u00b0F, -20\u00b0C \u0111\u1ebfn 250\u00b0C).<\/p>\n<p>Chemraz 562\u2014Ch\u1ea5t \u0111\u00e0n h\u1ed3i ch\u1ecbu nhi\u1ec7t \u0111\u1ed9 cao t\u1ed1i \u01b0u (10\u00b0F \u0111\u1ebfn 600\u00b0F, -12\u00b0C \u0111\u1ebfn 316\u00b0C).<\/p>\n<p>Chemraz 564\/566 LT\u2014V\u1eadt li\u1ec7u ch\u1ecbu nhi\u1ec7t \u0111\u1ed9 th\u1ea5p mang l\u1ea1i hi\u1ec7u su\u1ea5t v\u01b0\u1ee3t tr\u1ed9i trong m\u00f4i tr\u01b0\u1eddng kh\u1eafc nghi\u1ec7t (-40\u00b0F \u0111\u1ebfn 445\u00b0F, -40\u00b0C \u0111\u1ebfn 229\u00b0C).<\/p>\n<p>Chemraz 600\u2014Kh\u1ea3 n\u0103ng ch\u1ecbu nhi\u1ec7t \u0111\u1ed9 cao\/th\u1ea5p (-4\u00b0F \u0111\u1ebfn 500\u00b0F, -20\u00b0C \u0111\u1ebfn 260\u00b0C). \u0110\u1ed9 c\u1ee9ng cao h\u01a1n mang l\u1ea1i kh\u1ea3 n\u0103ng ch\u1ed1ng n\u00e9n kh\u00ed nhanh v\u00e0 m\u00f4i tr\u01b0\u1eddng kh\u1eafc nghi\u1ec7t t\u1ed1t h\u01a1n.<\/p>\n<p>Chemraz 605\u2014Kh\u1ea3 n\u0103ng ch\u1ecbu nhi\u1ec7t \u0111\u1ed9 cao (-4\u00b0F \u0111\u1ebfn 500\u00b0F, -20\u00b0C \u0111\u1ebfn 260\u00b0C) trong m\u00f4i tr\u01b0\u1eddng d\u1ea7u m\u1ecf kh\u1eafc nghi\u1ec7t.<\/p>\n<p>Kh\u1ea3 n\u0103ng ch\u1ecbu n\u00e9n kh\u00ed RAPID<\/p>\n<p><strong>D\u1eef li\u1ec7u th\u1eed nghi\u1ec7m n\u00e9n kh\u00ed RAPID 526 trong CO2<\/strong><\/p>\n<p><strong>C\u00e1c th\u00f4ng s\u1ed1<\/strong><\/p>\n<p>&nbsp;<\/p>\n<ol>\n<li>\u00c1p su\u1ea5t\u2014800 psi<\/li>\n<li>Th\u1eddi gian ng\u00e2m\u201424 gi\u1edd<\/li>\n<li>Nhi\u1ec7t \u0111\u1ed9\u2014m\u00f4i tr\u01b0\u1eddng xung quanh<\/li>\n<li>M\u00f4i tr\u01b0\u1eddng\u2014carbon dioxide<\/li>\n<li>T\u1ed1c \u0111\u1ed9 gi\u1ea3i ph\u00f3ng\u20145 gi\u00e2y \u0111\u1ebfn kh\u00ed quy\u1ec3n<\/li>\n<li>M\u1eabu th\u1eed\u2014AS-568 c\u1ee1 325 v\u00e0 214 O-ring<\/li>\n<\/ol>\n<p>&nbsp;<\/p>\n<p>Thang \u0111\u00e1nh gi\u00e1 thi\u1ec7t h\u1ea1i Ph\u01b0\u01a1ng ph\u00e1p th\u1eed nghi\u1ec7m NACE \u0111\u00e3 s\u1eeda \u0111\u1ed5i #TM0192-92<\/p>\n<p>&nbsp;<\/p>\n<ul>\n<li>Thi\u1ec7t h\u1ea1i tr\u1ef1c quan b\u00ean ngo\u00e0i<\/li>\n<\/ul>\n<p>&nbsp;<\/p>\n<ol>\n<li>Kh\u00f4ng c\u00f3 thi\u1ec7t h\u1ea1i nh\u00ecn th\u1ea5y \u0111\u01b0\u1ee3c<\/li>\n<li>\u00cdt h\u01a1n ho\u1eb7c b\u1eb1ng hai n\u1ed1t m\u1ee5n<\/li>\n<li>Ba \u0111\u1ebfn m\u01b0\u1eddi n\u1ed1t m\u1ee5n ho\u1eb7c m\u1ed9t \u0111\u1ebfn hai n\u1ed1t m\u1ee5n n\u01b0\u1edbc<\/li>\n<li>\u00cdt h\u01a1n 5% b\u1ec1 m\u1eb7t b\u1ecb ph\u1ed3ng r\u1ed9p<\/li>\n<li>Thi\u1ec7t h\u1ea1i \u0111\u00e1ng k\u1ec3; h\u01a1n 50% b\u1ec1 m\u1eb7t b\u1ecb ph\u1ed3ng r\u1ed9p ho\u1eb7c n\u1ee9t<\/li>\n<\/ol>\n<p>\u2022H\u01b0 h\u1ecfng b\u00ean trong<\/p>\n<ol>\n<li>Kh\u00f4ng th\u1ea5y h\u01b0 h\u1ecfng<\/li>\n<li>H\u01b0 h\u1ecfng nh\u1eb9; m\u1ed9t v\u1ebft n\u1ee9t\/ph\u1ed3ng r\u1ed9p tr\u00ean m\u1ed7i b\u1ec1 m\u1eb7t c\u1eaft<\/li>\n<li>H\u01b0 h\u1ecfng v\u1eeba ph\u1ea3i; \u00edt h\u01a1n 50% b\u1ec1 m\u1eb7t c\u1eaft<\/li>\n<li>H\u01b0 h\u1ecfng nghi\u00eam tr\u1ecdng; h\u01a1n 50% b\u1ec1 m\u1eb7t c\u1eaft<\/li>\n<\/ol>\n<p><img loading=\"lazy\" decoding=\"async\" class=\"alignnone wp-image-987453135\" src=\"http:\/\/www.khonglieng.com.sg\/wp-content\/uploads\/chemraz-526.png\" sizes=\"(max-width: 513px) 100vw, 513px\" srcset=\"https:\/\/khonglieng.com.sg\/wp-content\/uploads\/chemraz-526.png 633w, https:\/\/khonglieng.com.sg\/wp-content\/uploads\/chemraz-526-510x402.png 510w, https:\/\/khonglieng.com.sg\/wp-content\/uploads\/chemraz-526-300x236.png 300w\" alt=\"\" width=\"513\" height=\"405\" \/><\/p>\n<p><strong>Chuy\u1ec3n \u0111\u1ed5i th\u1ee7y tinh<\/strong><\/p>\n<p>&nbsp;<\/p>\n<p>S\u1ed1 th\u1ea5p h\u01a1n c\u00f3 ngh\u0129a l\u00e0 ch\u1ea5t \u0111\u00e0n h\u1ed3i s\u1ebd b\u1ecbt k\u00edn t\u1ed1t h\u01a1n \u1edf nhi\u1ec7t \u0111\u1ed9 th\u1ea5p h\u01a1n.<\/p>\n<p>&nbsp;<\/p>\n<p>Chemraz 605 = 27\u00b0F (-3\u00b0C) FFKM c\u1ea1nh tranh = 42\u00b0F (6\u00b0C)<\/p>\n<p>&nbsp;<\/p>\n<p><strong>\u0110\u00e1nh gi\u00e1 \u0111\u1ed9 n\u00e9n d\u00e0i h\u1ea1n cho CHEMRAZ 562<\/strong><\/p>\n<p><img loading=\"lazy\" decoding=\"async\" class=\"alignnone wp-image-987453259 \" src=\"http:\/\/www.khonglieng.com.sg\/wp-content\/uploads\/Chemraz-Perfluorelastomer-Chart-768x574.jpg\" sizes=\"(max-width: 549px) 100vw, 549px\" srcset=\"https:\/\/khonglieng.com.sg\/wp-content\/uploads\/Chemraz-Perfluorelastomer-Chart-768x574.jpg 768w, https:\/\/khonglieng.com.sg\/wp-content\/uploads\/Chemraz-Perfluorelastomer-Chart-510x382.jpg 510w, https:\/\/khonglieng.com.sg\/wp-content\/uploads\/Chemraz-Perfluorelastomer-Chart-300x224.jpg 300w, https:\/\/khonglieng.com.sg\/wp-content\/uploads\/Chemraz-Perfluorelastomer-Chart.jpg 869w\" alt=\"Chemraz Perfluorelastomer Chart\" width=\"549\" height=\"410\" \/><\/p>\n<p>&nbsp;","protected":false},"excerpt":{"rendered":"<p><strong>Ch\u1ea5t \u0111\u00e0n h\u1ed3i t\u1ed1i \u01b0u<\/strong><\/p>\n<p>&nbsp;<\/p>\n<p>Chemraz\u00ae l\u00e0 th\u00e0nh vi\u00ean c\u1ee7a h\u1ecd polyme perfluoroelastomer\u2014polyme c\u1ee7a ba ho\u1eb7c nhi\u1ec1u monome trong \u0111\u00f3 t\u1ea5t c\u1ea3 c\u00e1c v\u1ecb tr\u00ed hydro \u0111\u00e3 \u0111\u01b0\u1ee3c thay th\u1ebf b\u1eb1ng flo. Tr\u1ea1ng th\u00e1i flo h\u00f3a ho\u00e0n to\u00e0n n\u00e0y t\u1ea1o ra kh\u1ea3 n\u0103ng ch\u1ed1ng nhi\u1ec7t v\u00e0 h\u1ea7u h\u1ebft c\u00e1c h\u00f3a ch\u1ea5t v\u00e0 dung m\u00f4i tuy\u1ec7t v\u1eddi. Monome ch\u00ednh c\u1ee7a Chemraz l\u00e0 tetrafluoroethylene (TFE); monome perfluorinated th\u1ee9 hai v\u00e0 th\u1ee9 ba \u0111\u1ed9c quy\u1ec1n l\u00e0 duy nh\u1ea5t v\u00e0 mang l\u1ea1i s\u1ef1 c\u00e2n b\u1eb1ng c\u1ee7a c\u00e1c \u0111\u1eb7c t\u00ednh m\u00e0 n\u00f3 th\u1ec3 hi\u1ec7n. Kh\u1ea3 n\u0103ng ch\u1ed1ng h\u01a1i n\u01b0\u1edbc v\u00e0 c\u1ea3i thi\u1ec7n \u0111\u00e1ng k\u1ec3 c\u00e1c \u0111\u1eb7c t\u00ednh \u1edf nhi\u1ec7t \u0111\u1ed9 th\u1ea5p c\u1ee7a Chemraz l\u00e0 \u0111\u1eb7c \u0111i\u1ec3m n\u1ed5i b\u1eadt c\u1ee7a n\u00f3.<\/p>\n","protected":false},"featured_media":1443,"template":"","meta":[],"product_cat":[244],"product_tag":[],"class_list":{"0":"post-1442","1":"product","2":"type-product","3":"status-publish","4":"has-post-thumbnail","6":"product_cat-greene-tweed","8":"first","9":"instock","10":"shipping-taxable","11":"product-type-simple"},"_links":{"self":[{"href":"https:\/\/sval.vn\/vi\/wp-json\/wp\/v2\/product\/1442"}],"collection":[{"href":"https:\/\/sval.vn\/vi\/wp-json\/wp\/v2\/product"}],"about":[{"href":"https:\/\/sval.vn\/vi\/wp-json\/wp\/v2\/types\/product"}],"wp:featuredmedia":[{"embeddable":true,"href":"https:\/\/sval.vn\/vi\/wp-json\/wp\/v2\/media\/1443"}],"wp:attachment":[{"href":"https:\/\/sval.vn\/vi\/wp-json\/wp\/v2\/media?parent=1442"}],"wp:term":[{"taxonomy":"product_cat","embeddable":true,"href":"https:\/\/sval.vn\/vi\/wp-json\/wp\/v2\/product_cat?post=1442"},{"taxonomy":"product_tag","embeddable":true,"href":"https:\/\/sval.vn\/vi\/wp-json\/wp\/v2\/product_tag?post=1442"}],"curies":[{"name":"wp","href":"https:\/\/api.w.org\/{rel}","templated":true}]}}