{"id":1434,"date":"2024-09-22T06:15:39","date_gmt":"2024-09-22T06:15:39","guid":{"rendered":"https:\/\/sval.vn\/?post_type=product&#038;p=1434"},"modified":"2024-10-17T07:41:31","modified_gmt":"2024-10-17T07:41:31","slug":"arht-composite-bushings","status":"publish","type":"product","link":"https:\/\/sval.vn\/vi\/san-pham\/arht-composite-bushings\/","title":{"rendered":"AR\u00aeHT Composite Bushings"},"content":{"rendered":"<strong>Th\u00e1ch th\u1ee9c<\/strong><\/p>\n<p>Kh\u00e1ch h\u00e0ng c\u1ee7a ch\u00fang t\u00f4i, m\u1ed9t c\u00f4ng ty s\u1ea3n ph\u1ea9m gi\u1ea5y v\u00e0 bao b\u00ec to\u00e0n c\u1ea7u, s\u1eed d\u1ee5ng m\u00e1y b\u01a1m Viking LL 125 \u0111\u1ec3 ph\u1ee7 l\u1edbp latex c\u1ea7n thi\u1ebft \u0111\u1ec3 b\u1ea3o v\u1ec7 v\u00e0 t\u1ea1o m\u00e0u cho c\u00e1c s\u1ea3n ph\u1ea9m bao b\u00ec c\u1ee7a m\u00ecnh. Nh\u1eefng m\u00e1y b\u01a1m n\u00e0y cung c\u1ea5p cho kh\u00e1ch h\u00e0ng m\u1ed9t gi\u1ea3i ph\u00e1p b\u01a1m m\u1ea1nh m\u1ebd v\u1edbi kh\u1ea3 n\u0103ng h\u1ecfng h\u00f3c kh\u00f4ng th\u01b0\u1eddng xuy\u00ean \u2013 ngo\u1ea1i tr\u1eeb m\u1ed9t tr\u01b0\u1eddng h\u1ee3p c\u1ee5 th\u1ec3. \u1ed0ng l\u00f3t c\u1ee7a m\u00e1y b\u01a1m, \u0111\u01b0\u1ee3c s\u1ea3n xu\u1ea5t t\u1eeb \u200b\u200bv\u1eadt li\u1ec7u carbon gi\u00f2n v\u00e0 d\u1ec5 g\u00e3y, th\u01b0\u1eddng xuy\u00ean g\u00e2y ra t\u00ecnh tr\u1ea1ng gi\u00e1n \u0111o\u1ea1n ho\u1ea1t \u0111\u1ed9ng. Khi \u1ed1ng l\u00f3t carbon b\u1ecb h\u1ecfng v\u00e0 c\u1ea7n thay th\u1ebf, c\u00e1c th\u00e0nh ph\u1ea7n d\u1ec5 v\u1ee1 th\u01b0\u1eddng b\u1ecb h\u1ecfng trong qu\u00e1 tr\u00ecnh l\u1eafp \u0111\u1eb7t. Trong qu\u00e1 tr\u00ecnh b\u1ea3o d\u01b0\u1ee1ng \u0111\u1ecbnh k\u1ef3, n\u1ebfu \u1ed1ng l\u00f3t c\u1ee7a m\u00e1y b\u01a1m \u0111\u01b0\u1ee3c th\u00e1o ra \u0111\u1ec3 s\u1eeda ch\u1eefa c\u00e1c y\u00eau c\u1ea7u kh\u00e1c, ch\u00fang th\u01b0\u1eddng b\u1ecb v\u1ee1 v\u1ee5n trong qu\u00e1 tr\u00ecnh th\u00e1o ra v\u00e0 ph\u1ea3i thay th\u1ebf. Ngo\u00e0i ra, rung \u0111\u1ed9ng do \u1ed1ng l\u00f3t h\u1ecfng s\u1edbm c\u0169ng g\u00f3p ph\u1ea7n l\u00e0m h\u1ecfng ph\u1edbt c\u01a1 h\u1ecdc, d\u1eabn \u0111\u1ebfn r\u00f2 r\u1ec9 s\u1ea3n ph\u1ea9m nguy hi\u1ec3m. C\u00e1c v\u1ea5n \u0111\u1ec1 v\u1ec1 nhi\u1ec1u th\u00e0nh ph\u1ea7n n\u00e0y d\u1eabn \u0111\u1ebfn th\u1eddi gian ng\u1eebng ho\u1ea1t \u0111\u1ed9ng c\u1ee7a m\u00e1y b\u01a1m t\u0103ng th\u00eam, c\u0169ng nh\u01b0 t\u0103ng chi ph\u00ed b\u1ea3o tr\u00ec v\u00e0 t\u1ed3n kho.<\/p>\n<p>&nbsp;<\/p>\n<p><strong>Gi\u1ea3i ph\u00e1p<\/strong><\/p>\n<p>\u0110\u1ec3 gi\u1ea3i quy\u1ebft nh\u1eefng th\u00e1ch th\u1ee9c c\u1ee7a kh\u00e1ch h\u00e0ng n\u00e0y, Greene, Tweed \u0111\u00e3 s\u1eed d\u1ee5ng v\u1eadt li\u1ec7u nhi\u1ec7t d\u1ebbo ARHT \u0111\u1ed9c quy\u1ec1n \u0111\u01b0\u1ee3c ph\u00e1t tri\u1ec3n ri\u00eang cho \u1ed1ng l\u00f3t, \u1ed5 tr\u1ee5c v\u00e0 v\u00f2ng ch\u1ecbu m\u00e0i m\u00f2n cho m\u00e1y b\u01a1m x\u1eed l\u00fd v\u1eadt li\u1ec7u m\u00e0i m\u00f2n. \u1ed0ng l\u00f3t ARHT c\u00f3 kh\u1ea3 n\u0103ng ch\u1ed1ng h\u00f3a ch\u1ea5t, s\u1ed1c nhi\u1ec7t v\u00e0 va \u0111\u1eadp v\u01b0\u1ee3t tr\u1ed9i, khi\u1ebfn n\u00f3 tr\u1edf th\u00e0nh v\u1eadt li\u1ec7u thay th\u1ebf l\u00fd t\u01b0\u1edfng cho \u1ed1ng l\u00f3t carbon gi\u00f2n. Gi\u1ea3i ph\u00e1p n\u00e0y k\u1ebft h\u1ee3p kh\u1ea3 n\u0103ng ch\u1ed1ng m\u00e0i m\u00f2n tuy\u1ec7t v\u1eddi, kh\u1ea3 n\u0103ng ch\u1ea1y kh\u00f4 t\u1ed1t v\u00e0 \u0111\u1eb7c t\u00ednh gi\u1ea3m rung v\u01b0\u1ee3t tr\u1ed9i m\u00e0 kh\u00f4ng b\u1ecb th\u1ee7y ph\u00e2n ho\u1eb7c ph\u1ed3ng l\u00ean.<\/p>\n<p>&nbsp;<\/p>\n<p><strong>K\u1ebft qu\u1ea3<\/strong><\/p>\n<p>B\u1eb1ng c\u00e1ch l\u1eafp \u1ed1ng l\u00f3t ARHT c\u1ee7a Greene, Tweed v\u00e0o m\u00e1y b\u01a1m Viking, kh\u00e1ch h\u00e0ng \u0111\u00e3 \u0111\u1ea1t \u0111\u01b0\u1ee3c qu\u00e1 tr\u00ecnh l\u1eafp \u0111\u1eb7t \u1ed1ng l\u00f3t \u0111\u01a1n gi\u1ea3n h\u01a1n v\u00e0 t\u0103ng \u0111\u00e1ng k\u1ec3 \u0111\u1ed9 tin c\u1eady, t\u0103ng MTBF t\u1eeb 2 th\u00e1ng l\u00ean h\u01a1n 15 th\u00e1ng. V\u00ec \u1ed1ng l\u00f3t m\u1edbi x\u1eed l\u00fd v\u1eadt li\u1ec7u m\u00e0i m\u00f2n v\u00e0 \u0111\u1ed9 rung t\u1ed1t h\u01a1n v\u1eadt li\u1ec7u carbon c\u0169 n\u00ean kh\u00e1ch h\u00e0ng \u0111\u00e3 gi\u1ea3m chi ph\u00ed b\u1ea3o tr\u00ec th\u00f4ng qua c\u00e1c tr\u01b0\u1eddng h\u1ee3p h\u1ecfng ph\u1edbt th\u1ea5p h\u01a1n. Ngo\u00e0i ra, gi\u1edd \u0111\u00e2y kh\u00e1ch h\u00e0ng c\u00f3 th\u1ec3 t\u00e1i s\u1eed d\u1ee5ng \u1ed1ng l\u00f3t ARHT n\u1ebfu th\u00e1o ch\u00fang ra \u0111\u1ec3 b\u1ea3o tr\u00ec c\u00e1c nhu c\u1ea7u kh\u00e1c, gi\u00fap gi\u1ea3m t\u1ed5ng chi ph\u00ed s\u1edf h\u1eefu.","protected":false},"excerpt":{"rendered":"<p><strong>V\u01b0\u1ee3t tr\u1ed9i h\u01a1n c\u00e1c th\u00e0nh ph\u1ea7n carbon trong c\u00e1c \u1ee9ng d\u1ee5ng m\u00e0i m\u00f2n<\/strong><\/p>\n<p>&nbsp;<\/p>\n<p>Greene, Tweed \u0111\u00e3 t\u1eadn d\u1ee5ng v\u1eadt li\u1ec7u composite AR\u00aeHT c\u1ea3i ti\u1ebfn c\u1ee7a m\u00ecnh \u0111\u1ec3 cung c\u1ea5p cho m\u1ed9t nh\u00e0 s\u1ea3n xu\u1ea5t h\u00e0ng \u0111\u1ea7u v\u1ec1 s\u1ea3n ph\u1ea9m gi\u1ea5y v\u00e0 bao b\u00ec m\u1ed9t gi\u1ea3i ph\u00e1p \u1ed1ng l\u00f3t v\u01b0\u1ee3t tr\u1ed9i trong m\u00e1y b\u01a1m Viking LL 125 c\u1ee7a m\u00ecnh. \u1ed0ng l\u00f3t ARHT c\u1ee7a ch\u00fang t\u00f4i cung c\u1ea5p cho kh\u00e1ch h\u00e0ng n\u00e0y kh\u1ea3 n\u0103ng l\u1eafp \u0111\u1eb7t d\u1ec5 d\u00e0ng, t\u0103ng MTBF (th\u1eddi gian trung b\u00ecnh gi\u1eefa c\u00e1c l\u1ea7n h\u1ecfng h\u00f3c) v\u00e0 gi\u1ea3m \u0111\u00e1ng k\u1ec3 chi ph\u00ed s\u1edf h\u1eefu.<\/p>\n","protected":false},"featured_media":1435,"template":"","meta":[],"product_cat":[244],"product_tag":[],"class_list":{"0":"post-1434","1":"product","2":"type-product","3":"status-publish","4":"has-post-thumbnail","6":"product_cat-greene-tweed","8":"first","9":"instock","10":"shipping-taxable","11":"product-type-simple"},"_links":{"self":[{"href":"https:\/\/sval.vn\/vi\/wp-json\/wp\/v2\/product\/1434"}],"collection":[{"href":"https:\/\/sval.vn\/vi\/wp-json\/wp\/v2\/product"}],"about":[{"href":"https:\/\/sval.vn\/vi\/wp-json\/wp\/v2\/types\/product"}],"wp:featuredmedia":[{"embeddable":true,"href":"https:\/\/sval.vn\/vi\/wp-json\/wp\/v2\/media\/1435"}],"wp:attachment":[{"href":"https:\/\/sval.vn\/vi\/wp-json\/wp\/v2\/media?parent=1434"}],"wp:term":[{"taxonomy":"product_cat","embeddable":true,"href":"https:\/\/sval.vn\/vi\/wp-json\/wp\/v2\/product_cat?post=1434"},{"taxonomy":"product_tag","embeddable":true,"href":"https:\/\/sval.vn\/vi\/wp-json\/wp\/v2\/product_tag?post=1434"}],"curies":[{"name":"wp","href":"https:\/\/api.w.org\/{rel}","templated":true}]}}