{"id":1431,"date":"2024-09-22T06:06:40","date_gmt":"2024-09-22T06:06:40","guid":{"rendered":"https:\/\/sval.vn\/?post_type=product&#038;p=1431"},"modified":"2024-10-17T07:44:24","modified_gmt":"2024-10-17T07:44:24","slug":"ptfe-thread-seal-tape-tombo-no-9082","status":"publish","type":"product","link":"https:\/\/sval.vn\/vi\/san-pham\/ptfe-thread-seal-tape-tombo-no-9082\/","title":{"rendered":"PTFE THREAD SEAL TAPE TOMBO NO. 9082"},"content":{"rendered":"<div><strong>\u0110\u1eb7c \u0111i\u1ec3m &amp; \u1ee8ng d\u1ee5ng<\/strong><\/div>\n<div><\/div>\n<div>&#8211; T\u1ea1o \u0111\u1ed9 k\u00edn kh\u00edt; d\u1ec5 th\u00e1o r\u1eddi<\/div>\n<div>&#8211; Ch\u1ed1ng ch\u00e1y<\/div>\n<div>&#8211; T\u1ef1 b\u00f4i tr\u01a1n; lu\u1ed3n l\u1ea1i ren \u0111\u00e3 m\u00f2n<\/div>\n<div>&#8211; Kh\u00f4ng c\u1ea7n th\u1eddi gian l\u01b0u h\u00f3a<\/div>\n<div>&#8211; Tr\u01a1 v\u1ec1 m\u1eb7t h\u00f3a h\u1ecdc v\u00e0 ch\u1ecbu \u0111\u01b0\u1ee3c dung m\u00f4i.<\/div>\n<div>&#8211; Tu\u00e2n th\u1ee7 MIL SPEC A-A-58092<\/div>\n<div><strong>H\u01b0\u1edbng d\u1eabn s\u1eed d\u1ee5ng<\/strong><\/div>\n<div><\/div>\n<div>\u0110\u1ed1i v\u1edbi \u1ed1ng c\u00f3 ren th\u00f4, n\u00ean ch\u1ed3ng l\u00ean nhau 50% B\u0103ng keo TOMBO Premium Industrial Grade \u0111\u1ec3 \u0111\u1ea3m b\u1ea3o ren \u1ed1ng \u0111\u01b0\u1ee3c qu\u1ea5n \u0111\u00fang c\u00e1ch<\/div>\n<div><\/div>\n<div>\u0110\u1eb7t \u0111\u1ea7u B\u0103ng keo TOMBO Premium Industrial Grade l\u00ean ren \u1ed1ng c\u00e1ch \u0111\u1ea7u \u1ed1ng 1\/8\u2033 (2mm).<\/div>\n<div>Qu\u1ea5n b\u0103ng keo quanh \u1ed1ng, k\u00e9o c\u0103ng nh\u1eb9 \u0111\u1ec3 k\u00e9o b\u0103ng keo v\u00e0o ren.<\/div>\n<div>Ch\u1ed3ng l\u00ean nhau nh\u1eb9 \u1edf v\u00f2ng b\u1eaft \u0111\u1ea7u.<\/div>\n<div>Ph\u1ee7 k\u00edn t\u1ea5t c\u1ea3 c\u00e1c ren v\u00e0 k\u00e9o m\u1ea1nh \u0111\u1ec3 x\u00e9 b\u0103ng keo.<\/div>\n<div>L\u1eafp r\u00e1p m\u1ed1i n\u1ed1i<\/div>\n<div><\/div>\n<div><strong>Th\u00f4ng s\u1ed1 k\u1ef9 thu\u1eadt s\u1ea3n ph\u1ea9m<\/strong><\/div>\n<div>Th\u00e0nh ph\u1ea7n: T\u1ed1i thi\u1ec3u. 99,5% PTFE<\/div>\n<div>M\u00e0u b\u0103ng: Tr\u1eafng<\/div>\n<div>\u0110\u1ed9 d\u00e0y: 0,09mm (+\/-10%)<\/div>\n<div>M\u1eadt \u0111\u1ed9: 1,2g\/cm\u00b3 (+\/-0,1g\/cm\u00b3)<\/div>\n<div>Ph\u1ea1m vi nhi\u1ec7t \u0111\u1ed9: -100\u00b0C ~ + 260\u00b0C<\/div>\n<div>Ph\u1ea1m vi \u00e1p su\u1ea5t: D\u00f9ng cho ren \u1ed1ng c\u1ee7a h\u1ec7 th\u1ed1ng ch\u1ea5t l\u1ecfng c\u00f3 \u00e1p su\u1ea5t 2.000psig tr\u1edf xu\u1ed1ng.<\/div>","protected":false},"excerpt":{"rendered":"<p>B\u0103ng keo TOMBO Premium Industrial Grade l\u00e0 lo\u1ea1i b\u0103ng keo PTFE c\u00f3 m\u1eadt \u0111\u1ed9 cao \u0111\u1eb7c bi\u1ec7t \u0111\u01b0\u1ee3c thi\u1ebft k\u1ebf cho c\u00e1c \u1ee9ng d\u1ee5ng h\u00f3a ch\u1ea5t c\u00f4ng nghi\u1ec7p.<\/p>\n<p>M\u1eadt \u0111\u1ed9 cao c\u1ee7a b\u0103ng keo TOMBO Premium Industrial Grade l\u00e0m gi\u1ea3m kh\u1ea3 n\u0103ng r\u00f2 r\u1ec9 h\u00f3a ch\u1ea5t.<\/p>\n<p>B\u0103ng keo PTFE th\u00f4ng th\u01b0\u1eddng c\u00f3 \u0111\u1ed9 x\u1ed1p cao do b\u0103ng keo b\u1ecb k\u00e9o c\u0103ng sau khi \u0111\u00f9n. \u0110\u1ed9 x\u1ed1p cao c\u1ee7a c\u00e1c lo\u1ea1i b\u0103ng keo n\u00e0y cho ph\u00e9p c\u00e1c h\u1ee3p ch\u1ea5t h\u00f3a h\u1ecdc th\u1ea5m qua c\u00e1c l\u1ed7 r\u1ed7ng trong b\u0103ng keo. \u0110i\u1ec1u n\u00e0y l\u00e0 kh\u00f4ng \u0111\u01b0\u1ee3c ph\u00e9p v\u00ec r\u00f2 r\u1ec9 h\u00f3a ch\u1ea5t s\u1ebd g\u00e2y nguy hi\u1ec3m ti\u1ec1m t\u00e0ng cho s\u1ee9c kh\u1ecfe v\u00e0 m\u00f4i tr\u01b0\u1eddng.<\/p>\n<p>&nbsp;<\/p>\n<p>B\u0103ng keo TOMBO Premium Industrial Grade s\u1ebd kh\u00f4ng d\u1ec5 b\u1ecb \u0111\u1ee9t, r\u00e1ch ho\u1eb7c t\u00e1ch ra trong qu\u00e1 tr\u00ecnh qu\u1ea5n. Do \u0111\u00f3, b\u0103ng keo n\u00e0y ph\u00f9 h\u1ee3p v\u1edbi c\u00e1c m\u1ed1i n\u1ed1i c\u00f3 c\u1ea3 ren th\u00f4 v\u00e0 ren m\u1ecbn.<\/p>\n<p>The TOMBO Premium Industrial Grade Tape will not break, tear or split easily during wrapping. Therefore, it is suitable for joints with both coarse and fine threads.<\/p>\n","protected":false},"featured_media":1425,"template":"","meta":[],"product_cat":[239],"product_tag":[],"class_list":{"0":"post-1431","1":"product","2":"type-product","3":"status-publish","4":"has-post-thumbnail","6":"product_cat-tombo","8":"first","9":"instock","10":"shipping-taxable","11":"product-type-simple"},"_links":{"self":[{"href":"https:\/\/sval.vn\/vi\/wp-json\/wp\/v2\/product\/1431"}],"collection":[{"href":"https:\/\/sval.vn\/vi\/wp-json\/wp\/v2\/product"}],"about":[{"href":"https:\/\/sval.vn\/vi\/wp-json\/wp\/v2\/types\/product"}],"wp:featuredmedia":[{"embeddable":true,"href":"https:\/\/sval.vn\/vi\/wp-json\/wp\/v2\/media\/1425"}],"wp:attachment":[{"href":"https:\/\/sval.vn\/vi\/wp-json\/wp\/v2\/media?parent=1431"}],"wp:term":[{"taxonomy":"product_cat","embeddable":true,"href":"https:\/\/sval.vn\/vi\/wp-json\/wp\/v2\/product_cat?post=1431"},{"taxonomy":"product_tag","embeddable":true,"href":"https:\/\/sval.vn\/vi\/wp-json\/wp\/v2\/product_tag?post=1431"}],"curies":[{"name":"wp","href":"https:\/\/api.w.org\/{rel}","templated":true}]}}