{"id":1047,"date":"2023-07-06T08:32:02","date_gmt":"2023-07-06T08:32:02","guid":{"rendered":"https:\/\/sval.vn\/?post_type=product&#038;p=1047"},"modified":"2023-09-08T14:57:22","modified_gmt":"2023-09-08T14:57:22","slug":"korean-rotork-actuator-iq-mk3-jgcs-consortium","status":"publish","type":"product","link":"https:\/\/sval.vn\/vi\/san-pham\/korean-rotork-actuator-iq-mk3-jgcs-consortium\/","title":{"rendered":"Rotork Actuator IQ Mk3 \u2013 JGCS Consortium"},"content":{"rendered":"<strong>Th\u00f4ng tin:<\/strong><\/p>\n<p>Rotork Actuator IQ Mk3.<\/p>\n<p><strong>T\u00ecnh tr\u1ea1ng:<\/strong><br \/>\n\u2013 Actuator kh\u00f4ng c\u1ea5p ngu\u1ed3n ra mainboard, \u0111\u00e8n + m\u00e0n h\u00ecnh LCD kh\u00f4ng s\u00e1ng;<br \/>\n\u2013 B\u1ed9 ch\u1ed1ng s\u1ed1c ngu\u1ed3n \u0111\u00e3 b\u1ecb th\u00e1o ra t\u1eeb tr\u01b0\u1edbc.<\/p>\n<p><strong>SVAL th\u1ef1c hi\u1ec7n<\/strong><br \/>\n\u2013 Ki\u1ec3m tra v\u00e0 v\u1ec7 sinh b\u1ed9 c\u1ea7u n\u1ed1i ngu\u1ed3n + t\u00edn hi\u1ec7u;<br \/>\n\u2013 Thay Mainboard (Rotork) m\u1edbi v\u00e0o;<br \/>\n\u2013 C\u1ea5p ngu\u1ed3n tr\u1ef1c ti\u1ebfp 690V kh\u00f4ng qua b\u1ed9 ch\u1ed1ng s\u1ed1c;<br \/>\n\u2013 L\u1eafp l\u1ea1i ch\u00edp c\u0169 v\u00e0 truy xu\u1ea5t d\u1eef li\u1ec7u.<\/p>\n<p><img loading=\"lazy\" decoding=\"async\" class=\"alignnone size-full wp-image-924\" src=\"https:\/\/sval.vn\/wp-content\/uploads\/2023\/03\/Rotork-Actuator-IQ-Mk3-JGCS-CONSORTIUM.jpg\" alt=\"\" width=\"320\" height=\"205\" \/><img loading=\"lazy\" decoding=\"async\" class=\"alignnone wp-image-925\" src=\"https:\/\/sval.vn\/wp-content\/uploads\/2023\/03\/Rotork-Actuator-IQ-Mk3-JGCS-CONSORTIUM-1.jpg\" alt=\"\" width=\"265\" height=\"346\" \/><\/p>\n<p>\u2013 Ki\u1ec3m tra l\u1ea1i Rotork Actuator sau khi s\u1eeda ch\u1eefa,\u00a0Rotork Actuator \u0111\u00e3 ho\u1ea1t \u0111\u1ed9ng b\u00ecnh th\u01b0\u1eddng.<\/p>\n<p><strong>Recommendation:<\/strong><br \/>\n\u0110\u1ec1 ngh\u1ecb l\u00e0m ch\u1ed1ng n\u01b0\u1edbc + ch\u1ed1ng \u1ea9m cho ph\u1ea7n bor m\u1ea1ch \u0111i\u1ec1u khi\u1ec3n;<br \/>\nCh\u1ed1ng n\u01b0\u1edbc + ch\u1ed1ng \u1ea9m cho khoang c\u1ea7u n\u1ed1i.","protected":false},"excerpt":{"rendered":"<p>Th\u00f4ng tin: Rotork Actuator IQ Mk3. T\u00ecnh tr\u1ea1ng: \u2013 Actuator kh\u00f4ng c\u1ea5p ngu\u1ed3n ra mainboard, \u0111\u00e8n + m\u00e0n h\u00ecnh LCD kh\u00f4ng s\u00e1ng; \u2013 B\u1ed9 ch\u1ed1ng s\u1ed1c ngu\u1ed3n \u0111\u00e3 b\u1ecb th\u00e1o ra t\u1eeb tr\u01b0\u1edbc. SVAL th\u1ef1c hi\u1ec7n \u2013 Ki\u1ec3m tra v\u00e0 v\u1ec7 sinh b\u1ed9 c\u1ea7u n\u1ed1i ngu\u1ed3n + t\u00edn hi\u1ec7u; \u2013 Thay Mainboard (Rotork) m\u1edbi v\u00e0o; [&#8230;]\n","protected":false},"featured_media":924,"template":"","meta":[],"product_cat":[82],"product_tag":[153,152,70],"class_list":{"0":"post-1047","1":"product","2":"type-product","3":"status-publish","4":"has-post-thumbnail","6":"product_cat-nanglucdichvu","7":"product_tag-rotork-actuator-iq-mk3","8":"product_tag-rotork-actuator-iq-mk3-jgcs-consortium","9":"product_tag-sval","11":"first","12":"instock","13":"shipping-taxable","14":"product-type-simple"},"_links":{"self":[{"href":"https:\/\/sval.vn\/vi\/wp-json\/wp\/v2\/product\/1047"}],"collection":[{"href":"https:\/\/sval.vn\/vi\/wp-json\/wp\/v2\/product"}],"about":[{"href":"https:\/\/sval.vn\/vi\/wp-json\/wp\/v2\/types\/product"}],"wp:featuredmedia":[{"embeddable":true,"href":"https:\/\/sval.vn\/vi\/wp-json\/wp\/v2\/media\/924"}],"wp:attachment":[{"href":"https:\/\/sval.vn\/vi\/wp-json\/wp\/v2\/media?parent=1047"}],"wp:term":[{"taxonomy":"product_cat","embeddable":true,"href":"https:\/\/sval.vn\/vi\/wp-json\/wp\/v2\/product_cat?post=1047"},{"taxonomy":"product_tag","embeddable":true,"href":"https:\/\/sval.vn\/vi\/wp-json\/wp\/v2\/product_tag?post=1047"}],"curies":[{"name":"wp","href":"https:\/\/api.w.org\/{rel}","templated":true}]}}