{"id":1046,"date":"2023-07-06T08:32:25","date_gmt":"2023-07-06T08:32:25","guid":{"rendered":"https:\/\/sval.vn\/?post_type=product&#038;p=1046"},"modified":"2023-09-08T15:00:03","modified_gmt":"2023-09-08T15:00:03","slug":"korean-dvc-3200%eb%82%b4%eb%b9%84%ea%b2%8c%ec%9d%b4%ec%85%98-%ec%88%98%eb%a6%ac-%eb%8c%80%ec%9b%85%ed%80%b8fso-dai-hung-queen-fso","status":"publish","type":"product","link":"https:\/\/sval.vn\/vi\/san-pham\/korean-dvc-3200%eb%82%b4%eb%b9%84%ea%b2%8c%ec%9d%b4%ec%85%98-%ec%88%98%eb%a6%ac-%eb%8c%80%ec%9b%85%ed%80%b8fso-dai-hung-queen-fso\/","title":{"rendered":"S\u1eeda B\u1ed9 \u0111\u1ecbnh v\u1ecb DVC 3200 \u2013 \u0110\u1ea1i H\u00f9ng Queen FSO"},"content":{"rendered":"<strong>Th\u00f4ng tin<\/strong>:<\/p>\n<p>B\u1ed9 \u0111\u1ecbnh v\u1ecb Logix 3200 ph\u1ee5c v\u1ee5 vi\u1ec7c khai th\u00e1c d\u1ea7u th\u00f4 tr\u00ean gi\u00e0n \u0110\u1ea1i H\u00f9ng.<\/p>\n<p><strong>T\u00ecnh tr\u1ea1ng<\/strong>:<\/p>\n<p>B\u1ed9 \u0111\u1ecbnh v\u1ecb kh\u00f4ng ho\u1ea1t \u0111\u1ed9ng.<\/p>\n<p><strong>SVAL th\u1ef1c hi\u1ec7n<\/strong>:<\/p>\n<ul>\n<li>Tr\u01b0\u1edbc khi ra gi\u00e0n: T\u1ea1m x\u00e1c \u0111\u1ecbnh h\u01b0 h\u1ecfng ph\u1ea7n Main board ho\u1eb7c IU card;<\/li>\n<li>\u0110\u1eb7t h\u00e0ng tr\u01b0\u1edbc Main board v\u00e0 UI card;<\/li>\n<li>Sau khi ra gi\u00e0n: th\u00e1o ra thay th\u1eed Main board =&gt; B\u1ed9 \u0111\u1ecbnh v\u1ecb ch\u01b0a ho\u1ea1t \u0111\u1ed9ng;<\/li>\n<li>Th\u00e1o ra thay th\u1eed UI card =&gt; B\u1ed9 \u0111\u1ecbnh v\u1ecb ho\u1ea1t \u0111\u1ed9ng tr\u1edf l\u1ea1i b\u00ecnh th\u01b0\u1eddng;<\/li>\n<li>Valve function test: PASS.<\/li>\n<li><img loading=\"lazy\" decoding=\"async\" class=\"wp-image-775 alignleft\" src=\"https:\/\/sval.vn\/wp-content\/uploads\/2022\/11\/z3909137816290_2ef732e7daa531f13ddf9d4b188f98d1-e1669944288934-368x400.jpg\" sizes=\"(max-width: 302px) 100vw, 302px\" srcset=\"https:\/\/sval.vn\/wp-content\/uploads\/2022\/11\/z3909137816290_2ef732e7daa531f13ddf9d4b188f98d1-e1669944288934-368x400.jpg 368w, https:\/\/sval.vn\/wp-content\/uploads\/2022\/11\/z3909137816290_2ef732e7daa531f13ddf9d4b188f98d1-e1669944288934-768x834.jpg 768w, https:\/\/sval.vn\/wp-content\/uploads\/2022\/11\/z3909137816290_2ef732e7daa531f13ddf9d4b188f98d1-e1669944288934-737x800.jpg 737w, https:\/\/sval.vn\/wp-content\/uploads\/2022\/11\/z3909137816290_2ef732e7daa531f13ddf9d4b188f98d1-e1669944288934-600x651.jpg 600w, https:\/\/sval.vn\/wp-content\/uploads\/2022\/11\/z3909137816290_2ef732e7daa531f13ddf9d4b188f98d1-e1669944288934.jpg 957w\" alt=\"\" width=\"302\" height=\"329\" \/><img loading=\"lazy\" decoding=\"async\" class=\"alignnone wp-image-776 \" src=\"https:\/\/sval.vn\/wp-content\/uploads\/2022\/11\/z3909137842453_a1c1ce4502389fbbddc38bc7585fd050-e1669944318107-463x400.jpg\" alt=\"\" width=\"367\" height=\"317\" \/><\/li>\n<li><\/li>\n<li><img loading=\"lazy\" decoding=\"async\" class=\"alignnone size-medium wp-image-992\" src=\"https:\/\/sval.vn\/wp-content\/uploads\/2023\/03\/Screenshot-2023-03-29-231620-321x400.png\" sizes=\"(max-width: 321px) 100vw, 321px\" srcset=\"https:\/\/sval.vn\/wp-content\/uploads\/2023\/03\/Screenshot-2023-03-29-231620-321x400.png 321w, https:\/\/sval.vn\/wp-content\/uploads\/2023\/03\/Screenshot-2023-03-29-231620-641x800.png 641w, https:\/\/sval.vn\/wp-content\/uploads\/2023\/03\/Screenshot-2023-03-29-231620-600x749.png 600w, https:\/\/sval.vn\/wp-content\/uploads\/2023\/03\/Screenshot-2023-03-29-231620.png 662w\" alt=\"\" width=\"321\" height=\"400\" \/>\u00a0\u00a0<img loading=\"lazy\" decoding=\"async\" class=\"alignnone size-medium wp-image-993\" src=\"https:\/\/sval.vn\/wp-content\/uploads\/2023\/03\/Screenshot-2023-03-29-231550-318x400.png\" sizes=\"(max-width: 318px) 100vw, 318px\" srcset=\"https:\/\/sval.vn\/wp-content\/uploads\/2023\/03\/Screenshot-2023-03-29-231550-318x400.png 318w, https:\/\/sval.vn\/wp-content\/uploads\/2023\/03\/Screenshot-2023-03-29-231550-636x800.png 636w, https:\/\/sval.vn\/wp-content\/uploads\/2023\/03\/Screenshot-2023-03-29-231550-600x755.png 600w, https:\/\/sval.vn\/wp-content\/uploads\/2023\/03\/Screenshot-2023-03-29-231550.png 665w\" alt=\"\" width=\"318\" height=\"400\" \/><\/li>\n<\/ul>","protected":false},"excerpt":{"rendered":"<p>Th\u00f4ng tin: B\u1ed9 \u0111\u1ecbnh v\u1ecb Logix 3200 ph\u1ee5c v\u1ee5 vi\u1ec7c khai th\u00e1c d\u1ea7u th\u00f4 tr\u00ean gi\u00e0n \u0110\u1ea1i H\u00f9ng. T\u00ecnh tr\u1ea1ng: B\u1ed9 \u0111\u1ecbnh v\u1ecb kh\u00f4ng ho\u1ea1t \u0111\u1ed9ng. SVAL th\u1ef1c hi\u1ec7n: Tr\u01b0\u1edbc khi ra gi\u00e0n: T\u1ea1m x\u00e1c \u0111\u1ecbnh h\u01b0 h\u1ecfng ph\u1ea7n Main board ho\u1eb7c IU card; \u0110\u1eb7t h\u00e0ng tr\u01b0\u1edbc Main board v\u00e0 UI card; Sau khi ra [&#8230;]\n","protected":false},"featured_media":898,"template":"","meta":[],"product_cat":[82],"product_tag":[178,102,70,216],"class_list":{"0":"post-1046","1":"product","2":"type-product","3":"status-publish","4":"has-post-thumbnail","6":"product_cat-nanglucdichvu","7":"product_tag-dvc-3200","8":"product_tag-dai-hung-queen-fso","9":"product_tag-sval","10":"product_tag-216","12":"first","13":"instock","14":"shipping-taxable","15":"product-type-simple"},"_links":{"self":[{"href":"https:\/\/sval.vn\/vi\/wp-json\/wp\/v2\/product\/1046"}],"collection":[{"href":"https:\/\/sval.vn\/vi\/wp-json\/wp\/v2\/product"}],"about":[{"href":"https:\/\/sval.vn\/vi\/wp-json\/wp\/v2\/types\/product"}],"wp:featuredmedia":[{"embeddable":true,"href":"https:\/\/sval.vn\/vi\/wp-json\/wp\/v2\/media\/898"}],"wp:attachment":[{"href":"https:\/\/sval.vn\/vi\/wp-json\/wp\/v2\/media?parent=1046"}],"wp:term":[{"taxonomy":"product_cat","embeddable":true,"href":"https:\/\/sval.vn\/vi\/wp-json\/wp\/v2\/product_cat?post=1046"},{"taxonomy":"product_tag","embeddable":true,"href":"https:\/\/sval.vn\/vi\/wp-json\/wp\/v2\/product_tag?post=1046"}],"curies":[{"name":"wp","href":"https:\/\/api.w.org\/{rel}","templated":true}]}}