{"id":1043,"date":"2023-07-06T08:34:45","date_gmt":"2023-07-06T08:34:45","guid":{"rendered":"https:\/\/sval.vn\/?post_type=product&#038;p=1043"},"modified":"2023-09-08T15:10:14","modified_gmt":"2023-09-08T15:10:14","slug":"korean-%ed%9a%8c%eb%a1%9c-%ea%b3%a0%ec%9e%a5logix-3200md-%eb%82%b4%eb%b9%84%ea%b2%8c%ec%9d%b4%ec%85%98-%ec%88%98%eb%a6%ac-vietnam-japan-gas","status":"publish","type":"product","link":"https:\/\/sval.vn\/vi\/san-pham\/korean-%ed%9a%8c%eb%a1%9c-%ea%b3%a0%ec%9e%a5logix-3200md-%eb%82%b4%eb%b9%84%ea%b2%8c%ec%9d%b4%ec%85%98-%ec%88%98%eb%a6%ac-vietnam-japan-gas\/","title":{"rendered":"S\u1eeda b\u1ed9 \u0111\u1ecbnh v\u1ecb Logix 3200MD h\u1ecfng bo m\u1ea1ch \u2013 Vietnam Japan Gas"},"content":{"rendered":"<strong>Th\u00f4ng tin:<\/strong><\/p>\n<p>B\u1ed9 \u0111\u1ecbnh v\u1ecb Logix 3200MD.<\/p>\n<p><img loading=\"lazy\" decoding=\"async\" class=\"alignnone size-full wp-image-903\" src=\"https:\/\/sval.vn\/wp-content\/uploads\/2023\/03\/Screenshot-2023-03-09-212652.png\" alt=\"\" width=\"211\" height=\"275\" \/><\/p>\n<p><strong>T\u00ecnh tr\u1ea1ng:<\/strong><\/p>\n<p>\u2013 Thi\u1ebfu m\u1ed9t \u0111\u1ed3ng h\u1ed3 \u0111o \u00e1p kh\u00ed ph\u00eda d\u01b0\u1edbi;<\/p>\n<p>\u2013 Bo m\u1ea1ch Main PCB kh\u00f4ng ho\u1ea1t \u0111\u1ed9ng.<\/p>\n<p><strong>SVAL th\u1ef1c hi\u1ec7n:<\/strong><\/p>\n<p><img loading=\"lazy\" decoding=\"async\" class=\"alignnone size-medium wp-image-901\" src=\"https:\/\/sval.vn\/wp-content\/uploads\/2023\/03\/Screenshot-2023-03-09-212620-239x400.png\" sizes=\"(max-width: 239px) 100vw, 239px\" srcset=\"https:\/\/sval.vn\/wp-content\/uploads\/2023\/03\/Screenshot-2023-03-09-212620-239x400.png 239w, https:\/\/sval.vn\/wp-content\/uploads\/2023\/03\/Screenshot-2023-03-09-212620.png 298w\" alt=\"\" width=\"239\" height=\"400\" \/><\/p>\n<p>Thay th\u1ebf bo m\u1ea1ch PCB m\u1edbi;<\/p>\n<p>L\u1eafp th\u00eam \u0111\u1ed3ng h\u1ed3 GAUGE;<\/p>\n<p>Ki\u1ec3m tra t\u00ecnh tr\u1ea1ng ho\u1ea1t \u0111\u1ed9ng c\u1ee7a b\u1ed9 \u0111\u1ecbnh v\u1ecb sau khi thay th\u1ebf s\u1eefa ch\u1eefa, b\u1ed9 \u0111\u1ecbnh v\u1ecb \u0111\u00e3 ho\u1ea1t \u0111\u1ed9ng b\u00ecnh th\u01b0\u1eddng.","protected":false},"excerpt":{"rendered":"<p>Th\u00f4ng tin: B\u1ed9 \u0111\u1ecbnh v\u1ecb Logix 3200MD. T\u00ecnh tr\u1ea1ng: \u2013 Thi\u1ebfu m\u1ed9t \u0111\u1ed3ng h\u1ed3 \u0111o \u00e1p kh\u00ed ph\u00eda d\u01b0\u1edbi; \u2013 Bo m\u1ea1ch Main PCB kh\u00f4ng ho\u1ea1t \u0111\u1ed9ng. SVAL th\u1ef1c hi\u1ec7n: Thay th\u1ebf bo m\u1ea1ch PCB m\u1edbi; L\u1eafp th\u00eam \u0111\u1ed3ng h\u1ed3 GAUGE; Ki\u1ec3m tra t\u00ecnh tr\u1ea1ng ho\u1ea1t \u0111\u1ed9ng c\u1ee7a b\u1ed9 \u0111\u1ecbnh v\u1ecb sau khi thay th\u1ebf [&#8230;]\n","protected":false},"featured_media":902,"template":"","meta":[],"product_cat":[82],"product_tag":[143,70,144,227,226,213,192],"class_list":{"0":"post-1043","1":"product","2":"type-product","3":"status-publish","4":"has-post-thumbnail","6":"product_cat-nanglucdichvu","7":"product_tag-logix-3200md","8":"product_tag-sval","9":"product_tag-vietnam-japan-gas","10":"product_tag-227","11":"product_tag-226","12":"product_tag-213","13":"product_tag-192","15":"first","16":"instock","17":"shipping-taxable","18":"product-type-simple"},"_links":{"self":[{"href":"https:\/\/sval.vn\/vi\/wp-json\/wp\/v2\/product\/1043"}],"collection":[{"href":"https:\/\/sval.vn\/vi\/wp-json\/wp\/v2\/product"}],"about":[{"href":"https:\/\/sval.vn\/vi\/wp-json\/wp\/v2\/types\/product"}],"wp:featuredmedia":[{"embeddable":true,"href":"https:\/\/sval.vn\/vi\/wp-json\/wp\/v2\/media\/902"}],"wp:attachment":[{"href":"https:\/\/sval.vn\/vi\/wp-json\/wp\/v2\/media?parent=1043"}],"wp:term":[{"taxonomy":"product_cat","embeddable":true,"href":"https:\/\/sval.vn\/vi\/wp-json\/wp\/v2\/product_cat?post=1043"},{"taxonomy":"product_tag","embeddable":true,"href":"https:\/\/sval.vn\/vi\/wp-json\/wp\/v2\/product_tag?post=1043"}],"curies":[{"name":"wp","href":"https:\/\/api.w.org\/{rel}","templated":true}]}}