{"id":1042,"date":"2023-07-06T08:35:08","date_gmt":"2023-07-06T08:35:08","guid":{"rendered":"https:\/\/sval.vn\/?post_type=product&#038;p=1042"},"modified":"2023-09-08T15:07:56","modified_gmt":"2023-09-08T15:07:56","slug":"korean-potentionmeter-%ea%b3%a0%ec%9e%a5-logix-3200md-%eb%82%b4%eb%b9%84%ea%b2%8c%ec%9d%b4%ec%85%98-%ec%88%98%eb%a6%ac-pvep-petronas-topaz-whp","status":"publish","type":"product","link":"https:\/\/sval.vn\/vi\/san-pham\/korean-potentionmeter-%ea%b3%a0%ec%9e%a5-logix-3200md-%eb%82%b4%eb%b9%84%ea%b2%8c%ec%9d%b4%ec%85%98-%ec%88%98%eb%a6%ac-pvep-petronas-topaz-whp\/","title":{"rendered":"S\u1eeda b\u1ed9 \u0111\u1ecbnh v\u1ecb Logix 3200MD h\u1ecfng potentionmeter \u2013 PVEP\/Petronas Topaz WHP"},"content":{"rendered":"<strong>Th\u00f4ng tin:<\/strong><\/p>\n<p>B\u1ed9 \u0111\u1ecbnh v\u1ecb Logix 3200MD.<\/p>\n<p><img loading=\"lazy\" decoding=\"async\" class=\"alignnone size-medium wp-image-896\" src=\"https:\/\/sval.vn\/wp-content\/uploads\/2023\/03\/11BE28F6-E723-441A-9067-416B5C01134A-533x400.jpg\" sizes=\"(max-width: 533px) 100vw, 533px\" srcset=\"https:\/\/sval.vn\/wp-content\/uploads\/2023\/03\/11BE28F6-E723-441A-9067-416B5C01134A-533x400.jpg 533w, https:\/\/sval.vn\/wp-content\/uploads\/2023\/03\/11BE28F6-E723-441A-9067-416B5C01134A-768x576.jpg 768w, https:\/\/sval.vn\/wp-content\/uploads\/2023\/03\/11BE28F6-E723-441A-9067-416B5C01134A-1067x800.jpg 1067w, https:\/\/sval.vn\/wp-content\/uploads\/2023\/03\/11BE28F6-E723-441A-9067-416B5C01134A-600x450.jpg 600w\" alt=\"\" width=\"533\" height=\"400\" \/><\/p>\n<p><strong>T\u00ecnh tr\u1ea1ng:<\/strong><\/p>\n<p>Khi c\u1ea5p kh\u00ed v\u00e0 ngu\u1ed3n \u0111i\u1ec7n th\u00ec \u0111\u00e8n LED kh\u00f4ng ho\u1ea1t \u0111\u1ed9ng.<\/p>\n<p><strong>SVAL th\u1ef1c hi\u1ec7n:<\/strong><\/p>\n<p>Thay th\u1ebf bo m\u1ea1ch ch\u1ee7 m\u1edbi nh\u01b0ng l\u1ed7i kh\u00f4ng bi\u1ebfn m\u1ea5t;<\/p>\n<p>Ti\u1ebfp t\u1ee5c thay th\u1ebf potentionmeter (bi\u1ebfn tr\u1edf b\u00e1o v\u1ecb tr\u00ed van);<\/p>\n<p>Ki\u1ec3m tra sau khi s\u1eeda v\u00e0 b\u1ed9 \u0111\u1ecbnh v\u1ecb ho\u1ea1t \u0111\u1ed9ng b\u00ecnh th\u01b0\u1eddng.<\/p>\n<p><img loading=\"lazy\" decoding=\"async\" class=\"alignnone size-full wp-image-893\" src=\"https:\/\/sval.vn\/wp-content\/uploads\/2023\/03\/Screenshot-2023-03-10-011441.png\" alt=\"\" width=\"276\" height=\"288\" \/>","protected":false},"excerpt":{"rendered":"<p>Th\u00f4ng tin: B\u1ed9 \u0111\u1ecbnh v\u1ecb Logix 3200MD. T\u00ecnh tr\u1ea1ng: Khi c\u1ea5p kh\u00ed v\u00e0 ngu\u1ed3n \u0111i\u1ec7n th\u00ec \u0111\u00e8n LED kh\u00f4ng ho\u1ea1t \u0111\u1ed9ng. SVAL th\u1ef1c hi\u1ec7n: Thay th\u1ebf bo m\u1ea1ch ch\u1ee7 m\u1edbi nh\u01b0ng l\u1ed7i kh\u00f4ng bi\u1ebfn m\u1ea5t; Ti\u1ebfp t\u1ee5c thay th\u1ebf potentionmeter (bi\u1ebfn tr\u1edf b\u00e1o v\u1ecb tr\u00ed van); Ki\u1ec3m tra sau khi s\u1eeda v\u00e0 b\u1ed9 \u0111\u1ecbnh v\u1ecb [&#8230;]\n","protected":false},"featured_media":927,"template":"","meta":[],"product_cat":[82],"product_tag":[140,86,147,70,164,213],"class_list":{"0":"post-1042","1":"product","2":"type-product","3":"status-publish","4":"has-post-thumbnail","6":"product_cat-nanglucdichvu","7":"product_tag-3200md","8":"product_tag-logix","9":"product_tag-pvep-petronas-topaz-whp","10":"product_tag-sval","11":"product_tag-sval-vn","12":"product_tag-213","14":"first","15":"instock","16":"shipping-taxable","17":"product-type-simple"},"_links":{"self":[{"href":"https:\/\/sval.vn\/vi\/wp-json\/wp\/v2\/product\/1042"}],"collection":[{"href":"https:\/\/sval.vn\/vi\/wp-json\/wp\/v2\/product"}],"about":[{"href":"https:\/\/sval.vn\/vi\/wp-json\/wp\/v2\/types\/product"}],"wp:featuredmedia":[{"embeddable":true,"href":"https:\/\/sval.vn\/vi\/wp-json\/wp\/v2\/media\/927"}],"wp:attachment":[{"href":"https:\/\/sval.vn\/vi\/wp-json\/wp\/v2\/media?parent=1042"}],"wp:term":[{"taxonomy":"product_cat","embeddable":true,"href":"https:\/\/sval.vn\/vi\/wp-json\/wp\/v2\/product_cat?post=1042"},{"taxonomy":"product_tag","embeddable":true,"href":"https:\/\/sval.vn\/vi\/wp-json\/wp\/v2\/product_tag?post=1042"}],"curies":[{"name":"wp","href":"https:\/\/api.w.org\/{rel}","templated":true}]}}