{"id":1040,"date":"2023-07-06T08:36:12","date_gmt":"2023-07-06T08:36:12","guid":{"rendered":"https:\/\/sval.vn\/?post_type=product&#038;p=1040"},"modified":"2023-09-08T15:14:49","modified_gmt":"2023-09-08T15:14:49","slug":"korean-logix-3800-%eb%82%b4%eb%b9%84%ea%b2%8c%ec%9d%b4%ec%85%98-%ec%88%98%eb%a6%ac-masan","status":"publish","type":"product","link":"https:\/\/sval.vn\/vi\/san-pham\/korean-logix-3800-%eb%82%b4%eb%b9%84%ea%b2%8c%ec%9d%b4%ec%85%98-%ec%88%98%eb%a6%ac-masan\/","title":{"rendered":"S\u1eeda b\u1ed9 \u0111\u1ecbnh v\u1ecb Logix 3800 \u2013 MASAN"},"content":{"rendered":"&nbsp;<\/p>\n<p><strong>Th\u00f4ng tin:<\/strong><\/p>\n<p>B\u1ed9 \u0111\u1ecbnh v\u1ecb Logix 3800 series.<\/p>\n<p>&nbsp;<\/p>\n<p><strong>T\u00ecnh tr\u1ea1ng:<\/strong><\/p>\n<p>Kh\u00e1ch h\u00e0ng \u0111\u00e3 h\u1ed7 tr\u1ee3 l\u00e0m mounting cho b\u1ed9 \u0111\u1ecbnh v\u1ecb b\u1ecb h\u01b0 h\u1ecfng.<\/p>\n<p><strong>SVAL th\u1ef1c hi\u1ec7n:<\/strong><\/p>\n<p><img loading=\"lazy\" decoding=\"async\" class=\"alignnone size-full wp-image-908\" src=\"https:\/\/sval.vn\/wp-content\/uploads\/2023\/03\/ATS-4.jpg\" alt=\"\" width=\"500\" height=\"333\" \/><\/p>\n<p>\u2013\u00a0\u00a0\u00a0\u00a0\u00a0\u00a0\u00a0\u00a0\u00a0\u00a0\u00a0\u00a0\u00a0 Ti\u1ebfn h\u00e0nh c\u1ea5p kh\u00ed v\u1edbi \u00e1p t\u0103ng d\u1ea7n cho actuator \u0111\u1ec3 ki\u1ec3m tra xem actuator c\u00f3 ho\u1ea1t \u0111\u1ed9ng m\u01b0\u1ee3t kh\u00f4ng;<\/p>\n<p>\u2013\u00a0\u00a0\u00a0\u00a0\u00a0\u00a0\u00a0\u00a0\u00a0\u00a0\u00a0\u00a0\u00a0 L\u1eafp Logix 3800 l\u00ean th\u00e2n ATS actuator;<\/p>\n<p>\u2013\u00a0\u00a0\u00a0\u00a0\u00a0\u00a0\u00a0\u00a0\u00a0\u00a0\u00a0\u00a0\u00a0 Hi\u1ec7u ch\u1ec9nh tr\u1ee5c feedback \u0111\u1ec3 h\u00e0nh tr\u00ecnh c\u1ee7a actuator v\u00e0 positioner ph\u00f9 h\u1ee3p v\u1edbi nhau;<\/p>\n<p>\u2013\u00a0\u00a0\u00a0\u00a0\u00a0\u00a0\u00a0\u00a0\u00a0\u00a0\u00a0\u00a0 Ki\u1ec3m tra g\u00f3c m\u1edf c\u1ee7a tr\u1ee5c feedback trong kho\u1ea3ng bao nhi\u00eau \u0111\u1ed9 l\u00e0 t\u1ed1i \u01b0u nh\u1ea5t;<\/p>\n<p>\u2013\u00a0\u00a0\u00a0\u00a0\u00a0\u00a0\u00a0\u00a0\u00a0\u00a0\u00a0\u00a0\u00a0 Ti\u1ebfn h\u00e0nh Calib cho Positioner \u0111\u1ec3 c\u00e0i \u0111\u1eb7t h\u00e0nh tr\u00ecnh cho actuator;<\/p>\n<p>\u2013\u00a0\u00a0\u00a0\u00a0\u00a0\u00a0\u00a0\u00a0\u00a0\u00a0\u00a0\u00a0\u00a0 Positioner \u0111i\u1ec1u khi\u1ec3n actuator ho\u1ea1t \u0111\u1ed9ng \u0111\u00f3ng m\u1edf b\u00ecnh th\u01b0\u1eddng;<\/p>\n<p>\u2013\u00a0\u00a0\u00a0\u00a0\u00a0\u00a0\u00a0\u00a0\u00a0\u00a0\u00a0\u00a0\u00a0 \u0110\u00e3 \u0111\u1ec3 kh\u00e1ch h\u00e0ng test t\u1eeb 0% \u2013 25% \u2013 50% \u2013 75% \u2013 100%.<\/p>\n<p><img loading=\"lazy\" decoding=\"async\" class=\"alignnone size-full wp-image-906\" src=\"https:\/\/sval.vn\/wp-content\/uploads\/2023\/03\/ATS-1.jpg\" alt=\"\" width=\"500\" height=\"333\" \/><\/p>\n<p>&nbsp;<\/p>\n<p><strong>\u0110\u1ec1 xu\u1ea5t kh\u00e1ch h\u00e0ng:<\/strong><\/p>\n<p>C\u1ea7n l\u00e0m mounting v\u00e0 tr\u1ee5c k\u1ebft n\u1ed1i feedback ch\u1eafc ch\u1eafn h\u01a1n.","protected":false},"excerpt":{"rendered":"<p>&nbsp; Th\u00f4ng tin: B\u1ed9 \u0111\u1ecbnh v\u1ecb Logix 3800 series. &nbsp; T\u00ecnh tr\u1ea1ng: Kh\u00e1ch h\u00e0ng \u0111\u00e3 h\u1ed7 tr\u1ee3 l\u00e0m mounting cho b\u1ed9 \u0111\u1ecbnh v\u1ecb b\u1ecb h\u01b0 h\u1ecfng. SVAL th\u1ef1c hi\u1ec7n: \u2013\u00a0\u00a0\u00a0\u00a0\u00a0\u00a0\u00a0\u00a0\u00a0\u00a0\u00a0\u00a0\u00a0 Ti\u1ebfn h\u00e0nh c\u1ea5p kh\u00ed v\u1edbi \u00e1p t\u0103ng d\u1ea7n cho actuator \u0111\u1ec3 ki\u1ec3m tra xem actuator c\u00f3 ho\u1ea1t \u0111\u1ed9ng m\u01b0\u1ee3t kh\u00f4ng; \u2013\u00a0\u00a0\u00a0\u00a0\u00a0\u00a0\u00a0\u00a0\u00a0\u00a0\u00a0\u00a0\u00a0 L\u1eafp Logix 3800 l\u00ean [&#8230;]\n","protected":false},"featured_media":886,"template":"","meta":[],"product_cat":[82],"product_tag":[135,136,85,70,164,228,211],"class_list":{"0":"post-1040","1":"product","2":"type-product","3":"status-publish","4":"has-post-thumbnail","6":"product_cat-nanglucdichvu","7":"product_tag-logix-3800","8":"product_tag-masan","9":"product_tag-positioner","10":"product_tag-sval","11":"product_tag-sval-vn","12":"product_tag-228","13":"product_tag-211","15":"first","16":"instock","17":"shipping-taxable","18":"product-type-simple"},"_links":{"self":[{"href":"https:\/\/sval.vn\/vi\/wp-json\/wp\/v2\/product\/1040"}],"collection":[{"href":"https:\/\/sval.vn\/vi\/wp-json\/wp\/v2\/product"}],"about":[{"href":"https:\/\/sval.vn\/vi\/wp-json\/wp\/v2\/types\/product"}],"wp:featuredmedia":[{"embeddable":true,"href":"https:\/\/sval.vn\/vi\/wp-json\/wp\/v2\/media\/886"}],"wp:attachment":[{"href":"https:\/\/sval.vn\/vi\/wp-json\/wp\/v2\/media?parent=1040"}],"wp:term":[{"taxonomy":"product_cat","embeddable":true,"href":"https:\/\/sval.vn\/vi\/wp-json\/wp\/v2\/product_cat?post=1040"},{"taxonomy":"product_tag","embeddable":true,"href":"https:\/\/sval.vn\/vi\/wp-json\/wp\/v2\/product_tag?post=1040"}],"curies":[{"name":"wp","href":"https:\/\/api.w.org\/{rel}","templated":true}]}}