{"id":1039,"date":"2023-07-06T08:37:05","date_gmt":"2023-07-06T08:37:05","guid":{"rendered":"https:\/\/sval.vn\/?post_type=product&#038;p=1039"},"modified":"2023-09-08T15:17:09","modified_gmt":"2023-09-08T15:17:09","slug":"korean-%ec%b6%9c%eb%a0%a5-%ec%8b%a0%ed%98%b8%eb%a5%bc-%ec%9e%83%ec%9d%80-%eb%a7%88%ec%86%8c%eb%84%a4%ec%9d%b4%eb%9e%80masoneilan-%eb%82%b4%eb%b9%84%ea%b2%8c%ec%9d%b4%ec%85%98-%ec%88%98%eb%a6%ac","status":"publish","type":"product","link":"https:\/\/sval.vn\/vi\/san-pham\/korean-%ec%b6%9c%eb%a0%a5-%ec%8b%a0%ed%98%b8%eb%a5%bc-%ec%9e%83%ec%9d%80-%eb%a7%88%ec%86%8c%eb%84%a4%ec%9d%b4%eb%9e%80masoneilan-%eb%82%b4%eb%b9%84%ea%b2%8c%ec%9d%b4%ec%85%98-%ec%88%98%eb%a6%ac\/","title":{"rendered":"S\u1eeda b\u1ed9 \u0111\u1ecbnh v\u1ecb Masoneilan m\u1ea5t t\u00edn hi\u1ec7u \u0111\u1ea7u ra \u2013 Nh\u00e0 m\u00e1y DAP"},"content":{"rendered":"<strong>Th\u00f4ng tin:<\/strong><\/p>\n<p>B\u1ed9 \u0111\u1ecbnh v\u1ecb Masoneilan, Model: SVI II AP.<\/p>\n<p><img loading=\"lazy\" decoding=\"async\" class=\"alignnone size-full wp-image-1004\" src=\"https:\/\/sval.vn\/wp-content\/uploads\/2023\/03\/masoleinen.png\" alt=\"\" width=\"357\" height=\"287\" \/><\/p>\n<p>&nbsp;<\/p>\n<p><strong>T\u00ecnh tr\u1ea1ng:<\/strong><\/p>\n<p>B\u1ed9 \u0111\u1ecbnh v\u1ecb m\u1edbi ch\u01b0a s\u1eed d\u1ee5ng nh\u01b0ng kh\u00f4ng ho\u1ea1t \u0111\u1ed9ng, kh\u00f4ng c\u1ea5p t\u00edn hi\u1ec7u \u0111\u1ea7u ra.<\/p>\n<p><strong>SVAL th\u1ef1c hi\u1ec7n:<\/strong><\/p>\n<p>Ti\u1ebfn h\u00e0nh th\u00e1o b\u1ed9 \u0111\u1ecbnh v\u1ecb v\u00e0 ki\u1ec3m tra t\u1eebng b\u1ed9 ph\u1eadn, x\u00e1c \u0111\u1ecbnh \u0111\u01b0\u1ee3c nguy\u00ean nh\u00e2n do m\u1ea1ch \u0111i\u1ec1u khi\u1ec3n 4-20mA b\u1ecb l\u1ed7i;<\/p>\n<p>Thay bo m\u1ea1ch \u0111i\u1ec1u khi\u1ec3n ch\u00ednh;<\/p>\n<p>L\u1eafp l\u00ean van demo, bao g\u1ed3m c\u1ea3 feedback linkage \u0111\u1ec3 th\u1eed ho\u1ea1t \u0111\u1ed9ng;<\/p>\n<p>B\u1ed9 \u0111\u1ecbnh v\u1ecb ho\u1ea1t \u0111\u1ed9ng b\u00ecnh th\u01b0\u1eddng.<\/p>\n<p><img loading=\"lazy\" decoding=\"async\" class=\"alignnone size-full wp-image-888\" src=\"https:\/\/sval.vn\/wp-content\/uploads\/2023\/03\/Screenshot-2023-03-07-160714.png\" alt=\"\" width=\"286\" height=\"313\" \/>","protected":false},"excerpt":{"rendered":"<p>Th\u00f4ng tin: B\u1ed9 \u0111\u1ecbnh v\u1ecb Masoneilan, Model: SVI II AP. &nbsp; T\u00ecnh tr\u1ea1ng: B\u1ed9 \u0111\u1ecbnh v\u1ecb m\u1edbi ch\u01b0a s\u1eed d\u1ee5ng nh\u01b0ng kh\u00f4ng ho\u1ea1t \u0111\u1ed9ng, kh\u00f4ng c\u1ea5p t\u00edn hi\u1ec7u \u0111\u1ea7u ra. SVAL th\u1ef1c hi\u1ec7n: Ti\u1ebfn h\u00e0nh th\u00e1o b\u1ed9 \u0111\u1ecbnh v\u1ecb v\u00e0 ki\u1ec3m tra t\u1eebng b\u1ed9 ph\u1eadn, x\u00e1c \u0111\u1ecbnh \u0111\u01b0\u1ee3c nguy\u00ean nh\u00e2n do m\u1ea1ch \u0111i\u1ec1u khi\u1ec3n 4-20mA [&#8230;]\n","protected":false},"featured_media":1004,"template":"","meta":[],"product_cat":[82],"product_tag":[146,138,85,70,164,211],"class_list":{"0":"post-1039","1":"product","2":"type-product","3":"status-publish","4":"has-post-thumbnail","6":"product_cat-nanglucdichvu","7":"product_tag-dap","8":"product_tag-masoneilan","9":"product_tag-positioner","10":"product_tag-sval","11":"product_tag-sval-vn","12":"product_tag-211","14":"first","15":"instock","16":"shipping-taxable","17":"product-type-simple"},"_links":{"self":[{"href":"https:\/\/sval.vn\/vi\/wp-json\/wp\/v2\/product\/1039"}],"collection":[{"href":"https:\/\/sval.vn\/vi\/wp-json\/wp\/v2\/product"}],"about":[{"href":"https:\/\/sval.vn\/vi\/wp-json\/wp\/v2\/types\/product"}],"wp:featuredmedia":[{"embeddable":true,"href":"https:\/\/sval.vn\/vi\/wp-json\/wp\/v2\/media\/1004"}],"wp:attachment":[{"href":"https:\/\/sval.vn\/vi\/wp-json\/wp\/v2\/media?parent=1039"}],"wp:term":[{"taxonomy":"product_cat","embeddable":true,"href":"https:\/\/sval.vn\/vi\/wp-json\/wp\/v2\/product_cat?post=1039"},{"taxonomy":"product_tag","embeddable":true,"href":"https:\/\/sval.vn\/vi\/wp-json\/wp\/v2\/product_tag?post=1039"}],"curies":[{"name":"wp","href":"https:\/\/api.w.org\/{rel}","templated":true}]}}