{"id":1038,"date":"2023-07-06T08:37:22","date_gmt":"2023-07-06T08:37:22","guid":{"rendered":"https:\/\/sval.vn\/?post_type=product&#038;p=1038"},"modified":"2023-09-08T15:18:24","modified_gmt":"2023-09-08T15:18:24","slug":"korean-%ec%b4%88%ed%81%ac-%eb%b0%b8%eb%b8%8c-%ec%88%98%eb%a6%ac-dung-quat-%ec%84%9d%ec%9c%a0-%ec%a0%95%ec%a0%9c","status":"publish","type":"product","link":"https:\/\/sval.vn\/vi\/san-pham\/korean-%ec%b4%88%ed%81%ac-%eb%b0%b8%eb%b8%8c-%ec%88%98%eb%a6%ac-dung-quat-%ec%84%9d%ec%9c%a0-%ec%a0%95%ec%a0%9c\/","title":{"rendered":"S\u1eeda Choke Van \u2013 L\u1ecdc d\u1ea7u Dung Qu\u1ea5t"},"content":{"rendered":"<strong>Th\u00f4ng tin:<\/strong><\/p>\n<p>Choke van.<\/p>\n<p><strong>T\u00ecnh tr\u1ea1ng:<\/strong><\/p>\n<p>Th\u00e2n van b\u1ecb r\u00f2 r\u1ec9 do h\u01b0 h\u1ecfng Soft Seat v\u00e0 O-Ring.<\/p>\n<p><img loading=\"lazy\" decoding=\"async\" class=\"alignnone size-medium wp-image-979\" src=\"https:\/\/sval.vn\/wp-content\/uploads\/2023\/03\/20161227_095812-min-299x400.jpg\" sizes=\"(max-width: 299px) 100vw, 299px\" srcset=\"https:\/\/sval.vn\/wp-content\/uploads\/2023\/03\/20161227_095812-min-299x400.jpg 299w, https:\/\/sval.vn\/wp-content\/uploads\/2023\/03\/20161227_095812-min-768x1027.jpg 768w, https:\/\/sval.vn\/wp-content\/uploads\/2023\/03\/20161227_095812-min-598x800.jpg 598w, https:\/\/sval.vn\/wp-content\/uploads\/2023\/03\/20161227_095812-min-600x802.jpg 600w\" alt=\"\" width=\"299\" height=\"400\" \/><img loading=\"lazy\" decoding=\"async\" class=\"alignnone size-medium wp-image-978\" src=\"https:\/\/sval.vn\/wp-content\/uploads\/2023\/03\/20161227_095816-min-299x400.jpg\" sizes=\"(max-width: 299px) 100vw, 299px\" srcset=\"https:\/\/sval.vn\/wp-content\/uploads\/2023\/03\/20161227_095816-min-299x400.jpg 299w, https:\/\/sval.vn\/wp-content\/uploads\/2023\/03\/20161227_095816-min-768x1027.jpg 768w, https:\/\/sval.vn\/wp-content\/uploads\/2023\/03\/20161227_095816-min-598x800.jpg 598w, https:\/\/sval.vn\/wp-content\/uploads\/2023\/03\/20161227_095816-min-600x802.jpg 600w\" alt=\"\" width=\"299\" height=\"400\" \/><\/p>\n<p><strong>SVAL th\u1ef1c hi\u1ec7n:<\/strong><\/p>\n<p><img loading=\"lazy\" decoding=\"async\" class=\"alignnone size-medium wp-image-976\" src=\"https:\/\/sval.vn\/wp-content\/uploads\/2023\/03\/20161227_095742-min-533x400.jpg\" sizes=\"(max-width: 533px) 100vw, 533px\" srcset=\"https:\/\/sval.vn\/wp-content\/uploads\/2023\/03\/20161227_095742-min-533x400.jpg 533w, https:\/\/sval.vn\/wp-content\/uploads\/2023\/03\/20161227_095742-min-768x576.jpg 768w, https:\/\/sval.vn\/wp-content\/uploads\/2023\/03\/20161227_095742-min-1067x800.jpg 1067w, https:\/\/sval.vn\/wp-content\/uploads\/2023\/03\/20161227_095742-min-600x450.jpg 600w\" alt=\"\" width=\"533\" height=\"400\" \/><\/p>\n<p>T\u1eaft c\u00e1c \u0111\u01b0\u1eddng \u1ed1ng v\u00e0 van li\u00ean quan \u0111\u1ebfn choke valve v\u00e0 \u0111\u1ea3m b\u1ea3o an to\u00e0n cho nh\u00e2n vi\u00ean;<\/p>\n<p>Th\u00e1o c\u00e1c b\u1ed9 ph\u1eadn c\u1ee7a choke valve \u0111\u1ec3 ti\u1ebfp c\u1eadn \u0111\u01b0\u1ee3c th\u00e2n van b\u1ecb h\u01b0 h\u1ecfng;<\/p>\n<p>Gia c\u00f4ng Soft Seat (PTFE);<\/p>\n<p>Thay m\u1edbi to\u00e0n b\u1ed9 Soft Seat v\u00e0 O-Ring m\u1edbi;<\/p>\n<p>Ti\u1ebfn h\u00e0nh test sau khi s\u1eeda ch\u1eefa.","protected":false},"excerpt":{"rendered":"<p>Th\u00f4ng tin: Choke van. T\u00ecnh tr\u1ea1ng: Th\u00e2n van b\u1ecb r\u00f2 r\u1ec9 do h\u01b0 h\u1ecfng Soft Seat v\u00e0 O-Ring. SVAL th\u1ef1c hi\u1ec7n: T\u1eaft c\u00e1c \u0111\u01b0\u1eddng \u1ed1ng v\u00e0 van li\u00ean quan \u0111\u1ebfn choke valve v\u00e0 \u0111\u1ea3m b\u1ea3o an to\u00e0n cho nh\u00e2n vi\u00ean; Th\u00e1o c\u00e1c b\u1ed9 ph\u1eadn c\u1ee7a choke valve \u0111\u1ec3 ti\u1ebfp c\u1eadn \u0111\u01b0\u1ee3c th\u00e2n van b\u1ecb h\u01b0 [&#8230;]\n","protected":false},"featured_media":977,"template":"","meta":[],"product_cat":[82],"product_tag":[167,70,164,192],"class_list":{"0":"post-1038","1":"product","2":"type-product","3":"status-publish","4":"has-post-thumbnail","6":"product_cat-nanglucdichvu","7":"product_tag-choke-valve","8":"product_tag-sval","9":"product_tag-sval-vn","10":"product_tag-192","12":"first","13":"instock","14":"shipping-taxable","15":"product-type-simple"},"_links":{"self":[{"href":"https:\/\/sval.vn\/vi\/wp-json\/wp\/v2\/product\/1038"}],"collection":[{"href":"https:\/\/sval.vn\/vi\/wp-json\/wp\/v2\/product"}],"about":[{"href":"https:\/\/sval.vn\/vi\/wp-json\/wp\/v2\/types\/product"}],"wp:featuredmedia":[{"embeddable":true,"href":"https:\/\/sval.vn\/vi\/wp-json\/wp\/v2\/media\/977"}],"wp:attachment":[{"href":"https:\/\/sval.vn\/vi\/wp-json\/wp\/v2\/media?parent=1038"}],"wp:term":[{"taxonomy":"product_cat","embeddable":true,"href":"https:\/\/sval.vn\/vi\/wp-json\/wp\/v2\/product_cat?post=1038"},{"taxonomy":"product_tag","embeddable":true,"href":"https:\/\/sval.vn\/vi\/wp-json\/wp\/v2\/product_tag?post=1038"}],"curies":[{"name":"wp","href":"https:\/\/api.w.org\/{rel}","templated":true}]}}