{"id":1037,"date":"2023-07-06T08:29:33","date_gmt":"2023-07-06T08:29:33","guid":{"rendered":"https:\/\/sval.vn\/?post_type=product&#038;p=1037"},"modified":"2023-09-08T15:21:09","modified_gmt":"2023-09-08T15:21:09","slug":"korean-dvc-2000-%ec%88%98%eb%a6%ac-vien-dong-%ec%84%9d%ec%9c%a0","status":"publish","type":"product","link":"https:\/\/sval.vn\/vi\/san-pham\/korean-dvc-2000-%ec%88%98%eb%a6%ac-vien-dong-%ec%84%9d%ec%9c%a0\/","title":{"rendered":"S\u1eeda DVC 2000 \u2013 D\u1ea7u kh\u00ed Vi\u1ec5n \u0110\u00f4ng"},"content":{"rendered":"<strong>Th\u00f4ng tin:<\/strong><\/p>\n<p>Fisher FIELDVUE DVC 2000.<\/p>\n<p><strong>T\u00ecnh tr\u1ea1ng:<\/strong><\/p>\n<p>Van kh\u00f4ng th\u1ef1c hi\u1ec7n l\u1ec7nh khi c\u00f3 t\u00edn hi\u1ec7u \u0111i\u1ec1u khi\u1ec3n.<\/p>\n<p><img loading=\"lazy\" decoding=\"async\" class=\"alignnone size-medium wp-image-935\" src=\"https:\/\/sval.vn\/wp-content\/uploads\/2023\/03\/IMG_1325-min-533x400.jpg\" sizes=\"(max-width: 533px) 100vw, 533px\" srcset=\"https:\/\/sval.vn\/wp-content\/uploads\/2023\/03\/IMG_1325-min-533x400.jpg 533w, https:\/\/sval.vn\/wp-content\/uploads\/2023\/03\/IMG_1325-min-768x576.jpg 768w, https:\/\/sval.vn\/wp-content\/uploads\/2023\/03\/IMG_1325-min-1067x800.jpg 1067w, https:\/\/sval.vn\/wp-content\/uploads\/2023\/03\/IMG_1325-min-600x450.jpg 600w\" alt=\"\" width=\"533\" height=\"400\" \/><\/p>\n<p><strong>SVAL th\u1ef1c hi\u1ec7n:<\/strong><\/p>\n<p>Th\u00e1o positioner ra ki\u1ebfm tra, d\u1ef1a tr\u00ean t\u00ecnh tr\u1ea1ng m\u00e0n h\u00ecnh kh\u00f4ng hi\u1ec3n th\u1ecb \u0111\u01b0\u1ee3c khi c\u00f3 ngu\u1ed3n n\u00ean x\u00e1c \u0111\u1ecbnh nguy\u00ean nh\u00e2n l\u00e0 h\u1ecfng bo m\u1ea1ch ch\u1ee7.<\/p>\n<p>Th\u1eed thay th\u1ebf bo m\u1ea1ch ch\u1ee7 b\u1eb1ng bo m\u1ea1ch kh\u00e1c c\u00f9ng lo\u1ea1i.<\/p>\n<p>L\u1eafp positioner l\u00ean van v\u00e0 ki\u1ec3m tra v\u1eadn h\u00e0nh, van \u0111\u00e3 ho\u1ea1t \u0111\u1ed9ng \u0111\u01b0\u1ee3c b\u00ecnh th\u01b0\u1eddng.<\/p>\n<p>Ti\u1ebfn h\u00e0nh \u0111\u1eb7t h\u00e0ng v\u00e0 thay th\u1ebf ho\u00e0n ch\u1ec9nh bo m\u1ea1ch ch\u1ee7 \u0111\u1ec3 DVC ho\u1ea1t \u0111\u1ed9ng b\u00ecnh th\u01b0\u1eddng.","protected":false},"excerpt":{"rendered":"<p>Th\u00f4ng tin: Fisher FIELDVUE DVC 2000. T\u00ecnh tr\u1ea1ng: Van kh\u00f4ng th\u1ef1c hi\u1ec7n l\u1ec7nh khi c\u00f3 t\u00edn hi\u1ec7u \u0111i\u1ec1u khi\u1ec3n. SVAL th\u1ef1c hi\u1ec7n: Th\u00e1o positioner ra ki\u1ebfm tra, d\u1ef1a tr\u00ean t\u00ecnh tr\u1ea1ng m\u00e0n h\u00ecnh kh\u00f4ng hi\u1ec3n th\u1ecb \u0111\u01b0\u1ee3c khi c\u00f3 ngu\u1ed3n n\u00ean x\u00e1c \u0111\u1ecbnh nguy\u00ean nh\u00e2n l\u00e0 h\u1ecfng bo m\u1ea1ch ch\u1ee7. Th\u1eed thay th\u1ebf bo m\u1ea1ch [&#8230;]\n","protected":false},"featured_media":1024,"template":"","meta":[],"product_cat":[82],"product_tag":[70,164,210,192],"class_list":{"0":"post-1037","1":"product","2":"type-product","3":"status-publish","4":"has-post-thumbnail","6":"product_cat-nanglucdichvu","7":"product_tag-sval","8":"product_tag-sval-vn","9":"product_tag-vien-dong-","10":"product_tag-192","12":"first","13":"instock","14":"shipping-taxable","15":"product-type-simple"},"_links":{"self":[{"href":"https:\/\/sval.vn\/vi\/wp-json\/wp\/v2\/product\/1037"}],"collection":[{"href":"https:\/\/sval.vn\/vi\/wp-json\/wp\/v2\/product"}],"about":[{"href":"https:\/\/sval.vn\/vi\/wp-json\/wp\/v2\/types\/product"}],"wp:featuredmedia":[{"embeddable":true,"href":"https:\/\/sval.vn\/vi\/wp-json\/wp\/v2\/media\/1024"}],"wp:attachment":[{"href":"https:\/\/sval.vn\/vi\/wp-json\/wp\/v2\/media?parent=1037"}],"wp:term":[{"taxonomy":"product_cat","embeddable":true,"href":"https:\/\/sval.vn\/vi\/wp-json\/wp\/v2\/product_cat?post=1037"},{"taxonomy":"product_tag","embeddable":true,"href":"https:\/\/sval.vn\/vi\/wp-json\/wp\/v2\/product_tag?post=1037"}],"curies":[{"name":"wp","href":"https:\/\/api.w.org\/{rel}","templated":true}]}}