{"id":1036,"date":"2023-07-06T08:30:16","date_gmt":"2023-07-06T08:30:16","guid":{"rendered":"https:\/\/sval.vn\/?post_type=product&#038;p=1036"},"modified":"2023-08-14T14:11:55","modified_gmt":"2023-08-14T14:11:55","slug":"korean-dvc-6200-%eb%b0%b8%eb%b8%8c-%ec%88%98%eb%a6%ac-viet-nhat%ec%84%9d%ec%9c%a0","status":"publish","type":"product","link":"https:\/\/sval.vn\/vi\/san-pham\/korean-dvc-6200-%eb%b0%b8%eb%b8%8c-%ec%88%98%eb%a6%ac-viet-nhat%ec%84%9d%ec%9c%a0\/","title":{"rendered":"S\u1eeda DVC 6200 \u2013 D\u1ea7u kh\u00ed Vi\u1ec7t Nh\u1eadt"},"content":{"rendered":"<strong>Th\u00f4ng tin:<\/strong><\/p>\n<p>Van DVC 6200.<\/p>\n<p>&nbsp;<\/p>\n<p><strong>T\u00ecnh tr\u1ea1ng:<\/strong><\/p>\n<p>Van kh\u00f4ng ho\u1ea1t \u0111\u1ed9ng.<\/p>\n<p><img loading=\"lazy\" decoding=\"async\" class=\"alignnone size-medium wp-image-937\" src=\"https:\/\/sval.vn\/wp-content\/uploads\/2023\/03\/IMG_1327-min-300x400.jpg\" sizes=\"(max-width: 300px) 100vw, 300px\" srcset=\"https:\/\/sval.vn\/wp-content\/uploads\/2023\/03\/IMG_1327-min-300x400.jpg 300w, https:\/\/sval.vn\/wp-content\/uploads\/2023\/03\/IMG_1327-min-768x1024.jpg 768w, https:\/\/sval.vn\/wp-content\/uploads\/2023\/03\/IMG_1327-min-600x800.jpg 600w\" alt=\"\" width=\"300\" height=\"400\" \/><\/p>\n<p><strong>SVAL Th\u1ef1c hi\u1ec7n:<\/strong><\/p>\n<p>Th\u00e1o positioner ra ki\u1ebfm tra, d\u1ef1a tr\u00ean t\u00ecnh tr\u1ea1ng m\u00e0n h\u00ecnh kh\u00f4ng hi\u1ec3n th\u1ecb \u0111\u01b0\u1ee3c khi c\u00f3 ngu\u1ed3n n\u00ean x\u00e1c \u0111\u1ecbnh nguy\u00ean nh\u00e2n l\u00e0 h\u1ecfng bo m\u1ea1ch ch\u1ee7.<\/p>\n<p>Th\u1eed thay th\u1ebf bo m\u1ea1ch ch\u1ee7 b\u1eb1ng bo m\u1ea1ch kh\u00e1c c\u00f9ng lo\u1ea1i.<\/p>\n<p>L\u1eafp positioner l\u00ean van v\u00e0 ki\u1ec3m tra v\u1eadn h\u00e0nh, van \u0111\u00e3 ho\u1ea1t \u0111\u1ed9ng \u0111\u01b0\u1ee3c b\u00ecnh th\u01b0\u1eddng.<\/p>\n<p>Ti\u1ebfn h\u00e0nh \u0111\u1eb7t h\u00e0ng v\u00e0 thay th\u1ebf ho\u00e0n ch\u1ec9nh bo m\u1ea1ch ch\u1ee7 \u0111\u1ec3 DVC ho\u1ea1t \u0111\u1ed9ng b\u00ecnh th\u01b0\u1eddng.","protected":false},"excerpt":{"rendered":"<p>Th\u00f4ng tin: Van DVC 6200. &nbsp; T\u00ecnh tr\u1ea1ng: Van kh\u00f4ng ho\u1ea1t \u0111\u1ed9ng. SVAL Th\u1ef1c hi\u1ec7n: Th\u00e1o positioner ra ki\u1ebfm tra, d\u1ef1a tr\u00ean t\u00ecnh tr\u1ea1ng m\u00e0n h\u00ecnh kh\u00f4ng hi\u1ec3n th\u1ecb \u0111\u01b0\u1ee3c khi c\u00f3 ngu\u1ed3n n\u00ean x\u00e1c \u0111\u1ecbnh nguy\u00ean nh\u00e2n l\u00e0 h\u1ecfng bo m\u1ea1ch ch\u1ee7. Th\u1eed thay th\u1ebf bo m\u1ea1ch ch\u1ee7 b\u1eb1ng bo m\u1ea1ch kh\u00e1c c\u00f9ng lo\u1ea1i. [&#8230;]\n","protected":false},"featured_media":936,"template":"","meta":[],"product_cat":[82],"product_tag":[176,209,164,192],"class_list":{"0":"post-1036","1":"product","2":"type-product","3":"status-publish","4":"has-post-thumbnail","6":"product_cat-nanglucdichvu","7":"product_tag-dvc-6200","8":"product_tag-dvc-","9":"product_tag-sval-vn","10":"product_tag-192","12":"first","13":"instock","14":"shipping-taxable","15":"product-type-simple"},"_links":{"self":[{"href":"https:\/\/sval.vn\/vi\/wp-json\/wp\/v2\/product\/1036"}],"collection":[{"href":"https:\/\/sval.vn\/vi\/wp-json\/wp\/v2\/product"}],"about":[{"href":"https:\/\/sval.vn\/vi\/wp-json\/wp\/v2\/types\/product"}],"wp:featuredmedia":[{"embeddable":true,"href":"https:\/\/sval.vn\/vi\/wp-json\/wp\/v2\/media\/936"}],"wp:attachment":[{"href":"https:\/\/sval.vn\/vi\/wp-json\/wp\/v2\/media?parent=1036"}],"wp:term":[{"taxonomy":"product_cat","embeddable":true,"href":"https:\/\/sval.vn\/vi\/wp-json\/wp\/v2\/product_cat?post=1036"},{"taxonomy":"product_tag","embeddable":true,"href":"https:\/\/sval.vn\/vi\/wp-json\/wp\/v2\/product_tag?post=1036"}],"curies":[{"name":"wp","href":"https:\/\/api.w.org\/{rel}","templated":true}]}}