{"id":1035,"date":"2023-07-06T08:37:40","date_gmt":"2023-07-06T08:37:40","guid":{"rendered":"https:\/\/sval.vn\/?post_type=product&#038;p=1035"},"modified":"2023-08-13T02:31:02","modified_gmt":"2023-08-13T02:31:02","slug":"korean-%ec%95%88%ec%a0%84-%eb%b0%b8%eb%b8%8c-%ec%88%98%eb%a6%ac-haosheng-vina","status":"publish","type":"product","link":"https:\/\/sval.vn\/vi\/san-pham\/korean-%ec%95%88%ec%a0%84-%eb%b0%b8%eb%b8%8c-%ec%88%98%eb%a6%ac-haosheng-vina\/","title":{"rendered":"S\u1eeda l\u00f4 van an to\u00e0n \u2013 Haosheng Vina"},"content":{"rendered":"<strong>Th\u00f4ng tin:<\/strong><\/p>\n<p>L\u00f4 van an to\u00e0n 40 chi\u1ebfc.<\/p>\n<p><img loading=\"lazy\" decoding=\"async\" class=\"alignnone size-medium wp-image-986\" src=\"https:\/\/sval.vn\/wp-content\/uploads\/2023\/03\/20171028_181416-min-299x400.jpg\" sizes=\"(max-width: 299px) 100vw, 299px\" srcset=\"https:\/\/sval.vn\/wp-content\/uploads\/2023\/03\/20171028_181416-min-299x400.jpg 299w, https:\/\/sval.vn\/wp-content\/uploads\/2023\/03\/20171028_181416-min-768x1027.jpg 768w, https:\/\/sval.vn\/wp-content\/uploads\/2023\/03\/20171028_181416-min-598x800.jpg 598w, https:\/\/sval.vn\/wp-content\/uploads\/2023\/03\/20171028_181416-min-600x802.jpg 600w\" alt=\"\" width=\"299\" height=\"400\" \/><\/p>\n<p><strong>T\u00ecnh tr\u1ea1ng:<\/strong><\/p>\n<p>Nhi\u1ec1u van b\u1ecb m\u1eafc k\u1eb9t, b\u1ec1 m\u1eb7t th\u00e2n van b\u1ecb \u0103n m\u00f2n, v\u00f2ng x\u1ea3 tr\u00ean, v\u00f2ng x\u1ea3 d\u01b0\u1edbi b\u1ecb \u0103n m\u00f2n n\u1eb7ng, \u0111\u0129a van b\u1ecb r\u1ec9 s\u00e9t nh\u1eb9.<\/p>\n<p><img loading=\"lazy\" decoding=\"async\" class=\"alignnone size-medium wp-image-985\" src=\"https:\/\/sval.vn\/wp-content\/uploads\/2023\/03\/20171029_081933-min-299x400.jpg\" sizes=\"(max-width: 299px) 100vw, 299px\" srcset=\"https:\/\/sval.vn\/wp-content\/uploads\/2023\/03\/20171029_081933-min-299x400.jpg 299w, https:\/\/sval.vn\/wp-content\/uploads\/2023\/03\/20171029_081933-min-768x1027.jpg 768w, https:\/\/sval.vn\/wp-content\/uploads\/2023\/03\/20171029_081933-min-598x800.jpg 598w, https:\/\/sval.vn\/wp-content\/uploads\/2023\/03\/20171029_081933-min-600x802.jpg 600w\" alt=\"\" width=\"299\" height=\"400\" \/><img loading=\"lazy\" decoding=\"async\" class=\"alignnone size-medium wp-image-983\" src=\"https:\/\/sval.vn\/wp-content\/uploads\/2023\/03\/20171028_194428-min-299x400.jpg\" sizes=\"(max-width: 299px) 100vw, 299px\" srcset=\"https:\/\/sval.vn\/wp-content\/uploads\/2023\/03\/20171028_194428-min-299x400.jpg 299w, https:\/\/sval.vn\/wp-content\/uploads\/2023\/03\/20171028_194428-min-768x1027.jpg 768w, https:\/\/sval.vn\/wp-content\/uploads\/2023\/03\/20171028_194428-min-598x800.jpg 598w, https:\/\/sval.vn\/wp-content\/uploads\/2023\/03\/20171028_194428-min-600x802.jpg 600w\" alt=\"\" width=\"299\" height=\"400\" \/><\/p>\n<p><strong>SVAL th\u1ef1c hi\u1ec7n:<\/strong><\/p>\n<p>Ti\u1ebfn h\u00e0nh th\u00e1o b\u1ecf to\u00e0n b\u1ed9 van ra kh\u1ecfi h\u1ec7 th\u1ed1ng v\u00e0 t\u00e1ch r\u1eddi t\u1eebng b\u1ed9 ph\u1eadn;<\/p>\n<p>V\u1ec7 sinh l\u00e0m s\u1ea1ch b\u1ec1 m\u1eb7t th\u00e2n van v\u00e0 \u0111\u0129a van;<\/p>\n<p>Thay m\u1edbi v\u00f2ng x\u1ea3 tr\u00ean, v\u00f2ng x\u1ea3 d\u01b0\u1edbi;<\/p>\n<p>L\u1eafp l\u1ea1i l\u00f4 van v\u00e0 ki\u1ec3m tra sau khi s\u1eeda ch\u1eefa.<\/p>\n<p><img loading=\"lazy\" decoding=\"async\" class=\"alignnone size-medium wp-image-984\" src=\"https:\/\/sval.vn\/wp-content\/uploads\/2023\/03\/20171028_194445-min-299x400.jpg\" sizes=\"(max-width: 299px) 100vw, 299px\" srcset=\"https:\/\/sval.vn\/wp-content\/uploads\/2023\/03\/20171028_194445-min-299x400.jpg 299w, https:\/\/sval.vn\/wp-content\/uploads\/2023\/03\/20171028_194445-min-768x1027.jpg 768w, https:\/\/sval.vn\/wp-content\/uploads\/2023\/03\/20171028_194445-min-598x800.jpg 598w, https:\/\/sval.vn\/wp-content\/uploads\/2023\/03\/20171028_194445-min-600x802.jpg 600w\" alt=\"\" width=\"299\" height=\"400\" \/><img loading=\"lazy\" decoding=\"async\" class=\"alignnone size-medium wp-image-982\" src=\"https:\/\/sval.vn\/wp-content\/uploads\/2023\/03\/20171029_090326-min-533x400.jpg\" sizes=\"(max-width: 533px) 100vw, 533px\" srcset=\"https:\/\/sval.vn\/wp-content\/uploads\/2023\/03\/20171029_090326-min-533x400.jpg 533w, https:\/\/sval.vn\/wp-content\/uploads\/2023\/03\/20171029_090326-min-768x576.jpg 768w, https:\/\/sval.vn\/wp-content\/uploads\/2023\/03\/20171029_090326-min-1067x800.jpg 1067w, https:\/\/sval.vn\/wp-content\/uploads\/2023\/03\/20171029_090326-min-600x450.jpg 600w\" alt=\"\" width=\"533\" height=\"400\" \/>","protected":false},"excerpt":{"rendered":"<p>Th\u00f4ng tin: L\u00f4 van an to\u00e0n 40 chi\u1ebfc. T\u00ecnh tr\u1ea1ng: Nhi\u1ec1u van b\u1ecb m\u1eafc k\u1eb9t, b\u1ec1 m\u1eb7t th\u00e2n van b\u1ecb \u0103n m\u00f2n, v\u00f2ng x\u1ea3 tr\u00ean, v\u00f2ng x\u1ea3 d\u01b0\u1edbi b\u1ecb \u0103n m\u00f2n n\u1eb7ng, \u0111\u0129a van b\u1ecb r\u1ec9 s\u00e9t nh\u1eb9. SVAL th\u1ef1c hi\u1ec7n: Ti\u1ebfn h\u00e0nh th\u00e1o b\u1ecf to\u00e0n b\u1ed9 van ra kh\u1ecfi h\u1ec7 th\u1ed1ng v\u00e0 t\u00e1ch r\u1eddi [&#8230;]\n","protected":false},"featured_media":987,"template":"","meta":[],"product_cat":[82],"product_tag":[182,170,70,164,208,207],"class_list":{"0":"post-1035","1":"product","2":"type-product","3":"status-publish","4":"has-post-thumbnail","6":"product_cat-nanglucdichvu","7":"product_tag-haosheng-vina","8":"product_tag-safety-valve","9":"product_tag-sval","10":"product_tag-sval-vn","11":"product_tag-208","12":"product_tag-207","14":"first","15":"instock","16":"shipping-taxable","17":"product-type-simple"},"_links":{"self":[{"href":"https:\/\/sval.vn\/vi\/wp-json\/wp\/v2\/product\/1035"}],"collection":[{"href":"https:\/\/sval.vn\/vi\/wp-json\/wp\/v2\/product"}],"about":[{"href":"https:\/\/sval.vn\/vi\/wp-json\/wp\/v2\/types\/product"}],"wp:featuredmedia":[{"embeddable":true,"href":"https:\/\/sval.vn\/vi\/wp-json\/wp\/v2\/media\/987"}],"wp:attachment":[{"href":"https:\/\/sval.vn\/vi\/wp-json\/wp\/v2\/media?parent=1035"}],"wp:term":[{"taxonomy":"product_cat","embeddable":true,"href":"https:\/\/sval.vn\/vi\/wp-json\/wp\/v2\/product_cat?post=1035"},{"taxonomy":"product_tag","embeddable":true,"href":"https:\/\/sval.vn\/vi\/wp-json\/wp\/v2\/product_tag?post=1035"}],"curies":[{"name":"wp","href":"https:\/\/api.w.org\/{rel}","templated":true}]}}