{"id":1033,"date":"2023-07-06T08:38:52","date_gmt":"2023-07-06T08:38:52","guid":{"rendered":"https:\/\/sval.vn\/?post_type=product&#038;p=1033"},"modified":"2023-08-13T02:29:06","modified_gmt":"2023-08-13T02:29:06","slug":"korean-%eb%b2%84%ed%84%b0%ed%94%8c%eb%9d%bc%ec%9d%b4-%eb%b0%b8%eb%b8%8c-%ec%88%98%eb%a6%ac-%ec%9d%91%ec%9d%b4-%ec%84%a0-nghi-son%ec%a0%95%ec%9c%a0-%ec%9c%a0%ed%95%9c%ed%9a%8c%ec%82%ac","status":"publish","type":"product","link":"https:\/\/sval.vn\/vi\/san-pham\/korean-%eb%b2%84%ed%84%b0%ed%94%8c%eb%9d%bc%ec%9d%b4-%eb%b0%b8%eb%b8%8c-%ec%88%98%eb%a6%ac-%ec%9d%91%ec%9d%b4-%ec%84%a0-nghi-son%ec%a0%95%ec%9c%a0-%ec%9c%a0%ed%95%9c%ed%9a%8c%ec%82%ac\/","title":{"rendered":"S\u1eeda van b\u01b0\u1edbm \u2013 C\u00f4ng ty TNHH L\u1ecdc h\u00f3a d\u1ea7u Nghi S\u01a1n"},"content":{"rendered":"<strong>Th\u00f4ng tin:<\/strong><\/p>\n<p>Van b\u01b0\u1edbm Severn Glocon 36 inches.<\/p>\n<p><strong>T\u00ecnh tr\u1ea1ng:<\/strong><\/p>\n<p><img loading=\"lazy\" decoding=\"async\" class=\"alignnone size-medium wp-image-971\" src=\"https:\/\/sval.vn\/wp-content\/uploads\/2023\/03\/IMG_20180521_2010327-min-267x400.jpg\" sizes=\"(max-width: 267px) 100vw, 267px\" srcset=\"https:\/\/sval.vn\/wp-content\/uploads\/2023\/03\/IMG_20180521_2010327-min-267x400.jpg 267w, https:\/\/sval.vn\/wp-content\/uploads\/2023\/03\/IMG_20180521_2010327-min-768x1152.jpg 768w, https:\/\/sval.vn\/wp-content\/uploads\/2023\/03\/IMG_20180521_2010327-min-533x800.jpg 533w, https:\/\/sval.vn\/wp-content\/uploads\/2023\/03\/IMG_20180521_2010327-min-600x900.jpg 600w\" alt=\"\" width=\"267\" height=\"400\" \/><img loading=\"lazy\" decoding=\"async\" class=\"alignnone size-medium wp-image-972\" src=\"https:\/\/sval.vn\/wp-content\/uploads\/2023\/03\/IMG_20180521_2007547-min-267x400.jpg\" sizes=\"(max-width: 267px) 100vw, 267px\" srcset=\"https:\/\/sval.vn\/wp-content\/uploads\/2023\/03\/IMG_20180521_2007547-min-267x400.jpg 267w, https:\/\/sval.vn\/wp-content\/uploads\/2023\/03\/IMG_20180521_2007547-min-768x1152.jpg 768w, https:\/\/sval.vn\/wp-content\/uploads\/2023\/03\/IMG_20180521_2007547-min-533x800.jpg 533w, https:\/\/sval.vn\/wp-content\/uploads\/2023\/03\/IMG_20180521_2007547-min-600x900.jpg 600w\" alt=\"\" width=\"267\" height=\"400\" \/><\/p>\n<p>Do l\u00f2 \u0111\u1ed1t b\u1ecb ng\u01b0\u1ee3c d\u00f2ng kh\u00ed, nhi\u1ec7t \u0111\u1ed9 t\u0103ng v\u1ecdt l\u00ean tr\u00ean 400 \u0111\u1ed9 C g\u00e2y ch\u1ea3y Soft Seat (PTFE) th\u00e2n van r\u1ec9 s\u00e9t.<\/p>\n<p><strong>SVAL th\u1ef1c hi\u1ec7n:<\/strong><\/p>\n<p><img loading=\"lazy\" decoding=\"async\" class=\"alignnone size-medium wp-image-969\" src=\"https:\/\/sval.vn\/wp-content\/uploads\/2023\/03\/IMG_3458-533x400.jpg\" sizes=\"(max-width: 533px) 100vw, 533px\" srcset=\"https:\/\/sval.vn\/wp-content\/uploads\/2023\/03\/IMG_3458-533x400.jpg 533w, https:\/\/sval.vn\/wp-content\/uploads\/2023\/03\/IMG_3458-768x576.jpg 768w, https:\/\/sval.vn\/wp-content\/uploads\/2023\/03\/IMG_3458-1067x800.jpg 1067w, https:\/\/sval.vn\/wp-content\/uploads\/2023\/03\/IMG_3458-600x450.jpg 600w\" alt=\"\" width=\"533\" height=\"400\" \/><\/p>\n<p>Ti\u1ebfn h\u00e0nh th\u00e1o r\u1eddi c\u00e1c b\u1ed9 ph\u1eadn tr\u00ean van;<\/p>\n<p>Gia c\u00f4ng v\u00e0 thay Soft Seat (PTFE) m\u1edbi;<\/p>\n<p>L\u1eafp v\u00e0 test l\u1ea1i van theo API 598.","protected":false},"excerpt":{"rendered":"<p>Th\u00f4ng tin: Van b\u01b0\u1edbm Severn Glocon 36 inches. T\u00ecnh tr\u1ea1ng: Do l\u00f2 \u0111\u1ed1t b\u1ecb ng\u01b0\u1ee3c d\u00f2ng kh\u00ed, nhi\u1ec7t \u0111\u1ed9 t\u0103ng v\u1ecdt l\u00ean tr\u00ean 400 \u0111\u1ed9 C g\u00e2y ch\u1ea3y Soft Seat (PTFE) th\u00e2n van r\u1ec9 s\u00e9t. SVAL th\u1ef1c hi\u1ec7n: Ti\u1ebfn h\u00e0nh th\u00e1o r\u1eddi c\u00e1c b\u1ed9 ph\u1eadn tr\u00ean van; Gia c\u00f4ng v\u00e0 thay Soft Seat (PTFE) m\u1edbi; [&#8230;]\n","protected":false},"featured_media":973,"template":"","meta":[],"product_cat":[82],"product_tag":[162,163,205,204],"class_list":{"0":"post-1033","1":"product","2":"type-product","3":"status-publish","4":"has-post-thumbnail","6":"product_cat-nanglucdichvu","7":"product_tag-butterfly-valve","8":"product_tag-jgc","9":"product_tag-soft-seat-","10":"product_tag-204","12":"first","13":"instock","14":"shipping-taxable","15":"product-type-simple"},"_links":{"self":[{"href":"https:\/\/sval.vn\/vi\/wp-json\/wp\/v2\/product\/1033"}],"collection":[{"href":"https:\/\/sval.vn\/vi\/wp-json\/wp\/v2\/product"}],"about":[{"href":"https:\/\/sval.vn\/vi\/wp-json\/wp\/v2\/types\/product"}],"wp:featuredmedia":[{"embeddable":true,"href":"https:\/\/sval.vn\/vi\/wp-json\/wp\/v2\/media\/973"}],"wp:attachment":[{"href":"https:\/\/sval.vn\/vi\/wp-json\/wp\/v2\/media?parent=1033"}],"wp:term":[{"taxonomy":"product_cat","embeddable":true,"href":"https:\/\/sval.vn\/vi\/wp-json\/wp\/v2\/product_cat?post=1033"},{"taxonomy":"product_tag","embeddable":true,"href":"https:\/\/sval.vn\/vi\/wp-json\/wp\/v2\/product_tag?post=1033"}],"curies":[{"name":"wp","href":"https:\/\/api.w.org\/{rel}","templated":true}]}}