{"id":1029,"date":"2023-07-06T08:40:50","date_gmt":"2023-07-06T08:40:50","guid":{"rendered":"https:\/\/sval.vn\/?post_type=product&#038;p=1029"},"modified":"2023-08-13T02:26:49","modified_gmt":"2023-08-13T02:26:49","slug":"korean-6%ec%9d%b8%ec%b9%98-150%ed%81%b4%eb%9e%98%ec%8a%a4-%ea%b5%ac%ed%98%95%eb%b0%b8%eb%b8%8c-%ec%88%98%eb%a6%ac-honda-%eb%b2%a0%ed%8a%b8%eb%82%a8","status":"publish","type":"product","link":"https:\/\/sval.vn\/vi\/san-pham\/korean-6%ec%9d%b8%ec%b9%98-150%ed%81%b4%eb%9e%98%ec%8a%a4-%ea%b5%ac%ed%98%95%eb%b0%b8%eb%b8%8c-%ec%88%98%eb%a6%ac-honda-%eb%b2%a0%ed%8a%b8%eb%82%a8\/","title":{"rendered":"S\u1eeda van c\u1ea7u 6 inch Class #150 \u2013 Honda Vi\u1ec7t Nam"},"content":{"rendered":"<strong>M\u00f4 t\u1ea3:<\/strong><\/p>\n<p>L\u00f4 van c\u1ea7u 6 inches Class #150.<\/p>\n<p><strong>T\u00ecnh tr\u1ea1ng:<\/strong><\/p>\n<p>02 chi\u1ebfc van b\u1ecb k\u1eb9t b\u00f3 c\u1ee9ng kh\u00f4ng quay (\u0111\u00f3ng m\u1edf) \u0111\u01b0\u1ee3c;<br \/>\n02 chi\u1ebfc van c\u00f3 packing b\u1ecb bi\u1ebfn d\u1ea1ng;<br \/>\nBi (ball) van b\u1ecb b\u00e1m s\u01a1n v\u00e0 han g\u1ec9;<br \/>\nGio\u0103ng l\u00e0m k\u00edn th\u00e2n c\u1ee7a 03 van b\u1ecb bi\u1ebfn d\u1ea1ng;<br \/>\n01 Seat Ring (gio\u0103ng l\u00e0m k\u00edn bi) b\u1ecb bi\u1ebfn d\u1ea1ng nhi\u1ec1u;<br \/>\nB\u00ean trong th\u00e2n van b\u00e1m g\u1ec9 s\u00e9t nhi\u1ec1u;<br \/>\nC\u1ed5 tr\u1ee5c c\u1ee7a van, ph\u1ea7n ti\u1ebfp x\u00fac v\u1edbi packing b\u1ecb han r\u1ec9, b\u1ea9n.<\/p>\n<p><strong>SVAL th\u1ef1c hi\u1ec7n:<\/strong><\/p>\n<p>\u0110\u1ed5i v\u1eadt li\u1ec7u gio\u0103ng l\u00e0m k\u00edn sang graphite;<\/p>\n<p>L\u00e0m s\u1ea1ch v\u00e0 \u0111\u00e1nh b\u00f3ng b\u1ec1 m\u1eb7t;<\/p>\n<p>Test \u00e1p l\u1ef1c v\u00e0 test k\u00edn sau khi l\u1eafp r\u00e1p.<\/p>\n<p><img loading=\"lazy\" decoding=\"async\" class=\"alignnone size-thumbnail wp-image-893\" src=\"https:\/\/mog.com.vn\/wp-content\/uploads\/2022\/11\/NSN.Honda-8-1-280x280.jpg\" alt=\"\" width=\"280\" height=\"280\" \/><img loading=\"lazy\" decoding=\"async\" class=\"alignnone size-thumbnail wp-image-889\" src=\"https:\/\/mog.com.vn\/wp-content\/uploads\/2022\/11\/%5E95262ADF5C9BF908CD197EB8F08AC23496E9F3ECC1D84B0E6C%5Epimgt1_distr-280x280.jpg\" alt=\"\" width=\"280\" height=\"280\" \/><\/p>\n<p>&nbsp;<\/p>\n<p><img loading=\"lazy\" decoding=\"async\" class=\"alignnone size-thumbnail wp-image-891\" src=\"https:\/\/mog.com.vn\/wp-content\/uploads\/2022\/11\/NSN.Honda-1-280x280.jpg\" alt=\"\" width=\"280\" height=\"280\" \/><img loading=\"lazy\" decoding=\"async\" class=\"alignnone size-thumbnail wp-image-897\" src=\"https:\/\/mog.com.vn\/wp-content\/uploads\/2022\/11\/%5E6AC0E665A0DC00005A63C53244252A43C6CFC932CE754C460E%5Epimgpsh_mobile_save_distr-280x280.jpg\" alt=\"\" width=\"280\" height=\"280\" \/><\/p>\n<p>&nbsp;<\/p>\n<p><img loading=\"lazy\" decoding=\"async\" class=\"alignnone size-thumbnail wp-image-896\" src=\"https:\/\/mog.com.vn\/wp-content\/uploads\/2022\/11\/NSN.Honda-4-1-280x280.jpg\" alt=\"\" width=\"280\" height=\"280\" \/><img loading=\"lazy\" decoding=\"async\" class=\"alignnone size-thumbnail wp-image-904\" src=\"https:\/\/mog.com.vn\/wp-content\/uploads\/2022\/11\/image_2022_11_04T01_32_00_088Z-3-280x280.png\" alt=\"\" width=\"280\" height=\"280\" \/>","protected":false},"excerpt":{"rendered":"<p>M\u00f4 t\u1ea3: L\u00f4 van c\u1ea7u 6 inches Class #150. T\u00ecnh tr\u1ea1ng: 02 chi\u1ebfc van b\u1ecb k\u1eb9t b\u00f3 c\u1ee9ng kh\u00f4ng quay (\u0111\u00f3ng m\u1edf) \u0111\u01b0\u1ee3c; 02 chi\u1ebfc van c\u00f3 packing b\u1ecb bi\u1ebfn d\u1ea1ng; Bi (ball) van b\u1ecb b\u00e1m s\u01a1n v\u00e0 han g\u1ec9; Gio\u0103ng l\u00e0m k\u00edn th\u00e2n c\u1ee7a 03 van b\u1ecb bi\u1ebfn d\u1ea1ng; 01 Seat Ring (gio\u0103ng l\u00e0m [&#8230;]\n","protected":false},"featured_media":810,"template":"","meta":[],"product_cat":[82],"product_tag":[201,186,200,199],"class_list":{"0":"post-1029","1":"product","2":"type-product","3":"status-publish","4":"has-post-thumbnail","6":"product_cat-nanglucdichvu","7":"product_tag-6-","8":"product_tag-honda-viet-nam","9":"product_tag-200","10":"product_tag-199","12":"first","13":"instock","14":"shipping-taxable","15":"product-type-simple"},"_links":{"self":[{"href":"https:\/\/sval.vn\/vi\/wp-json\/wp\/v2\/product\/1029"}],"collection":[{"href":"https:\/\/sval.vn\/vi\/wp-json\/wp\/v2\/product"}],"about":[{"href":"https:\/\/sval.vn\/vi\/wp-json\/wp\/v2\/types\/product"}],"wp:featuredmedia":[{"embeddable":true,"href":"https:\/\/sval.vn\/vi\/wp-json\/wp\/v2\/media\/810"}],"wp:attachment":[{"href":"https:\/\/sval.vn\/vi\/wp-json\/wp\/v2\/media?parent=1029"}],"wp:term":[{"taxonomy":"product_cat","embeddable":true,"href":"https:\/\/sval.vn\/vi\/wp-json\/wp\/v2\/product_cat?post=1029"},{"taxonomy":"product_tag","embeddable":true,"href":"https:\/\/sval.vn\/vi\/wp-json\/wp\/v2\/product_tag?post=1029"}],"curies":[{"name":"wp","href":"https:\/\/api.w.org\/{rel}","templated":true}]}}