{"id":1028,"date":"2023-07-06T08:41:08","date_gmt":"2023-07-06T08:41:08","guid":{"rendered":"https:\/\/sval.vn\/?post_type=product&#038;p=1028"},"modified":"2023-08-13T02:24:40","modified_gmt":"2023-08-13T02:24:40","slug":"korean-%ea%b8%89%ed%95%9c-%ea%b0%9c%ed%8f%90-%eb%b0%b8%eb%b8%8c-%ec%88%98%eb%a6%ac-thai-nippon-steel","status":"publish","type":"product","link":"https:\/\/sval.vn\/vi\/san-pham\/korean-%ea%b8%89%ed%95%9c-%ea%b0%9c%ed%8f%90-%eb%b0%b8%eb%b8%8c-%ec%88%98%eb%a6%ac-thai-nippon-steel\/","title":{"rendered":"S\u1eeda van \u0111\u00f3ng m\u1edf kh\u1ea9n c\u1ea5p \u2013 Thai Nippon Steel"},"content":{"rendered":"<strong>T\u00ecnh tr\u1ea1ng:<\/strong><\/p>\n<p>Thay \u0111\u1ed5i thi\u1ebft k\u1ebf t\u1eeb vi\u1ec7c s\u1eed d\u1ee5ng kh\u00ed n\u00e9n cho van \u0111i\u1ec1u khi\u1ec3n sang s\u1eed d\u1ee5ng natural gas.<\/p>\n<p><strong>SVAL th\u1ef1c hi\u1ec7n:<\/strong><\/p>\n<p>L\u1eafp \u0111\u1eb7t \u0111\u01b0\u1eddng \u1ed1ng x\u1ea3 kh\u00ed gas (vent) cho actuator;<\/p>\n<p><img loading=\"lazy\" decoding=\"async\" class=\"alignnone size-medium wp-image-864\" src=\"https:\/\/sval.vn\/wp-content\/uploads\/2023\/02\/Picture12-267x400.jpg\" sizes=\"(max-width: 267px) 100vw, 267px\" srcset=\"https:\/\/sval.vn\/wp-content\/uploads\/2023\/02\/Picture12-267x400.jpg 267w, https:\/\/sval.vn\/wp-content\/uploads\/2023\/02\/Picture12-768x1152.jpg 768w, https:\/\/sval.vn\/wp-content\/uploads\/2023\/02\/Picture12-534x800.jpg 534w, https:\/\/sval.vn\/wp-content\/uploads\/2023\/02\/Picture12-600x900.jpg 600w\" alt=\"\" width=\"267\" height=\"400\" \/><img loading=\"lazy\" decoding=\"async\" class=\"alignnone size-medium wp-image-868\" src=\"https:\/\/sval.vn\/wp-content\/uploads\/2023\/02\/Picture16-267x400.jpg\" sizes=\"(max-width: 267px) 100vw, 267px\" srcset=\"https:\/\/sval.vn\/wp-content\/uploads\/2023\/02\/Picture16-267x400.jpg 267w, https:\/\/sval.vn\/wp-content\/uploads\/2023\/02\/Picture16-768x1152.jpg 768w, https:\/\/sval.vn\/wp-content\/uploads\/2023\/02\/Picture16-534x800.jpg 534w, https:\/\/sval.vn\/wp-content\/uploads\/2023\/02\/Picture16-600x900.jpg 600w\" alt=\"\" width=\"267\" height=\"400\" \/><\/p>\n<p>Thay gio\u0103ng t\u1eeb v\u1eadt li\u1ec7u Buna-N sang v\u1eadt li\u1ec7u Viton-A.<\/p>\n<p><img loading=\"lazy\" decoding=\"async\" class=\"alignnone size-medium wp-image-869\" src=\"https:\/\/sval.vn\/wp-content\/uploads\/2023\/02\/Picture17-267x400.jpg\" sizes=\"(max-width: 267px) 100vw, 267px\" srcset=\"https:\/\/sval.vn\/wp-content\/uploads\/2023\/02\/Picture17-267x400.jpg 267w, https:\/\/sval.vn\/wp-content\/uploads\/2023\/02\/Picture17-768x1152.jpg 768w, https:\/\/sval.vn\/wp-content\/uploads\/2023\/02\/Picture17-534x800.jpg 534w, https:\/\/sval.vn\/wp-content\/uploads\/2023\/02\/Picture17-600x900.jpg 600w\" alt=\"\" width=\"267\" height=\"400\" \/><img loading=\"lazy\" decoding=\"async\" class=\"alignnone size-medium wp-image-867\" src=\"https:\/\/sval.vn\/wp-content\/uploads\/2023\/02\/Picture15-267x400.jpg\" sizes=\"(max-width: 267px) 100vw, 267px\" srcset=\"https:\/\/sval.vn\/wp-content\/uploads\/2023\/02\/Picture15-267x400.jpg 267w, https:\/\/sval.vn\/wp-content\/uploads\/2023\/02\/Picture15-768x1152.jpg 768w, https:\/\/sval.vn\/wp-content\/uploads\/2023\/02\/Picture15-534x800.jpg 534w, https:\/\/sval.vn\/wp-content\/uploads\/2023\/02\/Picture15-600x900.jpg 600w\" alt=\"\" width=\"267\" height=\"400\" \/>","protected":false},"excerpt":{"rendered":"<p>T\u00ecnh tr\u1ea1ng: Thay \u0111\u1ed5i thi\u1ebft k\u1ebf t\u1eeb vi\u1ec7c s\u1eed d\u1ee5ng kh\u00ed n\u00e9n cho van \u0111i\u1ec1u khi\u1ec3n sang s\u1eed d\u1ee5ng natural gas. SVAL th\u1ef1c hi\u1ec7n: L\u1eafp \u0111\u1eb7t \u0111\u01b0\u1eddng \u1ed1ng x\u1ea3 kh\u00ed gas (vent) cho actuator; Thay gio\u0103ng t\u1eeb v\u1eadt li\u1ec7u Buna-N sang v\u1eadt li\u1ec7u Viton-A.<\/p>\n","protected":false},"featured_media":873,"template":"","meta":[],"product_cat":[82],"product_tag":[128,126,70,127,192],"class_list":{"0":"post-1028","1":"product","2":"type-product","3":"status-publish","4":"has-post-thumbnail","6":"product_cat-nanglucdichvu","7":"product_tag-esdv","8":"product_tag-esdv-emmergency-shutdown-valve","9":"product_tag-sval","10":"product_tag-thai-nippon","11":"product_tag-192","13":"first","14":"instock","15":"shipping-taxable","16":"product-type-simple"},"_links":{"self":[{"href":"https:\/\/sval.vn\/vi\/wp-json\/wp\/v2\/product\/1028"}],"collection":[{"href":"https:\/\/sval.vn\/vi\/wp-json\/wp\/v2\/product"}],"about":[{"href":"https:\/\/sval.vn\/vi\/wp-json\/wp\/v2\/types\/product"}],"wp:featuredmedia":[{"embeddable":true,"href":"https:\/\/sval.vn\/vi\/wp-json\/wp\/v2\/media\/873"}],"wp:attachment":[{"href":"https:\/\/sval.vn\/vi\/wp-json\/wp\/v2\/media?parent=1028"}],"wp:term":[{"taxonomy":"product_cat","embeddable":true,"href":"https:\/\/sval.vn\/vi\/wp-json\/wp\/v2\/product_cat?post=1028"},{"taxonomy":"product_tag","embeddable":true,"href":"https:\/\/sval.vn\/vi\/wp-json\/wp\/v2\/product_tag?post=1028"}],"curies":[{"name":"wp","href":"https:\/\/api.w.org\/{rel}","templated":true}]}}