{"id":1022,"date":"2023-07-06T08:41:48","date_gmt":"2023-07-06T08:41:48","guid":{"rendered":"https:\/\/sval.vn\/?post_type=product&#038;p=1022"},"modified":"2023-08-13T02:23:22","modified_gmt":"2023-08-13T02:23:22","slug":"korean-fisher-%eb%b0%b8%eb%b8%8c-%ec%88%98%eb%a6%ac-%ec%9d%91%ec%9d%b4-%ec%84%a0-nghi-son%ec%a0%95%ec%9c%a0-%ec%9c%a0%ed%95%9c%ed%9a%8c%ec%82%ac","status":"publish","type":"product","link":"https:\/\/sval.vn\/vi\/san-pham\/korean-fisher-%eb%b0%b8%eb%b8%8c-%ec%88%98%eb%a6%ac-%ec%9d%91%ec%9d%b4-%ec%84%a0-nghi-son%ec%a0%95%ec%9c%a0-%ec%9c%a0%ed%95%9c%ed%9a%8c%ec%82%ac\/","title":{"rendered":"S\u1eeda van Fisher \u2013 C\u00f4ng ty TNHH L\u1ecdc h\u00f3a d\u1ea7u Nghi S\u01a1n"},"content":{"rendered":"<strong>Th\u00f4ng tin:<\/strong><\/p>\n<p>Van Fisher, Class #150, 24 inches.<\/p>\n<p><strong>T\u00ecnh tr\u1ea1ng:<\/strong><\/p>\n<p>Van \u0111i\u1ec1u khi\u1ec3n b\u1ecb k\u1eb9t v\u00e0 c\u00f3 t\u00ecnh tr\u1ea1ng r\u00f2 r\u1ec9 x\u1ea3y ra, CAGE b\u1ecb tr\u1ea7y x\u01b0\u1edbc g\u00e2y h\u1ecfng plug v\u00e0 l\u00e0m plug b\u1ecb k\u1eb9t.<\/p>\n<p><img loading=\"lazy\" decoding=\"async\" class=\"alignnone size-medium wp-image-844\" src=\"https:\/\/sval.vn\/wp-content\/uploads\/2023\/02\/Screenshot-2023-02-16-221538-304x400.png\" sizes=\"(max-width: 304px) 100vw, 304px\" srcset=\"https:\/\/sval.vn\/wp-content\/uploads\/2023\/02\/Screenshot-2023-02-16-221538-304x400.png 304w, https:\/\/sval.vn\/wp-content\/uploads\/2023\/02\/Screenshot-2023-02-16-221538.png 387w\" alt=\"\" width=\"304\" height=\"400\" \/><img loading=\"lazy\" decoding=\"async\" class=\"alignnone size-full wp-image-847\" src=\"https:\/\/sval.vn\/wp-content\/uploads\/2023\/02\/Screenshot-2023-02-16-221625.png\" alt=\"\" width=\"386\" height=\"285\" \/><\/p>\n<p><img loading=\"lazy\" decoding=\"async\" class=\"alignnone size-full wp-image-843\" src=\"https:\/\/sval.vn\/wp-content\/uploads\/2023\/02\/Screenshot-2023-02-16-221521.png\" alt=\"\" width=\"385\" height=\"291\" \/><img loading=\"lazy\" decoding=\"async\" class=\"alignnone size-full wp-image-848\" src=\"https:\/\/sval.vn\/wp-content\/uploads\/2023\/02\/Screenshot-2023-02-16-221640.png\" alt=\"\" width=\"382\" height=\"286\" \/><\/p>\n<p><strong>SVAL th\u1ef1c hi\u1ec7n:<\/strong><\/p>\n<p>Th\u00e1o van ti\u1ebfn h\u00e0nh ki\u1ec3m tra th\u1ea5y th\u00e2n van c\u00f3 nhi\u1ec1u r\u1ec9 s\u1eaft;<\/p>\n<p>V\u1ec7 sinh l\u1ea1i th\u00e2n van, plug, CAGE v\u00e0 seat;<\/p>\n<p>Gia c\u00f4ng l\u1ea1i b\u1ec1 m\u1eb7t c\u1ee7a v\u00f2ng \u0111\u1ec7m v\u00e0 v\u00f2ng ch\u1eef O bao quanh plug;<\/p>\n<p>L\u1eafp \u0111\u1eb7t l\u1ea1i van v\u00e0 th\u1ef1c hi\u1ec7n ki\u1ec3m tra theo FCI 10-2.","protected":false},"excerpt":{"rendered":"<p>Th\u00f4ng tin: Van Fisher, Class #150, 24 inches. T\u00ecnh tr\u1ea1ng: Van \u0111i\u1ec1u khi\u1ec3n b\u1ecb k\u1eb9t v\u00e0 c\u00f3 t\u00ecnh tr\u1ea1ng r\u00f2 r\u1ec9 x\u1ea3y ra, CAGE b\u1ecb tr\u1ea7y x\u01b0\u1edbc g\u00e2y h\u1ecfng plug v\u00e0 l\u00e0m plug b\u1ecb k\u1eb9t. SVAL th\u1ef1c hi\u1ec7n: Th\u00e1o van ti\u1ebfn h\u00e0nh ki\u1ec3m tra th\u1ea5y th\u00e2n van c\u00f3 nhi\u1ec1u r\u1ec9 s\u1eaft; V\u1ec7 sinh l\u1ea1i th\u00e2n [&#8230;]\n","protected":false},"featured_media":853,"template":"","meta":[],"product_cat":[82],"product_tag":[198,197,70,123,192,191],"class_list":{"0":"post-1022","1":"product","2":"type-product","3":"status-publish","4":"has-post-thumbnail","6":"product_cat-nanglucdichvu","7":"product_tag-fisher-24-","8":"product_tag-fisher","9":"product_tag-sval","10":"product_tag-van-fisher","11":"product_tag-192","12":"product_tag---nghi-son-","14":"first","15":"instock","16":"shipping-taxable","17":"product-type-simple"},"_links":{"self":[{"href":"https:\/\/sval.vn\/vi\/wp-json\/wp\/v2\/product\/1022"}],"collection":[{"href":"https:\/\/sval.vn\/vi\/wp-json\/wp\/v2\/product"}],"about":[{"href":"https:\/\/sval.vn\/vi\/wp-json\/wp\/v2\/types\/product"}],"wp:featuredmedia":[{"embeddable":true,"href":"https:\/\/sval.vn\/vi\/wp-json\/wp\/v2\/media\/853"}],"wp:attachment":[{"href":"https:\/\/sval.vn\/vi\/wp-json\/wp\/v2\/media?parent=1022"}],"wp:term":[{"taxonomy":"product_cat","embeddable":true,"href":"https:\/\/sval.vn\/vi\/wp-json\/wp\/v2\/product_cat?post=1022"},{"taxonomy":"product_tag","embeddable":true,"href":"https:\/\/sval.vn\/vi\/wp-json\/wp\/v2\/product_tag?post=1022"}],"curies":[{"name":"wp","href":"https:\/\/api.w.org\/{rel}","templated":true}]}}