{"id":1014,"date":"2023-07-06T08:28:07","date_gmt":"2023-07-06T08:28:07","guid":{"rendered":"https:\/\/sval.vn\/?post_type=product&#038;p=1014"},"modified":"2023-08-14T14:21:12","modified_gmt":"2023-08-14T14:21:12","slug":"korean-1%ec%9d%b8%ec%b9%98-1500%eb%94%94%ec%8a%88%ed%8d%bc%ed%9e%88%ed%8c%85-%eb%b0%b8%eb%b8%8c-%ec%88%98%eb%a6%ac-son-dong-%eb%b0%9c%ec%a0%84%ec%86%8c","status":"publish","type":"product","link":"https:\/\/sval.vn\/vi\/san-pham\/korean-1%ec%9d%b8%ec%b9%98-1500%eb%94%94%ec%8a%88%ed%8d%bc%ed%9e%88%ed%8c%85-%eb%b0%b8%eb%b8%8c-%ec%88%98%eb%a6%ac-son-dong-%eb%b0%9c%ec%a0%84%ec%86%8c\/","title":{"rendered":"S\u1eeda van gi\u1ea3m \u00f4n 1inch Class #1500 \u2013 Nh\u00e0 m\u00e1y \u0110i\u1ec7n S\u01a1n \u0110\u1ed9ng"},"content":{"rendered":"<strong>Th\u00f4ng tin:<\/strong>\u00a0 Mark1 Class #1500 1\u201d d\u00f9ng cho gi\u1ea3m \u00f4n c\u1ee7a h\u1ec7 th\u1ed1ng l\u00f2 h\u01a1i nh\u00e0 m\u00e1y \u0111i\u1ec7n, s\u1eed d\u1ee5ng Actuator \u0111i\u1ec7n v\u1edbi t\u00edn hi\u1ec7u \u0111i\u1ec1u khi\u1ec3n 4-20mA.<\/p>\n<p><img loading=\"lazy\" decoding=\"async\" class=\"alignnone size-full wp-image-757\" src=\"https:\/\/sval.vn\/wp-content\/uploads\/2022\/11\/20160415_100923.jpg\" alt=\"\" width=\"350\" height=\"197\" \/><img loading=\"lazy\" decoding=\"async\" class=\"alignnone wp-image-758\" src=\"https:\/\/sval.vn\/wp-content\/uploads\/2022\/11\/20160415_100957.jpg\" sizes=\"(max-width: 639px) 100vw, 639px\" srcset=\"https:\/\/sval.vn\/wp-content\/uploads\/2022\/11\/20160415_100957.jpg 682w, https:\/\/sval.vn\/wp-content\/uploads\/2022\/11\/20160415_100957-600x338.jpg 600w\" alt=\"\" width=\"639\" height=\"360\" \/><\/p>\n<p><img loading=\"lazy\" decoding=\"async\" class=\"alignnone size-full wp-image-759\" src=\"https:\/\/sval.vn\/wp-content\/uploads\/2022\/11\/20160416_100011.jpg\" sizes=\"(max-width: 682px) 100vw, 682px\" srcset=\"https:\/\/sval.vn\/wp-content\/uploads\/2022\/11\/20160416_100011.jpg 682w, https:\/\/sval.vn\/wp-content\/uploads\/2022\/11\/20160416_100011-600x338.jpg 600w\" alt=\"\" width=\"682\" height=\"384\" \/><\/p>\n<p><strong>T\u00ecnh tr\u1ea1ng<\/strong>:<\/p>\n<p>Cung c\u1ea5p nhi\u1ec1u van nh\u01b0ng 1 van b\u1ecb hunting.<\/p>\n<p><img loading=\"lazy\" decoding=\"async\" class=\"alignnone size-medium wp-image-750\" src=\"https:\/\/sval.vn\/wp-content\/uploads\/2022\/11\/T%C3%ACnh-tr%E1%BA%A1ng-DR-%C4%90S%C4%90-363x400.png\" sizes=\"(max-width: 363px) 100vw, 363px\" srcset=\"https:\/\/sval.vn\/wp-content\/uploads\/2022\/11\/T\u00ecnh-tr\u1ea1ng-DR-\u0110S\u0110-363x400.png 363w, https:\/\/sval.vn\/wp-content\/uploads\/2022\/11\/T\u00ecnh-tr\u1ea1ng-DR-\u0110S\u0110.png 543w\" alt=\"\" width=\"363\" height=\"400\" \/><\/p>\n<p><strong>Sval th\u1ef1c hi\u1ec7n:<\/strong><\/p>\n<ul>\n<li>Ki\u1ec3m tra t\u1ea1i hi\u1ec7n tr\u01b0\u1eddng, c\u00f3 hi\u1ec7n t\u01b0\u1ee3ng hunting, thay \u0111\u1ed5i th\u1eed c\u00e1c c\u00e0i \u0111\u1eb7t deadband v\u00e0 hysterisys tr\u00ean menu c\u1ee7a actuator \u0111i\u1ec7n, ki\u1ec3m tra nhi\u1ec5u c\u00e1p t\u00edn hi\u1ec7u =&gt; kh\u00f4ng c\u1ea3i thi\u1ec7n t\u00ecnh tr\u1ea1ng hunting;<\/li>\n<li>\u0110\u1eb7t h\u00e0ng main board m\u1edbi, h\u00e3ng sang thay main board v\u00e0 feedback encoder m\u1edbi, tuy nhi\u00ean sau m\u1ed9t th\u1eddi gian, hi\u1ec7n t\u01b0\u1ee3ng hunting v\u1eabn x\u1ea3y ra nh\u01b0 tr\u01b0\u1edbc;<\/li>\n<li>\u0110\u1eb7t h\u00e0ng actuator m\u1edbi, Sval thay actuator m\u1edbi t\u1ea1i hi\u1ec7n tr\u01b0\u1eddng =&gt; van ho\u1ea1t \u0111\u1ed9ng l\u1ea1i nh\u01b0 b\u00ecnh th\u01b0\u1eddng.<\/li>\n<\/ul>\n<p><img loading=\"lazy\" decoding=\"async\" class=\"alignnone size-medium wp-image-751\" src=\"https:\/\/sval.vn\/wp-content\/uploads\/2022\/11\/Th%E1%BB%B1c-hi%E1%BB%87n-DR-%C4%90S%C4%90-637x400.png\" sizes=\"(max-width: 637px) 100vw, 637px\" srcset=\"https:\/\/sval.vn\/wp-content\/uploads\/2022\/11\/Th\u1ef1c-hi\u1ec7n-DR-\u0110S\u0110-637x400.png 637w, https:\/\/sval.vn\/wp-content\/uploads\/2022\/11\/Th\u1ef1c-hi\u1ec7n-DR-\u0110S\u0110-768x482.png 768w, https:\/\/sval.vn\/wp-content\/uploads\/2022\/11\/Th\u1ef1c-hi\u1ec7n-DR-\u0110S\u0110-600x377.png 600w, https:\/\/sval.vn\/wp-content\/uploads\/2022\/11\/Th\u1ef1c-hi\u1ec7n-DR-\u0110S\u0110.png 1153w\" alt=\"\" width=\"637\" height=\"400\" \/><img loading=\"lazy\" decoding=\"async\" class=\"alignnone size-medium wp-image-752\" src=\"https:\/\/sval.vn\/wp-content\/uploads\/2022\/11\/TT2-%C4%90S%C4%90-491x400.png\" sizes=\"(max-width: 491px) 100vw, 491px\" srcset=\"https:\/\/sval.vn\/wp-content\/uploads\/2022\/11\/TT2-\u0110S\u0110-491x400.png 491w, https:\/\/sval.vn\/wp-content\/uploads\/2022\/11\/TT2-\u0110S\u0110-768x626.png 768w, https:\/\/sval.vn\/wp-content\/uploads\/2022\/11\/TT2-\u0110S\u0110-600x489.png 600w, https:\/\/sval.vn\/wp-content\/uploads\/2022\/11\/TT2-\u0110S\u0110.png 795w\" alt=\"\" width=\"491\" height=\"400\" \/><\/p>\n<p><strong>\u0110\u00e1nh gi\u00e1<\/strong>:<\/p>\n<p>\u0110\u00e1nh gi\u00e1: hi\u1ec7n t\u01b0\u1ee3ng hunting c\u00f3 th\u1ec3 xu\u1ea5t ph\u00e1t t\u1eeb \u0111\u1ed9ng c\u01a1 (servo motor) m\u1eb7c d\u00f9 v\u1ec1 l\u00fd thuy\u1ebft th\u00ec h\u1ea7u nh\u01b0 c\u00e1c hi\u1ec7n t\u01b0\u1ee3ng hunting ch\u1ee7 y\u1ebfu l\u00e0 do main board \/ encoder, nh\u01b0ng tr\u01b0\u1eddng h\u1ee3p n\u00e0y l\u1ea1i kh\u00f4ng ph\u1ea3i.","protected":false},"excerpt":{"rendered":"<p>Th\u00f4ng tin:\u00a0 Mark1 Class #1500 1\u201d d\u00f9ng cho gi\u1ea3m \u00f4n c\u1ee7a h\u1ec7 th\u1ed1ng l\u00f2 h\u01a1i nh\u00e0 m\u00e1y \u0111i\u1ec7n, s\u1eed d\u1ee5ng Actuator \u0111i\u1ec7n v\u1edbi t\u00edn hi\u1ec7u \u0111i\u1ec1u khi\u1ec3n 4-20mA. T\u00ecnh tr\u1ea1ng: Cung c\u1ea5p nhi\u1ec1u van nh\u01b0ng 1 van b\u1ecb hunting. Sval th\u1ef1c hi\u1ec7n: Ki\u1ec3m tra t\u1ea1i hi\u1ec7n tr\u01b0\u1eddng, c\u00f3 hi\u1ec7n t\u01b0\u1ee3ng hunting, thay \u0111\u1ed5i th\u1eed c\u00e1c [&#8230;]\n","protected":false},"featured_media":759,"template":"","meta":[],"product_cat":[82],"product_tag":[195,196,70,193,192],"class_list":{"0":"post-1014","1":"product","2":"type-product","3":"status-publish","4":"has-post-thumbnail","6":"product_cat-nanglucdichvu","7":"product_tag-1500-","8":"product_tag-son-dong-","9":"product_tag-sval","10":"product_tag-193","11":"product_tag-192","13":"first","14":"instock","15":"shipping-taxable","16":"product-type-simple"},"_links":{"self":[{"href":"https:\/\/sval.vn\/vi\/wp-json\/wp\/v2\/product\/1014"}],"collection":[{"href":"https:\/\/sval.vn\/vi\/wp-json\/wp\/v2\/product"}],"about":[{"href":"https:\/\/sval.vn\/vi\/wp-json\/wp\/v2\/types\/product"}],"wp:featuredmedia":[{"embeddable":true,"href":"https:\/\/sval.vn\/vi\/wp-json\/wp\/v2\/media\/759"}],"wp:attachment":[{"href":"https:\/\/sval.vn\/vi\/wp-json\/wp\/v2\/media?parent=1014"}],"wp:term":[{"taxonomy":"product_cat","embeddable":true,"href":"https:\/\/sval.vn\/vi\/wp-json\/wp\/v2\/product_cat?post=1014"},{"taxonomy":"product_tag","embeddable":true,"href":"https:\/\/sval.vn\/vi\/wp-json\/wp\/v2\/product_tag?post=1014"}],"curies":[{"name":"wp","href":"https:\/\/api.w.org\/{rel}","templated":true}]}}