{"id":1012,"date":"2023-07-06T08:43:38","date_gmt":"2023-07-06T08:43:38","guid":{"rendered":"https:\/\/sval.vn\/?post_type=product&#038;p=1012"},"modified":"2024-03-26T01:31:46","modified_gmt":"2024-03-26T01:31:46","slug":"korean-mark-one-angle%eb%b0%b8%eb%b8%8c-%ec%88%98%eb%a6%ac-vietso-petro","status":"publish","type":"product","link":"https:\/\/sval.vn\/vi\/san-pham\/korean-mark-one-angle%eb%b0%b8%eb%b8%8c-%ec%88%98%eb%a6%ac-vietso-petro\/","title":{"rendered":"S\u1eeda van Mark One Angle \u2013 Vietso Petro"},"content":{"rendered":"<strong>Th\u00f4ng tin:<\/strong><\/p>\n<p>Van Mark One Angle.<\/p>\n<p><strong>T\u00ecnh tr\u1ea1ng:<\/strong><\/p>\n<p>Th\u00e2n van b\u1ecb th\u1ee7ng, TRIM b\u1ecb r\u1ed7.<\/p>\n<p><img loading=\"lazy\" decoding=\"async\" class=\"alignnone size-full wp-image-834\" src=\"https:\/\/sval.vn\/wp-content\/uploads\/2023\/02\/Screenshot-2023-02-23-145718.png\" alt=\"\" width=\"260\" height=\"345\" \/><img loading=\"lazy\" decoding=\"async\" class=\"alignnone size-full wp-image-835\" src=\"https:\/\/sval.vn\/wp-content\/uploads\/2023\/02\/Screenshot-2023-02-23-145740.png\" alt=\"\" width=\"440\" height=\"276\" \/><\/p>\n<p>&nbsp;<\/p>\n<p><strong>SVAL th\u1ef1c hi\u1ec7n:<\/strong><\/p>\n<p>Ti\u1ebfn h\u00e0nh th\u00e1o ra ki\u1ec3m tra van s\u1eeda ch\u1eefa;<\/p>\n<p>H\u00e0n v\u00e0 gia c\u00f4ng l\u1ea1i th\u00e2n van v\u00e0 c\u00e1c b\u1ed9 ph\u1eadn;<\/p>\n<p>Ki\u1ec3m tra sau khi s\u1eeda ch\u1eefa theo FCI 70-2.","protected":false},"excerpt":{"rendered":"<p>Th\u00f4ng tin: Van Mark One Angle. T\u00ecnh tr\u1ea1ng: Th\u00e2n van b\u1ecb th\u1ee7ng, TRIM b\u1ecb r\u1ed7. &nbsp; SVAL th\u1ef1c hi\u1ec7n: Ti\u1ebfn h\u00e0nh th\u00e1o ra ki\u1ec3m tra van s\u1eeda ch\u1eefa; H\u00e0n v\u00e0 gia c\u00f4ng l\u1ea1i th\u00e2n van v\u00e0 c\u00e1c b\u1ed9 ph\u1eadn; Ki\u1ec3m tra sau khi s\u1eeda ch\u1eefa theo FCI 70-2.<\/p>\n","protected":false},"featured_media":834,"template":"","meta":[],"product_cat":[82],"product_tag":[120,70,121],"class_list":{"0":"post-1012","1":"product","2":"type-product","3":"status-publish","4":"has-post-thumbnail","6":"product_cat-nanglucdichvu","7":"product_tag-mark-1-angle","8":"product_tag-sval","9":"product_tag-vietso-petro","11":"first","12":"instock","13":"shipping-taxable","14":"product-type-simple"},"_links":{"self":[{"href":"https:\/\/sval.vn\/vi\/wp-json\/wp\/v2\/product\/1012"}],"collection":[{"href":"https:\/\/sval.vn\/vi\/wp-json\/wp\/v2\/product"}],"about":[{"href":"https:\/\/sval.vn\/vi\/wp-json\/wp\/v2\/types\/product"}],"wp:featuredmedia":[{"embeddable":true,"href":"https:\/\/sval.vn\/vi\/wp-json\/wp\/v2\/media\/834"}],"wp:attachment":[{"href":"https:\/\/sval.vn\/vi\/wp-json\/wp\/v2\/media?parent=1012"}],"wp:term":[{"taxonomy":"product_cat","embeddable":true,"href":"https:\/\/sval.vn\/vi\/wp-json\/wp\/v2\/product_cat?post=1012"},{"taxonomy":"product_tag","embeddable":true,"href":"https:\/\/sval.vn\/vi\/wp-json\/wp\/v2\/product_tag?post=1012"}],"curies":[{"name":"wp","href":"https:\/\/api.w.org\/{rel}","templated":true}]}}