{"id":90,"date":"2013-08-11T19:06:15","date_gmt":"2013-08-11T19:06:15","guid":{"rendered":"http:\/\/localhost:8888\/test\/?page_id=520"},"modified":"2024-10-16T06:52:26","modified_gmt":"2024-10-16T06:52:26","slug":"about","status":"publish","type":"page","link":"https:\/\/sval.vn\/vi\/","title":{"rendered":"V\u1ec1 ch\u00fang t\u00f4i"},"content":{"rendered":"<h1 class=\"entry-title\">H\u01a1n 20 n\u0103m kinh nghi\u1ec7m v\u1ec1 Van \u0110i\u1ec1u khi\u1ec3n<\/h1>\n<h1 class=\"entry-title\"><\/h1>\n<p><strong>1. S\u01a1 l\u01b0\u1ee3c v\u1ec1 SVAL<\/strong><\/p>\n<p>SVAL \u0111\u01b0\u1ee3c th\u00e0nh l\u1eadp v\u00e0 d\u1eabn d\u1eaft b\u1edfi Mr. Tu\u1ea5n Ph\u1ea1m, m\u1ed9t trong nh\u1eefng ng\u01b0\u1eddi \u0111i \u0111\u1ea7u \u1edf Vi\u1ec7t Nam trong l\u0129nh v\u1ef1c van \u0111i\u1ec1u khi\u1ec3n, v\u1edbi c\u00e1c kinh nghi\u1ec7m c\u01a1 b\u1ea3n nh\u01b0 d\u01b0\u1edbi \u0111\u00e2y:<\/p>\n<ul>\n<li>T\u1eeb n\u0103m 1997 \u0111\u1ebfn 2004: Mr. Tu\u1ea5n Ph\u1ea1m c\u00f9ng c\u00e1c \u0111\u1ed3ng nghi\u1ec7p m\u1edf c\u00f4ng ty tri\u1ec3n khai ho\u1ea1t \u0111\u1ed9ng b\u00e1n c\u00e1c thi\u1ebft b\u1ecb t\u1ef1 \u0111\u1ed9ng h\u00f3a trong nh\u00e0 m\u00e1y c\u00f4ng nghi\u1ec7p, trong \u0111\u00f3 c\u00f3 d\u00f2ng s\u1ea3n ph\u1ea9m quan tr\u1ecdng l\u00e0 Fisher Control Valve, m\u1ed9t trong nh\u1eefng h\u00e3ng van \u0111i\u1ec1u khi\u1ec3n l\u1edbn nh\u1ea5t th\u1ebf gi\u1edbi. Trong th\u1eddi gian n\u00e0y, nhi\u1ec1u nh\u00e0 m\u00e1y \u0111\u00e3 \u0111\u01b0\u1ee3c l\u1eafp m\u1edbi th\u00e0nh c\u00f4ng s\u1eed d\u1ee5ng van \u0111i\u1ec1u khi\u1ec3n Fisher.<\/li>\n<li>T\u1eeb n\u0103m 2005 \u0111\u1ebfn 2010: C\u00f4ng ty tr\u1edf th\u00e0nh \u0111\u1ea1i l\u00fd ch\u00ednh th\u1ee9c c\u1ee7a Emerson Process Management, trong \u0111\u00f3 c\u00f3 s\u1ea3n ph\u1ea9m Fisher Control Valve, Fisher Regulator, Regulating Skid, v.v.<\/li>\n<li>N\u0103m 2010: Emerson Vietnam \u0111\u01b0\u1ee3c th\u00e0nh l\u1eadp, c\u00f4ng ty chuy\u1ec3n sang b\u00e1n nhi\u1ec1u s\u1ea3n ph\u1ea9m thi\u1ebft b\u1ecb cho c\u00e1c d\u1ef1 \u00e1n trong l\u0129nh v\u1ef1c d\u1ea7u kh\u00ed, \u0111i\u1ec7n l\u1ef1c.<\/li>\n<li>N\u0103m 2011: C\u00f4ng ty b\u1eaft \u0111\u1ea7u l\u00e0m \u0111\u1ea1i l\u00fd cho Flowserve \/ Valtek, l\u00e0 m\u1ed9t trong top 3 nh\u00e0 s\u1ea3n xu\u1ea5t van \u0111i\u1ec1u khi\u1ec3n l\u1edbn nh\u1ea5t th\u1ebf gi\u1edbi. Song song v\u1edbi vi\u1ec7c l\u00e0m \u0111\u1ea1i l\u00fd cho m\u1ed9t s\u1ed1 h\u00e3ng thi\u1ebft b\u1ecb kh\u00e1c v\u00e0 b\u00e1n h\u00e0ng trong l\u0129nh v\u1ef1c d\u1ea7u kh\u00ed, \u0111i\u1ec7n l\u1ef1c, h\u00f3a ch\u1ea5t, v.v.<\/li>\n<li>N\u0103m 2017: Mr. Tu\u1ea5n Ph\u1ea1m sau khi nghi\u00ean c\u1ee9u v\u00e0 l\u00e0m th\u1eed nhi\u1ec1u d\u1ea1ng van \u0111i\u1ec1u khi\u1ec3n, \u0111\u00e3 l\u1eadp ra SVAL, ch\u1ec9 t\u1eadp trung v\u00e0o vi\u1ec7c b\u00e1n s\u1ea3n ph\u1ea9m van \u0111i\u1ec1u khi\u1ec3n v\u00e0 c\u00e1c lo\u1ea1i van \u0111\u1eb7c ch\u1ee7ng kh\u00e1c, v\u00e0 ti\u1ebfp t\u1ee5c l\u00e0m \u0111\u1ea1i l\u00fd cho Flowserve \/ Valtek.<\/li>\n<\/ul>\n<p><strong style=\"color: #555555; font-size: 14.4px;\">2. S\u1ea3n ph\u1ea9m<\/strong><\/p>\n<ul>\n<li>Van \u0111i\u1ec1u khi\u1ec3n: s\u1eed d\u1ee5ng trong c\u00e1c nh\u00e0 m\u00e1y s\u1ea3n xu\u1ea5t qu\u00e1 tr\u00ecnh (process control)<\/li>\n<li>C\u00e1c lo\u1ea1i van \u0111\u1eb7c ch\u1ee7ng kh\u00e1c trong c\u00f4ng nghi\u1ec7p<\/li>\n<li>C\u00e1c d\u1ecbch v\u1ee5 k\u1ef9 thu\u1eadt chuy\u00ean s\u00e2u nh\u01b0 thi\u1ebft k\u1ebf h\u1ec7 th\u1ed1ng van, l\u1eafp r\u00e1p van, s\u1eeda ch\u1eefa van, test van theo c\u00e1c quy chu\u1ea9n qu\u1ed1c t\u1ebf (ANSI, API)<\/li>\n<\/ul>\n<p><strong>Kh\u00e1ch h\u00e0ng: SVAL v\u1edbi s\u1ef1 t\u1eadp trung tri\u1ec3n khai s\u1ea3n ph\u1ea9m van, \u0111\u00e3 \u0111i s\u00e2u v\u00e0 n\u1eafm b\u1eaft s\u00e2u t\u00ecnh h\u00ecnh s\u1eed d\u1ee5ng c\u00e1c lo\u1ea1i van trong h\u1ea7u h\u1ebft c\u00e1c nh\u00e0 m\u00e1y \u1edf c\u00e1c ng\u00e0nh c\u00f4ng nghi\u1ec7p quan tr\u1ecdng nh\u01b0:<\/strong><\/p>\n<ul>\n<li>Khai th\u00e1c d\u1ea7u kh\u00ed<\/li>\n<li>L\u1ecdc h\u00f3a d\u1ea7u<\/li>\n<li>Nh\u00e0 m\u00e1y \u0111i\u1ec7n<\/li>\n<li>Nh\u00e0 m\u00e1y h\u00f3a ch\u1ea5t, h\u00f3a ch\u1ea5t \u0111\u1ea1m<\/li>\n<li>Nh\u00e0 m\u00e1y nh\u1ef1a<\/li>\n<li>V\u00e0 c\u00e1c nh\u00e0 m\u00e1y c\u00f4ng nghi\u1ec7p kh\u00e1c<\/li>\n<\/ul>\n<p><strong style=\"color: #555555; font-size: 14.4px;\">3. N\u0103ng l\u1ef1c c\u1ed1t l\u00f5i \/ kh\u00e1c bi\u1ec7t c\u01a1 b\u1ea3n<\/strong><\/p>\n<ul>\n<li>\u0110\u1ed9i ng\u0169 SVAL c\u00f3 kinh nghi\u1ec7m v\u1ec1 van \u0111i\u1ec1u khi\u1ec3n v\u00e0 c\u00e1c lo\u1ea1i van \u0111\u1eb7c ch\u1ee7ng kh\u00e1c trong h\u01a1n 20 n\u0103m, \u0111\u00e3 l\u1eafp \u0111\u1eb7t, v\u1eadn h\u00e0nh, ch\u1ea1y th\u1eed v\u00e0 x\u1eed l\u00fd k\u1ef9 thu\u1eadt r\u1ea5t nhi\u1ec1u lo\u1ea1i van trong c\u00e1c ng\u00e0nh c\u00f4ng nghi\u1ec7p, \u0111\u01b0\u1ee3c l\u1eafp \u0111\u1eb7t r\u1ea3i r\u00e1c \u1edf kh\u1eafp n\u01a1i trong n\u01b0\u1edbc Vi\u1ec7t Nam v\u00e0 v\u00e0i n\u01b0\u1edbc khu v\u1ef1c.<\/li>\n<li>\u0110\u1ed9i ng\u0169 SVAL c\u00f3 n\u0103ng l\u1ef1c thi\u1ebft k\u1ebf, sizing van \u0111i\u1ec1u khi\u1ec3n, SDV, Regulator, c\u00e1c lo\u1ea1i van th\u1edf, van an to\u00e0n, c\u00e1c van theo \u1ee9ng d\u1ee5ng \u0111\u1eb7c th\u00f9 nh\u01b0 van gi\u1ea3m \u00f4n (desuperheater), van c\u1ea5p n\u01b0\u1edbc l\u00f2 h\u01a1i (boiler feed), c\u00e1c \u201cservere service valve\u201d kh\u00e1c, v.v.<\/li>\n<li>\u0110\u1eb7c bi\u1ec7t, \u0111\u1ed9i ng\u0169 SVAL \u0111\u00e3 t\u1eebng x\u1eed l\u00fd k\u1ef9 thu\u1eadt v\u00e0 thay th\u1ebf nhi\u1ec1u van cho c\u00e1c nh\u00e0 m\u00e1y t\u1ea1i kh\u1eafp c\u00e1c ng\u00e0nh c\u00f4ng nghi\u1ec7p trong n\u01b0\u1edbc, s\u1eeda ch\u1eefa v\u00e0 x\u1eed l\u00fd kh\u1ea9n c\u1ea5p c\u00e1c v\u1ea5n \u0111\u1ec1 k\u1ef9 thu\u1eadt cho kh\u00e1ch h\u00e0ng ch\u1ee7 \u0111\u1ea7u t\u01b0 v\u00e0 c\u00e1c t\u1ed5ng th\u1ea7u trong v\u00e0 ngo\u00e0i n\u01b0\u1edbc.<\/li>\n<li>Nh\u00e2n s\u1ef1 SVAL c\u0169ng \u0111\u01b0\u1ee3c \u0111\u00e0o t\u1ea1o h\u00e0ng n\u0103m b\u1edfi nh\u00e0 s\u1ea3n xu\u1ea5t (\u0111\u01b0\u1ee3c c\u1ea5p ch\u1ee9ng ch\u1ec9 \u0111\u00e0o t\u1ea1o) c\u0169ng nh\u01b0 c\u00f3 kinh nghi\u1ec7m l\u00e2u n\u0103m trong vi\u1ec7c l\u00e0m vi\u1ec7c v\u1edbi c\u00e1c lo\u1ea1i van \u0111i\u1ec1u khi\u1ec3n kh\u00e1c nhau, c\u00f3 kh\u1ea3 n\u0103ng x\u1eed l\u00fd k\u1ef9 thu\u1eadt v\u1edbi ti\u00eau chu\u1ea9n ch\u1ea5t l\u01b0\u1ee3ng cao, \u00e1p d\u1ee5ng c\u00e1c chu\u1ea9n qu\u1ed1c t\u1ebf v\u1ec1 van nh\u01b0 FCI-70.2, API598, v.v.<\/li>\n<li>SVAL c\u0169ng trang b\u1ecb x\u01b0\u1edfng s\u1eeda ch\u1eefa chuy\u00ean nghi\u1ec7p v\u00e0 c\u00e1c d\u1ee5ng c\u1ee5 chuy\u00ean bi\u1ec7t t\u1ea1i H\u00e0 N\u1ed9i v\u00e0 th\u00e0nh ph\u1ed1 H\u1ed3 Ch\u00ed Minh cho l\u0129nh v\u1ef1c x\u1eed l\u00fd k\u1ef9 thu\u1eadt v\u00e0 ki\u1ec3m tra (test) van nh\u01b0: m\u00e1y r\u00e0, m\u00e1y test van\u2026 v\u00e0 c\u00e1c d\u1ee5ng c\u1ee5 \u0111\u1eb7c ch\u1ee7ng kh\u00e1c.<\/li>\n<\/ul>","protected":false},"excerpt":{"rendered":"<p>H\u01a1n 20 n\u0103m kinh nghi\u1ec7m v\u1ec1 Van \u0110i\u1ec1u khi\u1ec3n 1. S\u01a1 l\u01b0\u1ee3c v\u1ec1 SVAL SVAL \u0111\u01b0\u1ee3c th\u00e0nh l\u1eadp v\u00e0 d\u1eabn d\u1eaft b\u1edfi Mr. Tu\u1ea5n Ph\u1ea1m, m\u1ed9t trong nh\u1eefng ng\u01b0\u1eddi \u0111i \u0111\u1ea7u \u1edf Vi\u1ec7t Nam trong l\u0129nh v\u1ef1c van \u0111i\u1ec1u khi\u1ec3n, v\u1edbi c\u00e1c kinh nghi\u1ec7m c\u01a1 b\u1ea3n nh\u01b0 d\u01b0\u1edbi \u0111\u00e2y: T\u1eeb n\u0103m 1997 \u0111\u1ebfn 2004: Mr. [&#8230;]\n","protected":false},"author":1,"featured_media":595,"parent":0,"menu_order":0,"comment_status":"closed","ping_status":"closed","template":"page-blank-title-center.php","meta":{"footnotes":""},"class_list":["post-90","page","type-page","status-publish","has-post-thumbnail","hentry"],"_links":{"self":[{"href":"https:\/\/sval.vn\/vi\/wp-json\/wp\/v2\/pages\/90"}],"collection":[{"href":"https:\/\/sval.vn\/vi\/wp-json\/wp\/v2\/pages"}],"about":[{"href":"https:\/\/sval.vn\/vi\/wp-json\/wp\/v2\/types\/page"}],"author":[{"embeddable":true,"href":"https:\/\/sval.vn\/vi\/wp-json\/wp\/v2\/users\/1"}],"replies":[{"embeddable":true,"href":"https:\/\/sval.vn\/vi\/wp-json\/wp\/v2\/comments?post=90"}],"version-history":[{"count":37,"href":"https:\/\/sval.vn\/vi\/wp-json\/wp\/v2\/pages\/90\/revisions"}],"predecessor-version":[{"id":1761,"href":"https:\/\/sval.vn\/vi\/wp-json\/wp\/v2\/pages\/90\/revisions\/1761"}],"wp:featuredmedia":[{"embeddable":true,"href":"https:\/\/sval.vn\/vi\/wp-json\/wp\/v2\/media\/595"}],"wp:attachment":[{"href":"https:\/\/sval.vn\/vi\/wp-json\/wp\/v2\/media?parent=90"}],"curies":[{"name":"wp","href":"https:\/\/api.w.org\/{rel}","templated":true}]}}